{"id":940,"date":"2024-08-04T13:46:18","date_gmt":"2024-08-04T13:46:18","guid":{"rendered":"https:\/\/innou.eu\/?page_id=940"},"modified":"2024-09-16T09:28:13","modified_gmt":"2024-09-16T09:28:13","slug":"proyectos-graficos","status":"publish","type":"page","link":"https:\/\/innou.eu\/en\/proyectos-graficos\/","title":{"rendered":"Graphic projects"},"content":{"rendered":"<div data-elementor-type=\"wp-page\" data-elementor-id=\"940\" class=\"elementor elementor-940\" data-elementor-post-type=\"page\">\n\t\t\t\t<div class=\"elementor-element elementor-element-163fde6 e-flex e-con-boxed e-con e-parent\" data-id=\"163fde6\" data-element_type=\"container\">\n\t\t\t\t\t<div class=\"e-con-inner\">\n\t\t\t\t<div class=\"elementor-element elementor-element-751e520 elementor-widget-divider--view-line elementor-widget elementor-widget-divider\" data-id=\"751e520\" data-element_type=\"widget\" data-widget_type=\"divider.default\">\n\t\t\t\t<div class=\"elementor-widget-container\">\n\t\t\t\t\t\t\t<div class=\"elementor-divider\">\n\t\t\t<span class=\"elementor-divider-separator\">\n\t\t\t\t\t\t<\/span>\n\t\t<\/div>\n\t\t\t\t\t\t<\/div>\n\t\t\t\t<\/div>\n\t\t\t\t\t<\/div>\n\t\t\t\t<\/div>\n\t\t<div class=\"elementor-element elementor-element-53ab187 e-flex e-con-boxed e-con e-parent\" data-id=\"53ab187\" data-element_type=\"container\">\n\t\t\t\t\t<div class=\"e-con-inner\">\n\t\t\t\t<div class=\"elementor-element elementor-element-c4336f2 elementor-widget elementor-widget-heading\" data-id=\"c4336f2\" data-element_type=\"widget\" data-widget_type=\"heading.default\">\n\t\t\t\t<div class=\"elementor-widget-container\">\n\t\t\t\t\t<h2 class=\"elementor-heading-title elementor-size-default\">Our projects in graphic design and branding\n<\/h2>\t\t\t\t<\/div>\n\t\t\t\t<\/div>\n\t\t\t\t<div class=\"elementor-element elementor-element-c11b74a elementor-widget elementor-widget-text-editor\" data-id=\"c11b74a\" data-element_type=\"widget\" data-widget_type=\"text-editor.default\">\n\t\t\t\t<div class=\"elementor-widget-container\">\n\t\t\t\t\t\t\t\t\t<p><span style=\"font-weight: 400;\">Discover how our graphic projects strengthen brand identity. From logos to promotional materials, we work to create impactful visual designs that effectively communicate the brand message.<\/span><\/p>\t\t\t\t\t\t\t\t<\/div>\n\t\t\t\t<\/div>\n\t\t\t\t\t<\/div>\n\t\t\t\t<\/div>\n\t\t<div class=\"elementor-element elementor-element-3271e35 e-flex e-con-boxed e-con e-parent\" data-id=\"3271e35\" data-element_type=\"container\">\n\t\t\t\t\t<div class=\"e-con-inner\">\n\t\t\t\t<div class=\"elementor-element elementor-element-7e01109 elementor-grid-5 elementor-grid-tablet-2 elementor-grid-mobile-1 elementor-widget elementor-widget-portfolio\" data-id=\"7e01109\" data-element_type=\"widget\" data-settings=\"{&quot;columns&quot;:&quot;5&quot;,&quot;item_ratio&quot;:{&quot;unit&quot;:&quot;px&quot;,&quot;size&quot;:0.88,&quot;sizes&quot;:[]},&quot;row_gap&quot;:{&quot;unit&quot;:&quot;px&quot;,&quot;size&quot;:5,&quot;sizes&quot;:[]},&quot;columns_tablet&quot;:&quot;2&quot;,&quot;columns_mobile&quot;:&quot;1&quot;,&quot;item_gap&quot;:{&quot;unit&quot;:&quot;px&quot;,&quot;size&quot;:&quot;&quot;,&quot;sizes&quot;:[]}}\" data-widget_type=\"portfolio.default\">\n\t\t\t\t<div class=\"elementor-widget-container\">\n\t\t\t\t\t\t\t<div class=\"elementor-portfolio elementor-grid elementor-posts-container\">\n\t\t\t\t<article class=\"elementor-portfolio-item elementor-post elementor-filter-19 elementor-filter-10 elementor-filter-8 post-125 post type-post status-publish format-standard has-post-thumbnail hentry category-diseno-de-packaging category-diseno-de-producto category-diseno-grafico-y-web\">\n\t\t\t<a class=\"elementor-post__thumbnail__link\" href=\"https:\/\/innou.eu\/en\/carbi\/\">\n\t\t\t\t<div class=\"elementor-portfolio-item__img elementor-post__thumbnail\">\n\t\t\t<img fetchpriority=\"high\" decoding=\"async\" width=\"1500\" height=\"1000\" src=\"https:\/\/innou.eu\/wp-content\/uploads\/2024\/08\/Carbi18087_LR.jpg\" class=\"attachment-full size-full wp-image-114\" alt=\"\" srcset=\"https:\/\/innou.eu\/wp-content\/uploads\/2024\/08\/Carbi18087_LR.jpg 1500w, https:\/\/innou.eu\/wp-content\/uploads\/2024\/08\/Carbi18087_LR-300x200.jpg 300w, https:\/\/innou.eu\/wp-content\/uploads\/2024\/08\/Carbi18087_LR-1024x683.jpg 1024w, https:\/\/innou.eu\/wp-content\/uploads\/2024\/08\/Carbi18087_LR-768x512.jpg 768w, https:\/\/innou.eu\/wp-content\/uploads\/2024\/08\/Carbi18087_LR-930x620.jpg 930w\" sizes=\"(max-width: 1500px) 100vw, 1500px\" \/>\t\t<\/div>\n\t\t\t\t<div class=\"elementor-portfolio-item__overlay\">\n\t\t\t\t<h3 class=\"elementor-portfolio-item__title\">\n\t\tCarby\t\t<\/h3>\n\t\t\t\t<\/div>\n\t\t\t\t<\/a>\n\t\t<\/article>\n\t\t\t\t<article class=\"elementor-portfolio-item elementor-post elementor-filter-19 elementor-filter-10 elementor-filter-8 post-686 post type-post status-publish format-standard has-post-thumbnail hentry category-diseno-de-packaging category-diseno-de-producto category-diseno-grafico-y-web\">\n\t\t\t<a class=\"elementor-post__thumbnail__link\" href=\"https:\/\/innou.eu\/en\/pocketpiano\/\">\n\t\t\t\t<div class=\"elementor-portfolio-item__img elementor-post__thumbnail\">\n\t\t\t<img decoding=\"async\" width=\"1771\" height=\"1144\" src=\"https:\/\/innou.eu\/wp-content\/uploads\/2024\/08\/MODULS-PACKAGING-BOSSA_Editada_compressed.jpg\" class=\"attachment-full size-full wp-image-694\" alt=\"\" srcset=\"https:\/\/innou.eu\/wp-content\/uploads\/2024\/08\/MODULS-PACKAGING-BOSSA_Editada_compressed.jpg 1771w, https:\/\/innou.eu\/wp-content\/uploads\/2024\/08\/MODULS-PACKAGING-BOSSA_Editada_compressed-300x194.jpg 300w, https:\/\/innou.eu\/wp-content\/uploads\/2024\/08\/MODULS-PACKAGING-BOSSA_Editada_compressed-1024x661.jpg 1024w, https:\/\/innou.eu\/wp-content\/uploads\/2024\/08\/MODULS-PACKAGING-BOSSA_Editada_compressed-768x496.jpg 768w, https:\/\/innou.eu\/wp-content\/uploads\/2024\/08\/MODULS-PACKAGING-BOSSA_Editada_compressed-1536x992.jpg 1536w\" sizes=\"(max-width: 1771px) 100vw, 1771px\" \/>\t\t<\/div>\n\t\t\t\t<div class=\"elementor-portfolio-item__overlay\">\n\t\t\t\t<h3 class=\"elementor-portfolio-item__title\">\n\t\tPocketPiano\t\t<\/h3>\n\t\t\t\t<\/div>\n\t\t\t\t<\/a>\n\t\t<\/article>\n\t\t\t\t<article class=\"elementor-portfolio-item elementor-post elementor-filter-8 post-949 post type-post status-publish format-standard has-post-thumbnail hentry category-diseno-grafico-y-web\">\n\t\t\t<a class=\"elementor-post__thumbnail__link\" href=\"https:\/\/innou.eu\/en\/diseno-catalogo-inesa\/\">\n\t\t\t\t<div class=\"elementor-portfolio-item__img elementor-post__thumbnail\">\n\t\t\t<img decoding=\"async\" width=\"700\" height=\"467\" src=\"https:\/\/innou.eu\/wp-content\/uploads\/2024\/08\/Mockup-1-2-700x467-1.jpg\" class=\"attachment-full size-full wp-image-952\" alt=\"\" srcset=\"https:\/\/innou.eu\/wp-content\/uploads\/2024\/08\/Mockup-1-2-700x467-1.jpg 700w, https:\/\/innou.eu\/wp-content\/uploads\/2024\/08\/Mockup-1-2-700x467-1-300x200.jpg 300w\" sizes=\"(max-width: 700px) 100vw, 700px\" \/>\t\t<\/div>\n\t\t\t\t<div class=\"elementor-portfolio-item__overlay\">\n\t\t\t\t<h3 class=\"elementor-portfolio-item__title\">\n\t\tInesa catalogue design\t\t<\/h3>\n\t\t\t\t<\/div>\n\t\t\t\t<\/a>\n\t\t<\/article>\n\t\t\t\t<\/div>\n\t\t\t\t\t\t<\/div>\n\t\t\t\t<\/div>\n\t\t\t\t\t<\/div>\n\t\t\t\t<\/div>\n\t\t\t\t<\/div>","protected":false},"excerpt":{"rendered":"<p>Our graphic design and branding projects Discover how our graphic projects strengthen brand identity. From logos to promotional materials, we work to create striking visual designs that effectively communicate the brand message.<\/p>","protected":false},"author":1,"featured_media":0,"parent":0,"menu_order":0,"comment_status":"closed","ping_status":"closed","template":"page-templates\/template-pagebuilder-full-width.php","meta":{"_acf_changed":false,"neve_meta_sidebar":"","neve_meta_container":"","neve_meta_enable_content_width":"off","neve_meta_content_width":100,"neve_meta_title_alignment":"","neve_meta_author_avatar":"","neve_post_elements_order":"","neve_meta_disable_header":"","neve_meta_disable_footer":"","neve_meta_disable_title":"","footnotes":""},"class_list":["post-940","page","type-page","status-publish","hentry"],"acf":[],"yoast_head":"<!-- This site is optimized with the Yoast SEO plugin v26.7 - https:\/\/yoast.com\/wordpress\/plugins\/seo\/ -->\n<title>Proyectos gr\u00e1ficos - Innou<\/title>\n<meta name=\"robots\" content=\"index, follow, max-snippet:-1, max-image-preview:large, max-video-preview:-1\" \/>\n<link rel=\"canonical\" href=\"https:\/\/innou.eu\/en\/proyectos-graficos\/\" \/>\n<meta property=\"og:locale\" content=\"en_GB\" \/>\n<meta property=\"og:type\" content=\"article\" \/>\n<meta property=\"og:title\" content=\"Proyectos gr\u00e1ficos - Innou\" \/>\n<meta property=\"og:description\" content=\"Nuestros proyectos en dise\u00f1o gr\u00e1fico y branding Descubre c\u00f3mo nuestros proyectos gr\u00e1ficos fortalecen la identidad de marca. Desde logotipos hasta materiales promocionales, trabajamos para crear dise\u00f1os visuales impactantes que comunican eficazmente el mensaje de la marca.\" \/>\n<meta property=\"og:url\" content=\"https:\/\/innou.eu\/en\/proyectos-graficos\/\" \/>\n<meta property=\"og:site_name\" content=\"Innou\" \/>\n<meta property=\"article:modified_time\" content=\"2024-09-16T09:28:13+00:00\" \/>\n<meta name=\"twitter:card\" content=\"summary_large_image\" \/>\n<script type=\"application\/ld+json\" class=\"yoast-schema-graph\">{\"@context\":\"https:\/\/schema.org\",\"@graph\":[{\"@type\":\"WebPage\",\"@id\":\"https:\/\/innou.eu\/proyectos-graficos\/\",\"url\":\"https:\/\/innou.eu\/proyectos-graficos\/\",\"name\":\"Proyectos gr\u00e1ficos - Innou\",\"isPartOf\":{\"@id\":\"https:\/\/innou.eu\/#website\"},\"datePublished\":\"2024-08-04T13:46:18+00:00\",\"dateModified\":\"2024-09-16T09:28:13+00:00\",\"breadcrumb\":{\"@id\":\"https:\/\/innou.eu\/proyectos-graficos\/#breadcrumb\"},\"inLanguage\":\"en-GB\",\"potentialAction\":[{\"@type\":\"ReadAction\",\"target\":[\"https:\/\/innou.eu\/proyectos-graficos\/\"]}]},{\"@type\":\"BreadcrumbList\",\"@id\":\"https:\/\/innou.eu\/proyectos-graficos\/#breadcrumb\",\"itemListElement\":[{\"@type\":\"ListItem\",\"position\":1,\"name\":\"Portada\",\"item\":\"https:\/\/innou.eu\/\"},{\"@type\":\"ListItem\",\"position\":2,\"name\":\"Proyectos gr\u00e1ficos\"}]},{\"@type\":\"WebSite\",\"@id\":\"https:\/\/innou.eu\/#website\",\"url\":\"https:\/\/innou.eu\/\",\"name\":\"Innou\",\"description\":\"\",\"potentialAction\":[{\"@type\":\"SearchAction\",\"target\":{\"@type\":\"EntryPoint\",\"urlTemplate\":\"https:\/\/innou.eu\/?s={search_term_string}\"},\"query-input\":{\"@type\":\"PropertyValueSpecification\",\"valueRequired\":true,\"valueName\":\"search_term_string\"}}],\"inLanguage\":\"en-GB\"}]}<\/script>\n<!-- \/ Yoast SEO plugin. -->","yoast_head_json":{"title":"Graphic projects - Innou","robots":{"index":"index","follow":"follow","max-snippet":"max-snippet:-1","max-image-preview":"max-image-preview:large","max-video-preview":"max-video-preview:-1"},"canonical":"https:\/\/innou.eu\/en\/proyectos-graficos\/","og_locale":"en_GB","og_type":"article","og_title":"Proyectos gr\u00e1ficos - Innou","og_description":"Nuestros proyectos en dise\u00f1o gr\u00e1fico y branding Descubre c\u00f3mo nuestros proyectos gr\u00e1ficos fortalecen la identidad de marca. Desde logotipos hasta materiales promocionales, trabajamos para crear dise\u00f1os visuales impactantes que comunican eficazmente el mensaje de la marca.","og_url":"https:\/\/innou.eu\/en\/proyectos-graficos\/","og_site_name":"Innou","article_modified_time":"2024-09-16T09:28:13+00:00","twitter_card":"summary_large_image","schema":{"@context":"https:\/\/schema.org","@graph":[{"@type":"WebPage","@id":"https:\/\/innou.eu\/proyectos-graficos\/","url":"https:\/\/innou.eu\/proyectos-graficos\/","name":"Graphic projects - Innou","isPartOf":{"@id":"https:\/\/innou.eu\/#website"},"datePublished":"2024-08-04T13:46:18+00:00","dateModified":"2024-09-16T09:28:13+00:00","breadcrumb":{"@id":"https:\/\/innou.eu\/proyectos-graficos\/#breadcrumb"},"inLanguage":"en-GB","potentialAction":[{"@type":"ReadAction","target":["https:\/\/innou.eu\/proyectos-graficos\/"]}]},{"@type":"BreadcrumbList","@id":"https:\/\/innou.eu\/proyectos-graficos\/#breadcrumb","itemListElement":[{"@type":"ListItem","position":1,"name":"Portada","item":"https:\/\/innou.eu\/"},{"@type":"ListItem","position":2,"name":"Proyectos gr\u00e1ficos"}]},{"@type":"WebSite","@id":"https:\/\/innou.eu\/#website","url":"https:\/\/innou.eu\/","name":"Innou","description":"","potentialAction":[{"@type":"SearchAction","target":{"@type":"EntryPoint","urlTemplate":"https:\/\/innou.eu\/?s={search_term_string}"},"query-input":{"@type":"PropertyValueSpecification","valueRequired":true,"valueName":"search_term_string"}}],"inLanguage":"en-GB"}]}},"_links":{"self":[{"href":"https:\/\/innou.eu\/en\/wp-json\/wp\/v2\/pages\/940","targetHints":{"allow":["GET"]}}],"collection":[{"href":"https:\/\/innou.eu\/en\/wp-json\/wp\/v2\/pages"}],"about":[{"href":"https:\/\/innou.eu\/en\/wp-json\/wp\/v2\/types\/page"}],"author":[{"embeddable":true,"href":"https:\/\/innou.eu\/en\/wp-json\/wp\/v2\/users\/1"}],"replies":[{"embeddable":true,"href":"https:\/\/innou.eu\/en\/wp-json\/wp\/v2\/comments?post=940"}],"version-history":[{"count":10,"href":"https:\/\/innou.eu\/en\/wp-json\/wp\/v2\/pages\/940\/revisions"}],"predecessor-version":[{"id":1327,"href":"https:\/\/innou.eu\/en\/wp-json\/wp\/v2\/pages\/940\/revisions\/1327"}],"wp:attachment":[{"href":"https:\/\/innou.eu\/en\/wp-json\/wp\/v2\/media?parent=940"}],"curies":[{"name":"wp","href":"https:\/\/api.w.org\/{rel}","templated":true}]}}