{"id":924,"date":"2024-08-04T13:44:56","date_gmt":"2024-08-04T13:44:56","guid":{"rendered":"https:\/\/innou.eu\/?page_id=924"},"modified":"2024-09-18T09:08:41","modified_gmt":"2024-09-18T09:08:41","slug":"proyectos-de-impresion-3d","status":"publish","type":"page","link":"https:\/\/innou.eu\/en\/proyectos-de-impresion-3d\/","title":{"rendered":"3D printing projects"},"content":{"rendered":"<div data-elementor-type=\"wp-page\" data-elementor-id=\"924\" class=\"elementor elementor-924\" data-elementor-post-type=\"page\">\n\t\t\t\t<div class=\"elementor-element elementor-element-163fde6 e-flex e-con-boxed e-con e-parent\" data-id=\"163fde6\" data-element_type=\"container\">\n\t\t\t\t\t<div class=\"e-con-inner\">\n\t\t\t\t<div class=\"elementor-element elementor-element-751e520 elementor-widget-divider--view-line elementor-widget elementor-widget-divider\" data-id=\"751e520\" data-element_type=\"widget\" data-widget_type=\"divider.default\">\n\t\t\t\t<div class=\"elementor-widget-container\">\n\t\t\t\t\t\t\t<div class=\"elementor-divider\">\n\t\t\t<span class=\"elementor-divider-separator\">\n\t\t\t\t\t\t<\/span>\n\t\t<\/div>\n\t\t\t\t\t\t<\/div>\n\t\t\t\t<\/div>\n\t\t\t\t\t<\/div>\n\t\t\t\t<\/div>\n\t\t<div class=\"elementor-element elementor-element-53ab187 e-flex e-con-boxed e-con e-parent\" data-id=\"53ab187\" data-element_type=\"container\">\n\t\t\t\t\t<div class=\"e-con-inner\">\n\t\t\t\t<div class=\"elementor-element elementor-element-c4336f2 elementor-widget elementor-widget-heading\" data-id=\"c4336f2\" data-element_type=\"widget\" data-widget_type=\"heading.default\">\n\t\t\t\t<div class=\"elementor-widget-container\">\n\t\t\t\t\t<h2 class=\"elementor-heading-title elementor-size-default\">Our 3D printing and prototyping projects\n<\/h2>\t\t\t\t<\/div>\n\t\t\t\t<\/div>\n\t\t\t\t<div class=\"elementor-element elementor-element-c11b74a elementor-widget elementor-widget-text-editor\" data-id=\"c11b74a\" data-element_type=\"widget\" data-widget_type=\"text-editor.default\">\n\t\t\t\t<div class=\"elementor-widget-container\">\n\t\t\t\t\t\t\t\t\t<p><span style=\"font-weight: 400;\">Check out our 3D printing projects, where technology meets creativity. From rapid prototypes to final parts, each project demonstrates our ability to materialize ideas with precision and efficiency.\u00a0\u00a0<\/span><\/p>\t\t\t\t\t\t\t\t<\/div>\n\t\t\t\t<\/div>\n\t\t\t\t\t<\/div>\n\t\t\t\t<\/div>\n\t\t<div class=\"elementor-element elementor-element-3271e35 e-flex e-con-boxed e-con e-parent\" data-id=\"3271e35\" data-element_type=\"container\">\n\t\t\t\t\t<div class=\"e-con-inner\">\n\t\t\t\t<div class=\"elementor-element elementor-element-7e01109 elementor-grid-5 elementor-grid-tablet-2 elementor-grid-mobile-1 elementor-widget elementor-widget-portfolio\" data-id=\"7e01109\" data-element_type=\"widget\" data-settings=\"{&quot;columns&quot;:&quot;5&quot;,&quot;item_ratio&quot;:{&quot;unit&quot;:&quot;px&quot;,&quot;size&quot;:0.88,&quot;sizes&quot;:[]},&quot;row_gap&quot;:{&quot;unit&quot;:&quot;px&quot;,&quot;size&quot;:5,&quot;sizes&quot;:[]},&quot;columns_tablet&quot;:&quot;2&quot;,&quot;columns_mobile&quot;:&quot;1&quot;,&quot;item_gap&quot;:{&quot;unit&quot;:&quot;px&quot;,&quot;size&quot;:&quot;&quot;,&quot;sizes&quot;:[]}}\" data-widget_type=\"portfolio.default\">\n\t\t\t\t<div class=\"elementor-widget-container\">\n\t\t\t\t\t\t\t<div class=\"elementor-portfolio elementor-grid elementor-posts-container\">\n\t\t\t\t<article class=\"elementor-portfolio-item elementor-post elementor-filter-10 elementor-filter-20 post-112 post type-post status-publish format-standard has-post-thumbnail hentry category-diseno-de-producto category-impresion-3d\">\n\t\t\t<a class=\"elementor-post__thumbnail__link\" href=\"https:\/\/innou.eu\/en\/aerodam-360o\/\">\n\t\t\t\t<div class=\"elementor-portfolio-item__img elementor-post__thumbnail\">\n\t\t\t<img fetchpriority=\"high\" decoding=\"async\" width=\"1200\" height=\"800\" src=\"https:\/\/innou.eu\/wp-content\/uploads\/2024\/08\/Aerodam_00.jpg\" class=\"attachment-full size-full wp-image-113\" alt=\"\" srcset=\"https:\/\/innou.eu\/wp-content\/uploads\/2024\/08\/Aerodam_00.jpg 1200w, https:\/\/innou.eu\/wp-content\/uploads\/2024\/08\/Aerodam_00-300x200.jpg 300w, https:\/\/innou.eu\/wp-content\/uploads\/2024\/08\/Aerodam_00-1024x683.jpg 1024w, https:\/\/innou.eu\/wp-content\/uploads\/2024\/08\/Aerodam_00-768x512.jpg 768w, https:\/\/innou.eu\/wp-content\/uploads\/2024\/08\/Aerodam_00-930x620.jpg 930w\" sizes=\"(max-width: 1200px) 100vw, 1200px\" \/>\t\t<\/div>\n\t\t\t\t<div class=\"elementor-portfolio-item__overlay\">\n\t\t\t\t<h3 class=\"elementor-portfolio-item__title\">\n\t\tAerodam 360\u00ba\t\t<\/h3>\n\t\t\t\t<\/div>\n\t\t\t\t<\/a>\n\t\t<\/article>\n\t\t\t\t<article class=\"elementor-portfolio-item elementor-post elementor-filter-10 elementor-filter-20 post-140 post type-post status-publish format-standard has-post-thumbnail hentry category-diseno-de-producto category-impresion-3d\">\n\t\t\t<a class=\"elementor-post__thumbnail__link\" href=\"https:\/\/innou.eu\/en\/tous-modelado-3d-y-prototipado\/\">\n\t\t\t\t<div class=\"elementor-portfolio-item__img elementor-post__thumbnail\">\n\t\t\t<img decoding=\"async\" width=\"2072\" height=\"1381\" src=\"https:\/\/innou.eu\/wp-content\/uploads\/2024\/08\/editada.jpg\" class=\"attachment-full size-full wp-image-115\" alt=\"\" srcset=\"https:\/\/innou.eu\/wp-content\/uploads\/2024\/08\/editada.jpg 2072w, https:\/\/innou.eu\/wp-content\/uploads\/2024\/08\/editada-300x200.jpg 300w, https:\/\/innou.eu\/wp-content\/uploads\/2024\/08\/editada-1024x683.jpg 1024w, https:\/\/innou.eu\/wp-content\/uploads\/2024\/08\/editada-768x512.jpg 768w, https:\/\/innou.eu\/wp-content\/uploads\/2024\/08\/editada-1536x1024.jpg 1536w, https:\/\/innou.eu\/wp-content\/uploads\/2024\/08\/editada-2048x1365.jpg 2048w, https:\/\/innou.eu\/wp-content\/uploads\/2024\/08\/editada-930x620.jpg 930w\" sizes=\"(max-width: 2072px) 100vw, 2072px\" \/>\t\t<\/div>\n\t\t\t\t<div class=\"elementor-portfolio-item__overlay\">\n\t\t\t\t<h3 class=\"elementor-portfolio-item__title\">\n\t\tTous \u2013 3D Modeling and Prototyping\t\t<\/h3>\n\t\t\t\t<\/div>\n\t\t\t\t<\/a>\n\t\t<\/article>\n\t\t\t\t<article class=\"elementor-portfolio-item elementor-post elementor-filter-10 elementor-filter-20 post-990 post type-post status-publish format-standard has-post-thumbnail hentry category-diseno-de-producto category-impresion-3d\">\n\t\t\t<a class=\"elementor-post__thumbnail__link\" href=\"https:\/\/innou.eu\/en\/desarrollo-de-prototipos-vit-sls\/\">\n\t\t\t\t<div class=\"elementor-portfolio-item__img elementor-post__thumbnail\">\n\t\t\t<img decoding=\"async\" width=\"700\" height=\"467\" src=\"https:\/\/innou.eu\/wp-content\/uploads\/2024\/08\/Natural1983-VERD_mod-e1587033647316-700x467-1.jpg\" class=\"attachment-full size-full wp-image-998\" alt=\"\" srcset=\"https:\/\/innou.eu\/wp-content\/uploads\/2024\/08\/Natural1983-VERD_mod-e1587033647316-700x467-1.jpg 700w, https:\/\/innou.eu\/wp-content\/uploads\/2024\/08\/Natural1983-VERD_mod-e1587033647316-700x467-1-300x200.jpg 300w\" sizes=\"(max-width: 700px) 100vw, 700px\" \/>\t\t<\/div>\n\t\t\t\t<div class=\"elementor-portfolio-item__overlay\">\n\t\t\t\t<h3 class=\"elementor-portfolio-item__title\">\n\t\tVIT SLS Prototype Development\t\t<\/h3>\n\t\t\t\t<\/div>\n\t\t\t\t<\/a>\n\t\t<\/article>\n\t\t\t\t<article class=\"elementor-portfolio-item elementor-post elementor-filter-10 elementor-filter-20 post-975 post type-post status-publish format-standard has-post-thumbnail hentry category-diseno-de-producto category-impresion-3d\">\n\t\t\t<a class=\"elementor-post__thumbnail__link\" href=\"https:\/\/innou.eu\/en\/impresion-3d-toodle-dolls\/\">\n\t\t\t\t<div class=\"elementor-portfolio-item__img elementor-post__thumbnail\">\n\t\t\t<img loading=\"lazy\" decoding=\"async\" width=\"800\" height=\"600\" src=\"https:\/\/innou.eu\/wp-content\/uploads\/2024\/08\/IMG_8083-800x600-1.jpg\" class=\"attachment-full size-full wp-image-988\" alt=\"\" srcset=\"https:\/\/innou.eu\/wp-content\/uploads\/2024\/08\/IMG_8083-800x600-1.jpg 800w, https:\/\/innou.eu\/wp-content\/uploads\/2024\/08\/IMG_8083-800x600-1-300x225.jpg 300w, https:\/\/innou.eu\/wp-content\/uploads\/2024\/08\/IMG_8083-800x600-1-768x576.jpg 768w\" sizes=\"(max-width: 800px) 100vw, 800px\" \/>\t\t<\/div>\n\t\t\t\t<div class=\"elementor-portfolio-item__overlay\">\n\t\t\t\t<h3 class=\"elementor-portfolio-item__title\">\n\t\t3D Printing Toodle Dolls\t\t<\/h3>\n\t\t\t\t<\/div>\n\t\t\t\t<\/a>\n\t\t<\/article>\n\t\t\t\t<article class=\"elementor-portfolio-item elementor-post elementor-filter-20 elementor-filter-9 post-1083 post type-post status-publish format-standard has-post-thumbnail hentry category-impresion-3d category-interiorismo\">\n\t\t\t<a class=\"elementor-post__thumbnail__link\" href=\"https:\/\/innou.eu\/en\/nike-madrid-3d-print\/\">\n\t\t\t\t<div class=\"elementor-portfolio-item__img elementor-post__thumbnail\">\n\t\t\t<img loading=\"lazy\" decoding=\"async\" width=\"700\" height=\"467\" src=\"https:\/\/innou.eu\/wp-content\/uploads\/2024\/08\/Ho13_NSW_SneakerBoots_London_lanscape_001-700x467-1.jpg\" class=\"attachment-full size-full wp-image-1084\" alt=\"\" srcset=\"https:\/\/innou.eu\/wp-content\/uploads\/2024\/08\/Ho13_NSW_SneakerBoots_London_lanscape_001-700x467-1.jpg 700w, https:\/\/innou.eu\/wp-content\/uploads\/2024\/08\/Ho13_NSW_SneakerBoots_London_lanscape_001-700x467-1-300x200.jpg 300w\" sizes=\"(max-width: 700px) 100vw, 700px\" \/>\t\t<\/div>\n\t\t\t\t<div class=\"elementor-portfolio-item__overlay\">\n\t\t\t\t<h3 class=\"elementor-portfolio-item__title\">\n\t\tNike Madrid 3D Print\t\t<\/h3>\n\t\t\t\t<\/div>\n\t\t\t\t<\/a>\n\t\t<\/article>\n\t\t\t\t<\/div>\n\t\t\t\t\t\t<\/div>\n\t\t\t\t<\/div>\n\t\t\t\t\t<\/div>\n\t\t\t\t<\/div>\n\t\t\t\t<\/div>","protected":false},"excerpt":{"rendered":"<p>Our 3D printing and prototyping projects Learn about our 3D printing projects, where technology meets creativity. From rapid prototypes to final parts, each project demonstrates our ability to materialize ideas with precision and efficiency.\u00a0\u00a0<\/p>","protected":false},"author":1,"featured_media":0,"parent":0,"menu_order":0,"comment_status":"closed","ping_status":"closed","template":"page-templates\/template-pagebuilder-full-width.php","meta":{"_acf_changed":false,"neve_meta_sidebar":"","neve_meta_container":"","neve_meta_enable_content_width":"off","neve_meta_content_width":100,"neve_meta_title_alignment":"","neve_meta_author_avatar":"","neve_post_elements_order":"","neve_meta_disable_header":"","neve_meta_disable_footer":"","neve_meta_disable_title":"","footnotes":""},"class_list":["post-924","page","type-page","status-publish","hentry"],"acf":[],"yoast_head":"<!-- This site is optimized with the Yoast SEO plugin v26.7 - https:\/\/yoast.com\/wordpress\/plugins\/seo\/ -->\n<title>Proyectos de impresi\u00f3n 3D - Innou<\/title>\n<meta name=\"robots\" content=\"index, follow, max-snippet:-1, max-image-preview:large, max-video-preview:-1\" \/>\n<link rel=\"canonical\" href=\"https:\/\/innou.eu\/en\/proyectos-de-impresion-3d\/\" \/>\n<meta property=\"og:locale\" content=\"en_GB\" \/>\n<meta property=\"og:type\" content=\"article\" \/>\n<meta property=\"og:title\" content=\"Proyectos de impresi\u00f3n 3D - Innou\" \/>\n<meta property=\"og:description\" content=\"Nuestros proyectos de impresi\u00f3n 3D y prototipos Conoce nuestros proyectos de impresi\u00f3n 3D, donde la tecnolog\u00eda se une a la creatividad. Desde prototipos r\u00e1pidos hasta piezas finales, cada proyecto demuestra nuestra capacidad para materializar ideas con precisi\u00f3n y eficiencia.\u00a0\u00a0\" \/>\n<meta property=\"og:url\" content=\"https:\/\/innou.eu\/en\/proyectos-de-impresion-3d\/\" \/>\n<meta property=\"og:site_name\" content=\"Innou\" \/>\n<meta property=\"article:modified_time\" content=\"2024-09-18T09:08:41+00:00\" \/>\n<meta name=\"twitter:card\" content=\"summary_large_image\" \/>\n<script type=\"application\/ld+json\" class=\"yoast-schema-graph\">{\"@context\":\"https:\/\/schema.org\",\"@graph\":[{\"@type\":\"WebPage\",\"@id\":\"https:\/\/innou.eu\/proyectos-de-impresion-3d\/\",\"url\":\"https:\/\/innou.eu\/proyectos-de-impresion-3d\/\",\"name\":\"Proyectos de impresi\u00f3n 3D - Innou\",\"isPartOf\":{\"@id\":\"https:\/\/innou.eu\/#website\"},\"datePublished\":\"2024-08-04T13:44:56+00:00\",\"dateModified\":\"2024-09-18T09:08:41+00:00\",\"breadcrumb\":{\"@id\":\"https:\/\/innou.eu\/proyectos-de-impresion-3d\/#breadcrumb\"},\"inLanguage\":\"en-GB\",\"potentialAction\":[{\"@type\":\"ReadAction\",\"target\":[\"https:\/\/innou.eu\/proyectos-de-impresion-3d\/\"]}]},{\"@type\":\"BreadcrumbList\",\"@id\":\"https:\/\/innou.eu\/proyectos-de-impresion-3d\/#breadcrumb\",\"itemListElement\":[{\"@type\":\"ListItem\",\"position\":1,\"name\":\"Portada\",\"item\":\"https:\/\/innou.eu\/\"},{\"@type\":\"ListItem\",\"position\":2,\"name\":\"Proyectos de impresi\u00f3n 3D\"}]},{\"@type\":\"WebSite\",\"@id\":\"https:\/\/innou.eu\/#website\",\"url\":\"https:\/\/innou.eu\/\",\"name\":\"Innou\",\"description\":\"\",\"potentialAction\":[{\"@type\":\"SearchAction\",\"target\":{\"@type\":\"EntryPoint\",\"urlTemplate\":\"https:\/\/innou.eu\/?s={search_term_string}\"},\"query-input\":{\"@type\":\"PropertyValueSpecification\",\"valueRequired\":true,\"valueName\":\"search_term_string\"}}],\"inLanguage\":\"en-GB\"}]}<\/script>\n<!-- \/ Yoast SEO plugin. -->","yoast_head_json":{"title":"Proyectos de impresi\u00f3n 3D - Innou","robots":{"index":"index","follow":"follow","max-snippet":"max-snippet:-1","max-image-preview":"max-image-preview:large","max-video-preview":"max-video-preview:-1"},"canonical":"https:\/\/innou.eu\/en\/proyectos-de-impresion-3d\/","og_locale":"en_GB","og_type":"article","og_title":"Proyectos de impresi\u00f3n 3D - Innou","og_description":"Nuestros proyectos de impresi\u00f3n 3D y prototipos Conoce nuestros proyectos de impresi\u00f3n 3D, donde la tecnolog\u00eda se une a la creatividad. Desde prototipos r\u00e1pidos hasta piezas finales, cada proyecto demuestra nuestra capacidad para materializar ideas con precisi\u00f3n y eficiencia.\u00a0\u00a0","og_url":"https:\/\/innou.eu\/en\/proyectos-de-impresion-3d\/","og_site_name":"Innou","article_modified_time":"2024-09-18T09:08:41+00:00","twitter_card":"summary_large_image","schema":{"@context":"https:\/\/schema.org","@graph":[{"@type":"WebPage","@id":"https:\/\/innou.eu\/proyectos-de-impresion-3d\/","url":"https:\/\/innou.eu\/proyectos-de-impresion-3d\/","name":"Proyectos de impresi\u00f3n 3D - Innou","isPartOf":{"@id":"https:\/\/innou.eu\/#website"},"datePublished":"2024-08-04T13:44:56+00:00","dateModified":"2024-09-18T09:08:41+00:00","breadcrumb":{"@id":"https:\/\/innou.eu\/proyectos-de-impresion-3d\/#breadcrumb"},"inLanguage":"en-GB","potentialAction":[{"@type":"ReadAction","target":["https:\/\/innou.eu\/proyectos-de-impresion-3d\/"]}]},{"@type":"BreadcrumbList","@id":"https:\/\/innou.eu\/proyectos-de-impresion-3d\/#breadcrumb","itemListElement":[{"@type":"ListItem","position":1,"name":"Portada","item":"https:\/\/innou.eu\/"},{"@type":"ListItem","position":2,"name":"Proyectos de impresi\u00f3n 3D"}]},{"@type":"WebSite","@id":"https:\/\/innou.eu\/#website","url":"https:\/\/innou.eu\/","name":"Innou","description":"","potentialAction":[{"@type":"SearchAction","target":{"@type":"EntryPoint","urlTemplate":"https:\/\/innou.eu\/?s={search_term_string}"},"query-input":{"@type":"PropertyValueSpecification","valueRequired":true,"valueName":"search_term_string"}}],"inLanguage":"en-GB"}]}},"_links":{"self":[{"href":"https:\/\/innou.eu\/en\/wp-json\/wp\/v2\/pages\/924","targetHints":{"allow":["GET"]}}],"collection":[{"href":"https:\/\/innou.eu\/en\/wp-json\/wp\/v2\/pages"}],"about":[{"href":"https:\/\/innou.eu\/en\/wp-json\/wp\/v2\/types\/page"}],"author":[{"embeddable":true,"href":"https:\/\/innou.eu\/en\/wp-json\/wp\/v2\/users\/1"}],"replies":[{"embeddable":true,"href":"https:\/\/innou.eu\/en\/wp-json\/wp\/v2\/comments?post=924"}],"version-history":[{"count":13,"href":"https:\/\/innou.eu\/en\/wp-json\/wp\/v2\/pages\/924\/revisions"}],"predecessor-version":[{"id":1357,"href":"https:\/\/innou.eu\/en\/wp-json\/wp\/v2\/pages\/924\/revisions\/1357"}],"wp:attachment":[{"href":"https:\/\/innou.eu\/en\/wp-json\/wp\/v2\/media?parent=924"}],"curies":[{"name":"wp","href":"https:\/\/api.w.org\/{rel}","templated":true}]}}