{"id":917,"date":"2024-08-04T13:43:05","date_gmt":"2024-08-04T13:43:05","guid":{"rendered":"https:\/\/innou.eu\/?page_id=917"},"modified":"2024-09-16T11:07:53","modified_gmt":"2024-09-16T11:07:53","slug":"proyectos-de-packaging","status":"publish","type":"page","link":"https:\/\/innou.eu\/en\/proyectos-de-packaging\/","title":{"rendered":"Packaging projects"},"content":{"rendered":"<div data-elementor-type=\"wp-page\" data-elementor-id=\"917\" class=\"elementor elementor-917\" data-elementor-post-type=\"page\">\n\t\t\t\t<div class=\"elementor-element elementor-element-163fde6 e-flex e-con-boxed e-con e-parent\" data-id=\"163fde6\" data-element_type=\"container\">\n\t\t\t\t\t<div class=\"e-con-inner\">\n\t\t\t\t<div class=\"elementor-element elementor-element-751e520 elementor-widget-divider--view-line elementor-widget elementor-widget-divider\" data-id=\"751e520\" data-element_type=\"widget\" data-widget_type=\"divider.default\">\n\t\t\t\t<div class=\"elementor-widget-container\">\n\t\t\t\t\t\t\t<div class=\"elementor-divider\">\n\t\t\t<span class=\"elementor-divider-separator\">\n\t\t\t\t\t\t<\/span>\n\t\t<\/div>\n\t\t\t\t\t\t<\/div>\n\t\t\t\t<\/div>\n\t\t\t\t\t<\/div>\n\t\t\t\t<\/div>\n\t\t<div class=\"elementor-element elementor-element-53ab187 e-flex e-con-boxed e-con e-parent\" data-id=\"53ab187\" data-element_type=\"container\">\n\t\t\t\t\t<div class=\"e-con-inner\">\n\t\t\t\t<div class=\"elementor-element elementor-element-c4336f2 elementor-widget elementor-widget-heading\" data-id=\"c4336f2\" data-element_type=\"widget\" data-widget_type=\"heading.default\">\n\t\t\t\t<div class=\"elementor-widget-container\">\n\t\t\t\t\t<h2 class=\"elementor-heading-title elementor-size-default\">Our packaging design projects <\/h2>\t\t\t\t<\/div>\n\t\t\t\t<\/div>\n\t\t\t\t<div class=\"elementor-element elementor-element-c11b74a elementor-widget elementor-widget-text-editor\" data-id=\"c11b74a\" data-element_type=\"widget\" data-widget_type=\"text-editor.default\">\n\t\t\t\t<div class=\"elementor-widget-container\">\n\t\t\t\t\t\t\t\t\t<p><span style=\"font-weight: 400;\">Our packaging designs make products stand out in the market. Our packaging projects combine aesthetics and functionality, using innovative materials to reflect the brand identity and attract consumers.<\/span><\/p>\t\t\t\t\t\t\t\t<\/div>\n\t\t\t\t<\/div>\n\t\t\t\t\t<\/div>\n\t\t\t\t<\/div>\n\t\t<div class=\"elementor-element elementor-element-3271e35 e-flex e-con-boxed e-con e-parent\" data-id=\"3271e35\" data-element_type=\"container\">\n\t\t\t\t\t<div class=\"e-con-inner\">\n\t\t\t\t<div class=\"elementor-element elementor-element-7e01109 elementor-grid-5 elementor-grid-tablet-2 elementor-grid-mobile-1 elementor-widget elementor-widget-portfolio\" data-id=\"7e01109\" data-element_type=\"widget\" data-settings=\"{&quot;columns&quot;:&quot;5&quot;,&quot;item_ratio&quot;:{&quot;unit&quot;:&quot;px&quot;,&quot;size&quot;:0.88,&quot;sizes&quot;:[]},&quot;row_gap&quot;:{&quot;unit&quot;:&quot;px&quot;,&quot;size&quot;:5,&quot;sizes&quot;:[]},&quot;columns_tablet&quot;:&quot;2&quot;,&quot;columns_mobile&quot;:&quot;1&quot;,&quot;item_gap&quot;:{&quot;unit&quot;:&quot;px&quot;,&quot;size&quot;:&quot;&quot;,&quot;sizes&quot;:[]}}\" data-widget_type=\"portfolio.default\">\n\t\t\t\t<div class=\"elementor-widget-container\">\n\t\t\t\t\t\t\t<div class=\"elementor-portfolio elementor-grid elementor-posts-container\">\n\t\t\t\t<article class=\"elementor-portfolio-item elementor-post elementor-filter-19 elementor-filter-10 elementor-filter-8 post-125 post type-post status-publish format-standard has-post-thumbnail hentry category-diseno-de-packaging category-diseno-de-producto category-diseno-grafico-y-web\">\n\t\t\t<a class=\"elementor-post__thumbnail__link\" href=\"https:\/\/innou.eu\/en\/carbi\/\">\n\t\t\t\t<div class=\"elementor-portfolio-item__img elementor-post__thumbnail\">\n\t\t\t<img fetchpriority=\"high\" decoding=\"async\" width=\"1500\" height=\"1000\" src=\"https:\/\/innou.eu\/wp-content\/uploads\/2024\/08\/Carbi18087_LR.jpg\" class=\"attachment-full size-full wp-image-114\" alt=\"\" srcset=\"https:\/\/innou.eu\/wp-content\/uploads\/2024\/08\/Carbi18087_LR.jpg 1500w, https:\/\/innou.eu\/wp-content\/uploads\/2024\/08\/Carbi18087_LR-300x200.jpg 300w, https:\/\/innou.eu\/wp-content\/uploads\/2024\/08\/Carbi18087_LR-1024x683.jpg 1024w, https:\/\/innou.eu\/wp-content\/uploads\/2024\/08\/Carbi18087_LR-768x512.jpg 768w, https:\/\/innou.eu\/wp-content\/uploads\/2024\/08\/Carbi18087_LR-930x620.jpg 930w\" sizes=\"(max-width: 1500px) 100vw, 1500px\" \/>\t\t<\/div>\n\t\t\t\t<div class=\"elementor-portfolio-item__overlay\">\n\t\t\t\t<h3 class=\"elementor-portfolio-item__title\">\n\t\tCarby\t\t<\/h3>\n\t\t\t\t<\/div>\n\t\t\t\t<\/a>\n\t\t<\/article>\n\t\t\t\t<article class=\"elementor-portfolio-item elementor-post elementor-filter-19 elementor-filter-10 elementor-filter-8 post-686 post type-post status-publish format-standard has-post-thumbnail hentry category-diseno-de-packaging category-diseno-de-producto category-diseno-grafico-y-web\">\n\t\t\t<a class=\"elementor-post__thumbnail__link\" href=\"https:\/\/innou.eu\/en\/pocketpiano\/\">\n\t\t\t\t<div class=\"elementor-portfolio-item__img elementor-post__thumbnail\">\n\t\t\t<img decoding=\"async\" width=\"1771\" height=\"1144\" src=\"https:\/\/innou.eu\/wp-content\/uploads\/2024\/08\/MODULS-PACKAGING-BOSSA_Editada_compressed.jpg\" class=\"attachment-full size-full wp-image-694\" alt=\"\" srcset=\"https:\/\/innou.eu\/wp-content\/uploads\/2024\/08\/MODULS-PACKAGING-BOSSA_Editada_compressed.jpg 1771w, https:\/\/innou.eu\/wp-content\/uploads\/2024\/08\/MODULS-PACKAGING-BOSSA_Editada_compressed-300x194.jpg 300w, https:\/\/innou.eu\/wp-content\/uploads\/2024\/08\/MODULS-PACKAGING-BOSSA_Editada_compressed-1024x661.jpg 1024w, https:\/\/innou.eu\/wp-content\/uploads\/2024\/08\/MODULS-PACKAGING-BOSSA_Editada_compressed-768x496.jpg 768w, https:\/\/innou.eu\/wp-content\/uploads\/2024\/08\/MODULS-PACKAGING-BOSSA_Editada_compressed-1536x992.jpg 1536w\" sizes=\"(max-width: 1771px) 100vw, 1771px\" \/>\t\t<\/div>\n\t\t\t\t<div class=\"elementor-portfolio-item__overlay\">\n\t\t\t\t<h3 class=\"elementor-portfolio-item__title\">\n\t\tPocketPiano\t\t<\/h3>\n\t\t\t\t<\/div>\n\t\t\t\t<\/a>\n\t\t<\/article>\n\t\t\t\t<article class=\"elementor-portfolio-item elementor-post elementor-filter-19 elementor-filter-10 post-1159 post type-post status-publish format-standard has-post-thumbnail hentry category-diseno-de-packaging category-diseno-de-producto\">\n\t\t\t<a class=\"elementor-post__thumbnail__link\" href=\"https:\/\/innou.eu\/en\/diseno-mordedores-chicco-packaging\/\">\n\t\t\t\t<div class=\"elementor-portfolio-item__img elementor-post__thumbnail\">\n\t\t\t<img decoding=\"async\" width=\"1800\" height=\"1273\" src=\"https:\/\/innou.eu\/wp-content\/uploads\/2024\/08\/packaging-3-packs-copy-e1588070275546.jpg\" class=\"attachment-full size-full wp-image-1161\" alt=\"\" srcset=\"https:\/\/innou.eu\/wp-content\/uploads\/2024\/08\/packaging-3-packs-copy-e1588070275546.jpg 1800w, https:\/\/innou.eu\/wp-content\/uploads\/2024\/08\/packaging-3-packs-copy-e1588070275546-300x212.jpg 300w, https:\/\/innou.eu\/wp-content\/uploads\/2024\/08\/packaging-3-packs-copy-e1588070275546-1024x724.jpg 1024w, https:\/\/innou.eu\/wp-content\/uploads\/2024\/08\/packaging-3-packs-copy-e1588070275546-768x543.jpg 768w, https:\/\/innou.eu\/wp-content\/uploads\/2024\/08\/packaging-3-packs-copy-e1588070275546-1536x1086.jpg 1536w\" sizes=\"(max-width: 1800px) 100vw, 1800px\" \/>\t\t<\/div>\n\t\t\t\t<div class=\"elementor-portfolio-item__overlay\">\n\t\t\t\t<h3 class=\"elementor-portfolio-item__title\">\n\t\tChicco Teethers Design + Packaging\t\t<\/h3>\n\t\t\t\t<\/div>\n\t\t\t\t<\/a>\n\t\t<\/article>\n\t\t\t\t<\/div>\n\t\t\t\t\t\t<\/div>\n\t\t\t\t<\/div>\n\t\t\t\t\t<\/div>\n\t\t\t\t<\/div>\n\t\t\t\t<\/div>","protected":false},"excerpt":{"rendered":"<p>Our packaging design projects Our packaging designs make products stand out in the market. Our packaging projects combine aesthetics and functionality, using innovative materials to reflect the brand identity and attract consumers.<\/p>","protected":false},"author":1,"featured_media":0,"parent":0,"menu_order":0,"comment_status":"closed","ping_status":"closed","template":"page-templates\/template-pagebuilder-full-width.php","meta":{"_acf_changed":false,"neve_meta_sidebar":"","neve_meta_container":"","neve_meta_enable_content_width":"off","neve_meta_content_width":100,"neve_meta_title_alignment":"","neve_meta_author_avatar":"","neve_post_elements_order":"","neve_meta_disable_header":"","neve_meta_disable_footer":"","neve_meta_disable_title":"","footnotes":""},"class_list":["post-917","page","type-page","status-publish","hentry"],"acf":[],"yoast_head":"<!-- This site is optimized with the Yoast SEO plugin v26.7 - https:\/\/yoast.com\/wordpress\/plugins\/seo\/ -->\n<title>Proyectos de packaging - Innou<\/title>\n<meta name=\"robots\" content=\"index, follow, max-snippet:-1, max-image-preview:large, max-video-preview:-1\" \/>\n<link rel=\"canonical\" href=\"https:\/\/innou.eu\/en\/proyectos-de-packaging\/\" \/>\n<meta property=\"og:locale\" content=\"en_GB\" \/>\n<meta property=\"og:type\" content=\"article\" \/>\n<meta property=\"og:title\" content=\"Proyectos de packaging - Innou\" \/>\n<meta property=\"og:description\" content=\"Nuestros proyectos de dise\u00f1o de packaging Nuestros dise\u00f1os de packaging hacen destacar a los productos en el mercado. Nuestros proyectos de embalaje combinan est\u00e9tica y funcionalidad, utilizando materiales innovadores para reflejar la identidad de la marca y atraer a los consumidores.\" \/>\n<meta property=\"og:url\" content=\"https:\/\/innou.eu\/en\/proyectos-de-packaging\/\" \/>\n<meta property=\"og:site_name\" content=\"Innou\" \/>\n<meta property=\"article:modified_time\" content=\"2024-09-16T11:07:53+00:00\" \/>\n<meta name=\"twitter:card\" content=\"summary_large_image\" \/>\n<script type=\"application\/ld+json\" class=\"yoast-schema-graph\">{\"@context\":\"https:\/\/schema.org\",\"@graph\":[{\"@type\":\"WebPage\",\"@id\":\"https:\/\/innou.eu\/proyectos-de-packaging\/\",\"url\":\"https:\/\/innou.eu\/proyectos-de-packaging\/\",\"name\":\"Proyectos de packaging - Innou\",\"isPartOf\":{\"@id\":\"https:\/\/innou.eu\/#website\"},\"datePublished\":\"2024-08-04T13:43:05+00:00\",\"dateModified\":\"2024-09-16T11:07:53+00:00\",\"breadcrumb\":{\"@id\":\"https:\/\/innou.eu\/proyectos-de-packaging\/#breadcrumb\"},\"inLanguage\":\"en-GB\",\"potentialAction\":[{\"@type\":\"ReadAction\",\"target\":[\"https:\/\/innou.eu\/proyectos-de-packaging\/\"]}]},{\"@type\":\"BreadcrumbList\",\"@id\":\"https:\/\/innou.eu\/proyectos-de-packaging\/#breadcrumb\",\"itemListElement\":[{\"@type\":\"ListItem\",\"position\":1,\"name\":\"Portada\",\"item\":\"https:\/\/innou.eu\/\"},{\"@type\":\"ListItem\",\"position\":2,\"name\":\"Proyectos de packaging\"}]},{\"@type\":\"WebSite\",\"@id\":\"https:\/\/innou.eu\/#website\",\"url\":\"https:\/\/innou.eu\/\",\"name\":\"Innou\",\"description\":\"\",\"potentialAction\":[{\"@type\":\"SearchAction\",\"target\":{\"@type\":\"EntryPoint\",\"urlTemplate\":\"https:\/\/innou.eu\/?s={search_term_string}\"},\"query-input\":{\"@type\":\"PropertyValueSpecification\",\"valueRequired\":true,\"valueName\":\"search_term_string\"}}],\"inLanguage\":\"en-GB\"}]}<\/script>\n<!-- \/ Yoast SEO plugin. -->","yoast_head_json":{"title":"Packaging projects - Innou","robots":{"index":"index","follow":"follow","max-snippet":"max-snippet:-1","max-image-preview":"max-image-preview:large","max-video-preview":"max-video-preview:-1"},"canonical":"https:\/\/innou.eu\/en\/proyectos-de-packaging\/","og_locale":"en_GB","og_type":"article","og_title":"Proyectos de packaging - Innou","og_description":"Nuestros proyectos de dise\u00f1o de packaging Nuestros dise\u00f1os de packaging hacen destacar a los productos en el mercado. Nuestros proyectos de embalaje combinan est\u00e9tica y funcionalidad, utilizando materiales innovadores para reflejar la identidad de la marca y atraer a los consumidores.","og_url":"https:\/\/innou.eu\/en\/proyectos-de-packaging\/","og_site_name":"Innou","article_modified_time":"2024-09-16T11:07:53+00:00","twitter_card":"summary_large_image","schema":{"@context":"https:\/\/schema.org","@graph":[{"@type":"WebPage","@id":"https:\/\/innou.eu\/proyectos-de-packaging\/","url":"https:\/\/innou.eu\/proyectos-de-packaging\/","name":"Packaging projects - Innou","isPartOf":{"@id":"https:\/\/innou.eu\/#website"},"datePublished":"2024-08-04T13:43:05+00:00","dateModified":"2024-09-16T11:07:53+00:00","breadcrumb":{"@id":"https:\/\/innou.eu\/proyectos-de-packaging\/#breadcrumb"},"inLanguage":"en-GB","potentialAction":[{"@type":"ReadAction","target":["https:\/\/innou.eu\/proyectos-de-packaging\/"]}]},{"@type":"BreadcrumbList","@id":"https:\/\/innou.eu\/proyectos-de-packaging\/#breadcrumb","itemListElement":[{"@type":"ListItem","position":1,"name":"Portada","item":"https:\/\/innou.eu\/"},{"@type":"ListItem","position":2,"name":"Proyectos de packaging"}]},{"@type":"WebSite","@id":"https:\/\/innou.eu\/#website","url":"https:\/\/innou.eu\/","name":"Innou","description":"","potentialAction":[{"@type":"SearchAction","target":{"@type":"EntryPoint","urlTemplate":"https:\/\/innou.eu\/?s={search_term_string}"},"query-input":{"@type":"PropertyValueSpecification","valueRequired":true,"valueName":"search_term_string"}}],"inLanguage":"en-GB"}]}},"_links":{"self":[{"href":"https:\/\/innou.eu\/en\/wp-json\/wp\/v2\/pages\/917","targetHints":{"allow":["GET"]}}],"collection":[{"href":"https:\/\/innou.eu\/en\/wp-json\/wp\/v2\/pages"}],"about":[{"href":"https:\/\/innou.eu\/en\/wp-json\/wp\/v2\/types\/page"}],"author":[{"embeddable":true,"href":"https:\/\/innou.eu\/en\/wp-json\/wp\/v2\/users\/1"}],"replies":[{"embeddable":true,"href":"https:\/\/innou.eu\/en\/wp-json\/wp\/v2\/comments?post=917"}],"version-history":[{"count":13,"href":"https:\/\/innou.eu\/en\/wp-json\/wp\/v2\/pages\/917\/revisions"}],"predecessor-version":[{"id":1333,"href":"https:\/\/innou.eu\/en\/wp-json\/wp\/v2\/pages\/917\/revisions\/1333"}],"wp:attachment":[{"href":"https:\/\/innou.eu\/en\/wp-json\/wp\/v2\/media?parent=917"}],"curies":[{"name":"wp","href":"https:\/\/api.w.org\/{rel}","templated":true}]}}