{"id":890,"date":"2024-08-04T13:37:38","date_gmt":"2024-08-04T13:37:38","guid":{"rendered":"https:\/\/innou.eu\/?page_id=890"},"modified":"2024-09-16T11:09:03","modified_gmt":"2024-09-16T11:09:03","slug":"proyectos-retail","status":"publish","type":"page","link":"https:\/\/innou.eu\/en\/proyectos-retail\/","title":{"rendered":"Retail projects"},"content":{"rendered":"<div data-elementor-type=\"wp-page\" data-elementor-id=\"890\" class=\"elementor elementor-890\" data-elementor-post-type=\"page\">\n\t\t\t\t<div class=\"elementor-element elementor-element-163fde6 e-flex e-con-boxed e-con e-parent\" data-id=\"163fde6\" data-element_type=\"container\">\n\t\t\t\t\t<div class=\"e-con-inner\">\n\t\t\t\t<div class=\"elementor-element elementor-element-751e520 elementor-widget-divider--view-line elementor-widget elementor-widget-divider\" data-id=\"751e520\" data-element_type=\"widget\" data-widget_type=\"divider.default\">\n\t\t\t\t<div class=\"elementor-widget-container\">\n\t\t\t\t\t\t\t<div class=\"elementor-divider\">\n\t\t\t<span class=\"elementor-divider-separator\">\n\t\t\t\t\t\t<\/span>\n\t\t<\/div>\n\t\t\t\t\t\t<\/div>\n\t\t\t\t<\/div>\n\t\t\t\t\t<\/div>\n\t\t\t\t<\/div>\n\t\t<div class=\"elementor-element elementor-element-53ab187 e-flex e-con-boxed e-con e-parent\" data-id=\"53ab187\" data-element_type=\"container\">\n\t\t\t\t\t<div class=\"e-con-inner\">\n\t\t\t\t<div class=\"elementor-element elementor-element-c4336f2 elementor-widget elementor-widget-heading\" data-id=\"c4336f2\" data-element_type=\"widget\" data-widget_type=\"heading.default\">\n\t\t\t\t<div class=\"elementor-widget-container\">\n\t\t\t\t\t<h2 class=\"elementor-heading-title elementor-size-default\">Our projects in 3D interior design and retail\n<\/h2>\t\t\t\t<\/div>\n\t\t\t\t<\/div>\n\t\t\t\t<div class=\"elementor-element elementor-element-c11b74a elementor-widget elementor-widget-text-editor\" data-id=\"c11b74a\" data-element_type=\"widget\" data-widget_type=\"text-editor.default\">\n\t\t\t\t<div class=\"elementor-widget-container\">\n\t\t\t\t\t\t\t\t\t<p><span style=\"font-weight: 400;\">Explore how we have transformed retail spaces into unique experiences. Our retail projects stand out for their innovative design and functionality, creating environments that capture the essence of the brand and enhance the customer experience.<\/span><\/p>\t\t\t\t\t\t\t\t<\/div>\n\t\t\t\t<\/div>\n\t\t\t\t\t<\/div>\n\t\t\t\t<\/div>\n\t\t<div class=\"elementor-element elementor-element-3271e35 e-flex e-con-boxed e-con e-parent\" data-id=\"3271e35\" data-element_type=\"container\">\n\t\t\t\t\t<div class=\"e-con-inner\">\n\t\t\t\t<div class=\"elementor-element elementor-element-7e01109 elementor-grid-5 elementor-grid-tablet-2 elementor-grid-mobile-1 elementor-widget elementor-widget-portfolio\" data-id=\"7e01109\" data-element_type=\"widget\" data-settings=\"{&quot;columns&quot;:&quot;5&quot;,&quot;item_ratio&quot;:{&quot;unit&quot;:&quot;px&quot;,&quot;size&quot;:0.88,&quot;sizes&quot;:[]},&quot;row_gap&quot;:{&quot;unit&quot;:&quot;px&quot;,&quot;size&quot;:5,&quot;sizes&quot;:[]},&quot;columns_tablet&quot;:&quot;2&quot;,&quot;columns_mobile&quot;:&quot;1&quot;,&quot;item_gap&quot;:{&quot;unit&quot;:&quot;px&quot;,&quot;size&quot;:&quot;&quot;,&quot;sizes&quot;:[]}}\" data-widget_type=\"portfolio.default\">\n\t\t\t\t<div class=\"elementor-widget-container\">\n\t\t\t\t\t\t\t<div class=\"elementor-portfolio elementor-grid elementor-posts-container\">\n\t\t\t\t<article class=\"elementor-portfolio-item elementor-post elementor-filter-9 post-1095 post type-post status-publish format-standard has-post-thumbnail hentry category-interiorismo\">\n\t\t\t<a class=\"elementor-post__thumbnail__link\" href=\"https:\/\/innou.eu\/en\/tienda-nike\/\">\n\t\t\t\t<div class=\"elementor-portfolio-item__img elementor-post__thumbnail\">\n\t\t\t<img fetchpriority=\"high\" decoding=\"async\" width=\"700\" height=\"526\" src=\"https:\/\/innou.eu\/wp-content\/uploads\/2024\/08\/10_Nike_GranVia_Madrid-4-2-700x526-1.jpg\" class=\"attachment-full size-full wp-image-1097\" alt=\"\" srcset=\"https:\/\/innou.eu\/wp-content\/uploads\/2024\/08\/10_Nike_GranVia_Madrid-4-2-700x526-1.jpg 700w, https:\/\/innou.eu\/wp-content\/uploads\/2024\/08\/10_Nike_GranVia_Madrid-4-2-700x526-1-300x225.jpg 300w\" sizes=\"(max-width: 700px) 100vw, 700px\" \/>\t\t<\/div>\n\t\t\t\t<div class=\"elementor-portfolio-item__overlay\">\n\t\t\t\t<h3 class=\"elementor-portfolio-item__title\">\n\t\tNike Store\t\t<\/h3>\n\t\t\t\t<\/div>\n\t\t\t\t<\/a>\n\t\t<\/article>\n\t\t\t\t<article class=\"elementor-portfolio-item elementor-post elementor-filter-9 post-1021 post type-post status-publish format-standard has-post-thumbnail hentry category-interiorismo\">\n\t\t\t<a class=\"elementor-post__thumbnail__link\" href=\"https:\/\/innou.eu\/en\/diseno-de-atrezzo-sitges-film-festival\/\">\n\t\t\t\t<div class=\"elementor-portfolio-item__img elementor-post__thumbnail\">\n\t\t\t<img decoding=\"async\" width=\"700\" height=\"500\" src=\"https:\/\/innou.eu\/wp-content\/uploads\/2024\/08\/IMG_6150-700x500-1.jpg\" class=\"attachment-full size-full wp-image-1031\" alt=\"\" srcset=\"https:\/\/innou.eu\/wp-content\/uploads\/2024\/08\/IMG_6150-700x500-1.jpg 700w, https:\/\/innou.eu\/wp-content\/uploads\/2024\/08\/IMG_6150-700x500-1-300x214.jpg 300w\" sizes=\"(max-width: 700px) 100vw, 700px\" \/>\t\t<\/div>\n\t\t\t\t<div class=\"elementor-portfolio-item__overlay\">\n\t\t\t\t<h3 class=\"elementor-portfolio-item__title\">\n\t\tProp Design Sitges Film Festival\t\t<\/h3>\n\t\t\t\t<\/div>\n\t\t\t\t<\/a>\n\t\t<\/article>\n\t\t\t\t<article class=\"elementor-portfolio-item elementor-post elementor-filter-9 post-1057 post type-post status-publish format-standard has-post-thumbnail hentry category-interiorismo\">\n\t\t\t<a class=\"elementor-post__thumbnail__link\" href=\"https:\/\/innou.eu\/en\/dream-cube\/\">\n\t\t\t\t<div class=\"elementor-portfolio-item__img elementor-post__thumbnail\">\n\t\t\t<img decoding=\"async\" width=\"700\" height=\"526\" src=\"https:\/\/innou.eu\/wp-content\/uploads\/2024\/08\/08_DreamCube_Hostel-3-1-700x526-1.jpg\" class=\"attachment-full size-full wp-image-1064\" alt=\"\" srcset=\"https:\/\/innou.eu\/wp-content\/uploads\/2024\/08\/08_DreamCube_Hostel-3-1-700x526-1.jpg 700w, https:\/\/innou.eu\/wp-content\/uploads\/2024\/08\/08_DreamCube_Hostel-3-1-700x526-1-300x225.jpg 300w\" sizes=\"(max-width: 700px) 100vw, 700px\" \/>\t\t<\/div>\n\t\t\t\t<div class=\"elementor-portfolio-item__overlay\">\n\t\t\t\t<h3 class=\"elementor-portfolio-item__title\">\n\t\tDream Cube\t\t<\/h3>\n\t\t\t\t<\/div>\n\t\t\t\t<\/a>\n\t\t<\/article>\n\t\t\t\t<article class=\"elementor-portfolio-item elementor-post elementor-filter-9 post-1035 post type-post status-publish format-standard has-post-thumbnail hentry category-interiorismo\">\n\t\t\t<a class=\"elementor-post__thumbnail__link\" href=\"https:\/\/innou.eu\/en\/escaparate-nike\/\">\n\t\t\t\t<div class=\"elementor-portfolio-item__img elementor-post__thumbnail\">\n\t\t\t<img loading=\"lazy\" decoding=\"async\" width=\"700\" height=\"467\" src=\"https:\/\/innou.eu\/wp-content\/uploads\/2024\/08\/Nike-2-700x467-1.jpg\" class=\"attachment-full size-full wp-image-1042\" alt=\"\" srcset=\"https:\/\/innou.eu\/wp-content\/uploads\/2024\/08\/Nike-2-700x467-1.jpg 700w, https:\/\/innou.eu\/wp-content\/uploads\/2024\/08\/Nike-2-700x467-1-300x200.jpg 300w\" sizes=\"(max-width: 700px) 100vw, 700px\" \/>\t\t<\/div>\n\t\t\t\t<div class=\"elementor-portfolio-item__overlay\">\n\t\t\t\t<h3 class=\"elementor-portfolio-item__title\">\n\t\tNike showcase\t\t<\/h3>\n\t\t\t\t<\/div>\n\t\t\t\t<\/a>\n\t\t<\/article>\n\t\t\t\t<article class=\"elementor-portfolio-item elementor-post elementor-filter-20 elementor-filter-9 post-1083 post type-post status-publish format-standard has-post-thumbnail hentry category-impresion-3d category-interiorismo\">\n\t\t\t<a class=\"elementor-post__thumbnail__link\" href=\"https:\/\/innou.eu\/en\/nike-madrid-3d-print\/\">\n\t\t\t\t<div class=\"elementor-portfolio-item__img elementor-post__thumbnail\">\n\t\t\t<img loading=\"lazy\" decoding=\"async\" width=\"700\" height=\"467\" src=\"https:\/\/innou.eu\/wp-content\/uploads\/2024\/08\/Ho13_NSW_SneakerBoots_London_lanscape_001-700x467-1.jpg\" class=\"attachment-full size-full wp-image-1084\" alt=\"\" srcset=\"https:\/\/innou.eu\/wp-content\/uploads\/2024\/08\/Ho13_NSW_SneakerBoots_London_lanscape_001-700x467-1.jpg 700w, https:\/\/innou.eu\/wp-content\/uploads\/2024\/08\/Ho13_NSW_SneakerBoots_London_lanscape_001-700x467-1-300x200.jpg 300w\" sizes=\"(max-width: 700px) 100vw, 700px\" \/>\t\t<\/div>\n\t\t\t\t<div class=\"elementor-portfolio-item__overlay\">\n\t\t\t\t<h3 class=\"elementor-portfolio-item__title\">\n\t\tNike Madrid 3D Print\t\t<\/h3>\n\t\t\t\t<\/div>\n\t\t\t\t<\/a>\n\t\t<\/article>\n\t\t\t\t<article class=\"elementor-portfolio-item elementor-post elementor-filter-10 elementor-filter-9 post-1142 post type-post status-publish format-standard has-post-thumbnail hentry category-diseno-de-producto category-interiorismo\">\n\t\t\t<a class=\"elementor-post__thumbnail__link\" href=\"https:\/\/innou.eu\/en\/literas-befara\/\">\n\t\t\t\t<div class=\"elementor-portfolio-item__img elementor-post__thumbnail\">\n\t\t\t<img loading=\"lazy\" decoding=\"async\" width=\"700\" height=\"438\" src=\"https:\/\/innou.eu\/wp-content\/uploads\/2024\/08\/Triple_OP04_06-700x438-1.jpg\" class=\"attachment-full size-full wp-image-1147\" alt=\"\" srcset=\"https:\/\/innou.eu\/wp-content\/uploads\/2024\/08\/Triple_OP04_06-700x438-1.jpg 700w, https:\/\/innou.eu\/wp-content\/uploads\/2024\/08\/Triple_OP04_06-700x438-1-300x188.jpg 300w\" sizes=\"(max-width: 700px) 100vw, 700px\" \/>\t\t<\/div>\n\t\t\t\t<div class=\"elementor-portfolio-item__overlay\">\n\t\t\t\t<h3 class=\"elementor-portfolio-item__title\">\n\t\tBefara bunk beds\t\t<\/h3>\n\t\t\t\t<\/div>\n\t\t\t\t<\/a>\n\t\t<\/article>\n\t\t\t\t<\/div>\n\t\t\t\t\t\t<\/div>\n\t\t\t\t<\/div>\n\t\t\t\t\t<\/div>\n\t\t\t\t<\/div>\n\t\t\t\t<\/div>","protected":false},"excerpt":{"rendered":"<p>Our 3D interior design and retail projects Explore how we have transformed commercial spaces into unique experiences. Our retail projects stand out for their innovative design and functionality, creating environments that capture the essence of the brand and enhance the customer experience.<\/p>","protected":false},"author":1,"featured_media":0,"parent":0,"menu_order":0,"comment_status":"closed","ping_status":"closed","template":"page-templates\/template-pagebuilder-full-width.php","meta":{"_acf_changed":false,"neve_meta_sidebar":"","neve_meta_container":"","neve_meta_enable_content_width":"off","neve_meta_content_width":100,"neve_meta_title_alignment":"","neve_meta_author_avatar":"","neve_post_elements_order":"","neve_meta_disable_header":"","neve_meta_disable_footer":"","neve_meta_disable_title":"","footnotes":""},"class_list":["post-890","page","type-page","status-publish","hentry"],"acf":[],"yoast_head":"<!-- This site is optimized with the Yoast SEO plugin v26.7 - https:\/\/yoast.com\/wordpress\/plugins\/seo\/ -->\n<title>Proyectos retail - Innou<\/title>\n<meta name=\"robots\" content=\"index, follow, max-snippet:-1, max-image-preview:large, max-video-preview:-1\" \/>\n<link rel=\"canonical\" href=\"https:\/\/innou.eu\/en\/proyectos-retail\/\" \/>\n<meta property=\"og:locale\" content=\"en_GB\" \/>\n<meta property=\"og:type\" content=\"article\" \/>\n<meta property=\"og:title\" content=\"Proyectos retail - Innou\" \/>\n<meta property=\"og:description\" content=\"Nuestros proyectos en dise\u00f1o 3D de interiores y retail Explora c\u00f3mo hemos transformado espacios comerciales en experiencias \u00fanicas. Nuestros proyectos de retail destacan por su dise\u00f1o innovador y funcionalidad, creando ambientes que capturan la esencia de la marca y mejoran la experiencia del cliente.\" \/>\n<meta property=\"og:url\" content=\"https:\/\/innou.eu\/en\/proyectos-retail\/\" \/>\n<meta property=\"og:site_name\" content=\"Innou\" \/>\n<meta property=\"article:modified_time\" content=\"2024-09-16T11:09:03+00:00\" \/>\n<meta name=\"twitter:card\" content=\"summary_large_image\" \/>\n<script type=\"application\/ld+json\" class=\"yoast-schema-graph\">{\"@context\":\"https:\/\/schema.org\",\"@graph\":[{\"@type\":\"WebPage\",\"@id\":\"https:\/\/innou.eu\/proyectos-retail\/\",\"url\":\"https:\/\/innou.eu\/proyectos-retail\/\",\"name\":\"Proyectos retail - Innou\",\"isPartOf\":{\"@id\":\"https:\/\/innou.eu\/#website\"},\"datePublished\":\"2024-08-04T13:37:38+00:00\",\"dateModified\":\"2024-09-16T11:09:03+00:00\",\"breadcrumb\":{\"@id\":\"https:\/\/innou.eu\/proyectos-retail\/#breadcrumb\"},\"inLanguage\":\"en-GB\",\"potentialAction\":[{\"@type\":\"ReadAction\",\"target\":[\"https:\/\/innou.eu\/proyectos-retail\/\"]}]},{\"@type\":\"BreadcrumbList\",\"@id\":\"https:\/\/innou.eu\/proyectos-retail\/#breadcrumb\",\"itemListElement\":[{\"@type\":\"ListItem\",\"position\":1,\"name\":\"Portada\",\"item\":\"https:\/\/innou.eu\/\"},{\"@type\":\"ListItem\",\"position\":2,\"name\":\"Proyectos retail\"}]},{\"@type\":\"WebSite\",\"@id\":\"https:\/\/innou.eu\/#website\",\"url\":\"https:\/\/innou.eu\/\",\"name\":\"Innou\",\"description\":\"\",\"potentialAction\":[{\"@type\":\"SearchAction\",\"target\":{\"@type\":\"EntryPoint\",\"urlTemplate\":\"https:\/\/innou.eu\/?s={search_term_string}\"},\"query-input\":{\"@type\":\"PropertyValueSpecification\",\"valueRequired\":true,\"valueName\":\"search_term_string\"}}],\"inLanguage\":\"en-GB\"}]}<\/script>\n<!-- \/ Yoast SEO plugin. -->","yoast_head_json":{"title":"Retail projects - Innou","robots":{"index":"index","follow":"follow","max-snippet":"max-snippet:-1","max-image-preview":"max-image-preview:large","max-video-preview":"max-video-preview:-1"},"canonical":"https:\/\/innou.eu\/en\/proyectos-retail\/","og_locale":"en_GB","og_type":"article","og_title":"Proyectos retail - Innou","og_description":"Nuestros proyectos en dise\u00f1o 3D de interiores y retail Explora c\u00f3mo hemos transformado espacios comerciales en experiencias \u00fanicas. Nuestros proyectos de retail destacan por su dise\u00f1o innovador y funcionalidad, creando ambientes que capturan la esencia de la marca y mejoran la experiencia del cliente.","og_url":"https:\/\/innou.eu\/en\/proyectos-retail\/","og_site_name":"Innou","article_modified_time":"2024-09-16T11:09:03+00:00","twitter_card":"summary_large_image","schema":{"@context":"https:\/\/schema.org","@graph":[{"@type":"WebPage","@id":"https:\/\/innou.eu\/proyectos-retail\/","url":"https:\/\/innou.eu\/proyectos-retail\/","name":"Retail projects - Innou","isPartOf":{"@id":"https:\/\/innou.eu\/#website"},"datePublished":"2024-08-04T13:37:38+00:00","dateModified":"2024-09-16T11:09:03+00:00","breadcrumb":{"@id":"https:\/\/innou.eu\/proyectos-retail\/#breadcrumb"},"inLanguage":"en-GB","potentialAction":[{"@type":"ReadAction","target":["https:\/\/innou.eu\/proyectos-retail\/"]}]},{"@type":"BreadcrumbList","@id":"https:\/\/innou.eu\/proyectos-retail\/#breadcrumb","itemListElement":[{"@type":"ListItem","position":1,"name":"Portada","item":"https:\/\/innou.eu\/"},{"@type":"ListItem","position":2,"name":"Proyectos retail"}]},{"@type":"WebSite","@id":"https:\/\/innou.eu\/#website","url":"https:\/\/innou.eu\/","name":"Innou","description":"","potentialAction":[{"@type":"SearchAction","target":{"@type":"EntryPoint","urlTemplate":"https:\/\/innou.eu\/?s={search_term_string}"},"query-input":{"@type":"PropertyValueSpecification","valueRequired":true,"valueName":"search_term_string"}}],"inLanguage":"en-GB"}]}},"_links":{"self":[{"href":"https:\/\/innou.eu\/en\/wp-json\/wp\/v2\/pages\/890","targetHints":{"allow":["GET"]}}],"collection":[{"href":"https:\/\/innou.eu\/en\/wp-json\/wp\/v2\/pages"}],"about":[{"href":"https:\/\/innou.eu\/en\/wp-json\/wp\/v2\/types\/page"}],"author":[{"embeddable":true,"href":"https:\/\/innou.eu\/en\/wp-json\/wp\/v2\/users\/1"}],"replies":[{"embeddable":true,"href":"https:\/\/innou.eu\/en\/wp-json\/wp\/v2\/comments?post=890"}],"version-history":[{"count":13,"href":"https:\/\/innou.eu\/en\/wp-json\/wp\/v2\/pages\/890\/revisions"}],"predecessor-version":[{"id":1336,"href":"https:\/\/innou.eu\/en\/wp-json\/wp\/v2\/pages\/890\/revisions\/1336"}],"wp:attachment":[{"href":"https:\/\/innou.eu\/en\/wp-json\/wp\/v2\/media?parent=890"}],"curies":[{"name":"wp","href":"https:\/\/api.w.org\/{rel}","templated":true}]}}