{"id":413,"date":"2024-08-03T22:56:42","date_gmt":"2024-08-03T22:56:42","guid":{"rendered":"https:\/\/innou.eu\/?page_id=413"},"modified":"2024-09-19T08:36:11","modified_gmt":"2024-09-19T08:36:11","slug":"acreditaciones","status":"publish","type":"page","link":"https:\/\/innou.eu\/en\/acreditaciones\/","title":{"rendered":"Accreditations"},"content":{"rendered":"<div data-elementor-type=\"wp-page\" data-elementor-id=\"413\" class=\"elementor elementor-413\" data-elementor-post-type=\"page\">\n\t\t\t\t<div class=\"elementor-element elementor-element-163fde6 e-flex e-con-boxed e-con e-parent\" data-id=\"163fde6\" data-element_type=\"container\">\n\t\t\t\t\t<div class=\"e-con-inner\">\n\t\t\t\t<div class=\"elementor-element elementor-element-751e520 elementor-widget-divider--view-line elementor-widget elementor-widget-divider\" data-id=\"751e520\" data-element_type=\"widget\" data-widget_type=\"divider.default\">\n\t\t\t\t<div class=\"elementor-widget-container\">\n\t\t\t\t\t\t\t<div class=\"elementor-divider\">\n\t\t\t<span class=\"elementor-divider-separator\">\n\t\t\t\t\t\t<\/span>\n\t\t<\/div>\n\t\t\t\t\t\t<\/div>\n\t\t\t\t<\/div>\n\t\t\t\t\t<\/div>\n\t\t\t\t<\/div>\n\t\t<div class=\"elementor-element elementor-element-ae92155 e-flex e-con-boxed e-con e-parent\" data-id=\"ae92155\" data-element_type=\"container\">\n\t\t\t\t\t<div class=\"e-con-inner\">\n\t\t\t\t<div class=\"elementor-element elementor-element-db76940 elementor-widget elementor-widget-heading\" data-id=\"db76940\" data-element_type=\"widget\" data-widget_type=\"heading.default\">\n\t\t\t\t<div class=\"elementor-widget-container\">\n\t\t\t\t\t<h2 class=\"elementor-heading-title elementor-size-default\">Our excellence is backed by recognized accreditations<\/h2>\t\t\t\t<\/div>\n\t\t\t\t<\/div>\n\t\t\t\t<div class=\"elementor-element elementor-element-253b64a elementor-widget elementor-widget-text-editor\" data-id=\"253b64a\" data-element_type=\"widget\" data-widget_type=\"text-editor.default\">\n\t\t\t\t<div class=\"elementor-widget-container\">\n\t\t\t\t\t\t\t\t\t<p><span style=\"font-weight: 400;\">We are an accredited consultant by ACCI\u00d3, the Agency for Business Competitiveness, which supports our ability to offer high-quality services and strategic support. In addition, we are part of the prestigious organisations BCD, Barcelona Centre de Disseny, and AIJU, Centro Tecnol\u00f3gico de Productos Infantil y Ocio.\u00a0<\/span><\/p>\t\t\t\t\t\t\t\t<\/div>\n\t\t\t\t<\/div>\n\t\t\t\t\t<\/div>\n\t\t\t\t<\/div>\n\t\t<div class=\"elementor-element elementor-element-5875330 e-flex e-con-boxed e-con e-parent\" data-id=\"5875330\" data-element_type=\"container\">\n\t\t\t\t\t<div class=\"e-con-inner\">\n\t\t<div class=\"elementor-element elementor-element-0d919b3 e-grid e-con-full e-con e-child\" data-id=\"0d919b3\" data-element_type=\"container\">\n\t\t\t\t<div class=\"elementor-element elementor-element-e6a2fcc elementor-widget elementor-widget-image\" data-id=\"e6a2fcc\" data-element_type=\"widget\" data-widget_type=\"image.default\">\n\t\t\t\t<div class=\"elementor-widget-container\">\n\t\t\t\t\t\t\t\t\t\t\t\t\t\t\t<img fetchpriority=\"high\" decoding=\"async\" width=\"1000\" height=\"1000\" src=\"https:\/\/innou.eu\/wp-content\/uploads\/2024\/08\/ACCIO-1.jpg\" class=\"attachment-large size-large wp-image-415\" alt=\"\" srcset=\"https:\/\/innou.eu\/wp-content\/uploads\/2024\/08\/ACCIO-1.jpg 1000w, https:\/\/innou.eu\/wp-content\/uploads\/2024\/08\/ACCIO-1-300x300.jpg 300w, https:\/\/innou.eu\/wp-content\/uploads\/2024\/08\/ACCIO-1-150x150.jpg 150w, https:\/\/innou.eu\/wp-content\/uploads\/2024\/08\/ACCIO-1-768x768.jpg 768w\" sizes=\"(max-width: 1000px) 100vw, 1000px\" \/>\t\t\t\t\t\t\t\t\t\t\t\t\t\t\t<\/div>\n\t\t\t\t<\/div>\n\t\t\t\t<div class=\"elementor-element elementor-element-c727031 elementor-widget elementor-widget-image\" data-id=\"c727031\" data-element_type=\"widget\" data-widget_type=\"image.default\">\n\t\t\t\t<div class=\"elementor-widget-container\">\n\t\t\t\t\t\t\t\t\t\t\t\t\t\t\t<img decoding=\"async\" width=\"1000\" height=\"1000\" src=\"https:\/\/innou.eu\/wp-content\/uploads\/2024\/08\/logo-BCD.jpg\" class=\"attachment-large size-large wp-image-417\" alt=\"\" srcset=\"https:\/\/innou.eu\/wp-content\/uploads\/2024\/08\/logo-BCD.jpg 1000w, https:\/\/innou.eu\/wp-content\/uploads\/2024\/08\/logo-BCD-300x300.jpg 300w, https:\/\/innou.eu\/wp-content\/uploads\/2024\/08\/logo-BCD-150x150.jpg 150w, https:\/\/innou.eu\/wp-content\/uploads\/2024\/08\/logo-BCD-768x768.jpg 768w\" sizes=\"(max-width: 1000px) 100vw, 1000px\" \/>\t\t\t\t\t\t\t\t\t\t\t\t\t\t\t<\/div>\n\t\t\t\t<\/div>\n\t\t\t\t<div class=\"elementor-element elementor-element-2ed4987 elementor-widget elementor-widget-image\" data-id=\"2ed4987\" data-element_type=\"widget\" data-widget_type=\"image.default\">\n\t\t\t\t<div class=\"elementor-widget-container\">\n\t\t\t\t\t\t\t\t\t\t\t\t\t\t\t<img decoding=\"async\" width=\"426\" height=\"170\" src=\"https:\/\/innou.eu\/wp-content\/uploads\/2024\/09\/ADI-FAD.png\" class=\"attachment-large size-large wp-image-1437\" alt=\"\" srcset=\"https:\/\/innou.eu\/wp-content\/uploads\/2024\/09\/ADI-FAD.png 426w, https:\/\/innou.eu\/wp-content\/uploads\/2024\/09\/ADI-FAD-300x120.png 300w\" sizes=\"(max-width: 426px) 100vw, 426px\" \/>\t\t\t\t\t\t\t\t\t\t\t\t\t\t\t<\/div>\n\t\t\t\t<\/div>\n\t\t\t\t<div class=\"elementor-element elementor-element-b35aba5 elementor-widget elementor-widget-image\" data-id=\"b35aba5\" data-element_type=\"widget\" data-widget_type=\"image.default\">\n\t\t\t\t<div class=\"elementor-widget-container\">\n\t\t\t\t\t\t\t\t\t\t\t\t\t\t\t<img loading=\"lazy\" decoding=\"async\" width=\"320\" height=\"93\" src=\"https:\/\/innou.eu\/wp-content\/uploads\/2024\/09\/LOGO_DIOS.jpeg\" class=\"attachment-large size-large wp-image-1424\" alt=\"Design Institute of Spain\" srcset=\"https:\/\/innou.eu\/wp-content\/uploads\/2024\/09\/LOGO_DIOS.jpeg 320w, https:\/\/innou.eu\/wp-content\/uploads\/2024\/09\/LOGO_DIOS-300x87.jpeg 300w\" sizes=\"(max-width: 320px) 100vw, 320px\" \/>\t\t\t\t\t\t\t\t\t\t\t\t\t\t\t<\/div>\n\t\t\t\t<\/div>\n\t\t\t\t<div class=\"elementor-element elementor-element-e6ae0a1 elementor-widget elementor-widget-image\" data-id=\"e6ae0a1\" data-element_type=\"widget\" data-widget_type=\"image.default\">\n\t\t\t\t<div class=\"elementor-widget-container\">\n\t\t\t\t\t\t\t\t\t\t\t\t\t\t\t<img loading=\"lazy\" decoding=\"async\" width=\"1000\" height=\"1000\" src=\"https:\/\/innou.eu\/wp-content\/uploads\/2024\/08\/PIMEC-ENCUADRAT.jpg\" class=\"attachment-large size-large wp-image-418\" alt=\"\" srcset=\"https:\/\/innou.eu\/wp-content\/uploads\/2024\/08\/PIMEC-ENCUADRAT.jpg 1000w, https:\/\/innou.eu\/wp-content\/uploads\/2024\/08\/PIMEC-ENCUADRAT-300x300.jpg 300w, https:\/\/innou.eu\/wp-content\/uploads\/2024\/08\/PIMEC-ENCUADRAT-150x150.jpg 150w, https:\/\/innou.eu\/wp-content\/uploads\/2024\/08\/PIMEC-ENCUADRAT-768x768.jpg 768w\" sizes=\"(max-width: 1000px) 100vw, 1000px\" \/>\t\t\t\t\t\t\t\t\t\t\t\t\t\t\t<\/div>\n\t\t\t\t<\/div>\n\t\t\t\t<\/div>\n\t\t\t\t\t<\/div>\n\t\t\t\t<\/div>\n\t\t<div class=\"elementor-element elementor-element-3271e35 e-flex e-con-boxed e-con e-parent\" data-id=\"3271e35\" data-element_type=\"container\">\n\t\t\t\t\t<div class=\"e-con-inner\">\n\t\t\t\t<div class=\"elementor-element elementor-element-6de6528 elementor-widget elementor-widget-heading\" data-id=\"6de6528\" data-element_type=\"widget\" data-widget_type=\"heading.default\">\n\t\t\t\t<div class=\"elementor-widget-container\">\n\t\t\t\t\t<h5 class=\"elementor-heading-title elementor-size-default\">Innou is an accredited advisor by ACCI\u00d3, the Agency for Business Competitiveness, and is part of the organizations BCD, Barcelona Center de Disseny, and D!OS, Design Institute of Spain.<\/h5>\t\t\t\t<\/div>\n\t\t\t\t<\/div>\n\t\t\t\t\t<\/div>\n\t\t\t\t<\/div>\n\t\t\t\t<\/div>","protected":false},"excerpt":{"rendered":"<p>Our excellence is backed by recognised accreditations We are an accredited consultant by ACCI\u00d3, l&#039;Ag\u00e8ncia per a la Competitivitat de l&#039;Empresa, which supports our ability to offer high-quality services and strategic support. In addition, we are part of the prestigious organisations BCD, Barcelona Centre de Disseny, and AIJU, Centro Tecnol\u00f3gico de Productos Infantil y Ocio. \u2026&nbsp;<a href=\"https:\/\/innou.eu\/en\/acreditaciones\/\" rel=\"bookmark\"><span class=\"screen-reader-text\">Accreditations<\/span><\/a><\/p>","protected":false},"author":1,"featured_media":0,"parent":0,"menu_order":0,"comment_status":"closed","ping_status":"closed","template":"page-templates\/template-pagebuilder-full-width.php","meta":{"_acf_changed":false,"neve_meta_sidebar":"","neve_meta_container":"","neve_meta_enable_content_width":"off","neve_meta_content_width":100,"neve_meta_title_alignment":"","neve_meta_author_avatar":"","neve_post_elements_order":"","neve_meta_disable_header":"","neve_meta_disable_footer":"","neve_meta_disable_title":"","footnotes":""},"class_list":["post-413","page","type-page","status-publish","hentry"],"acf":[],"yoast_head":"<!-- This site is optimized with the Yoast SEO plugin v26.7 - https:\/\/yoast.com\/wordpress\/plugins\/seo\/ -->\n<title>Acreditaciones - Innou<\/title>\n<meta name=\"robots\" content=\"index, follow, max-snippet:-1, max-image-preview:large, max-video-preview:-1\" \/>\n<link rel=\"canonical\" href=\"https:\/\/innou.eu\/en\/acreditaciones\/\" \/>\n<meta property=\"og:locale\" content=\"en_GB\" \/>\n<meta property=\"og:type\" content=\"article\" \/>\n<meta property=\"og:title\" content=\"Acreditaciones - Innou\" \/>\n<meta property=\"og:description\" content=\"Nuestra excelencia es respaldada por reconocidas acreditaciones Somos un asesor acreditado por ACCI\u00d3, l&#8217;Ag\u00e8ncia per a la Competitivitat de l\u2019Empresa, lo que respalda nuestra capacidad para ofrecer servicios de alta calidad y apoyo estrat\u00e9gico. Adem\u00e1s, formamos parte de los prestigiosos organismos BCD, Barcelona Centre de Disseny, y AIJU, Centro Tecnol\u00f3gico de Producto Infantil y Ocio.\u00a0&hellip;&nbsp;Acreditaciones\" \/>\n<meta property=\"og:url\" content=\"https:\/\/innou.eu\/en\/acreditaciones\/\" \/>\n<meta property=\"og:site_name\" content=\"Innou\" \/>\n<meta property=\"article:modified_time\" content=\"2024-09-19T08:36:11+00:00\" \/>\n<meta property=\"og:image\" content=\"https:\/\/innou.eu\/wp-content\/uploads\/2024\/08\/ACCIO-1.jpg\" \/>\n<meta name=\"twitter:card\" content=\"summary_large_image\" \/>\n<script type=\"application\/ld+json\" class=\"yoast-schema-graph\">{\"@context\":\"https:\/\/schema.org\",\"@graph\":[{\"@type\":\"WebPage\",\"@id\":\"https:\/\/innou.eu\/acreditaciones\/\",\"url\":\"https:\/\/innou.eu\/acreditaciones\/\",\"name\":\"Acreditaciones - Innou\",\"isPartOf\":{\"@id\":\"https:\/\/innou.eu\/#website\"},\"primaryImageOfPage\":{\"@id\":\"https:\/\/innou.eu\/acreditaciones\/#primaryimage\"},\"image\":{\"@id\":\"https:\/\/innou.eu\/acreditaciones\/#primaryimage\"},\"thumbnailUrl\":\"https:\/\/innou.eu\/wp-content\/uploads\/2024\/08\/ACCIO-1.jpg\",\"datePublished\":\"2024-08-03T22:56:42+00:00\",\"dateModified\":\"2024-09-19T08:36:11+00:00\",\"breadcrumb\":{\"@id\":\"https:\/\/innou.eu\/acreditaciones\/#breadcrumb\"},\"inLanguage\":\"en-GB\",\"potentialAction\":[{\"@type\":\"ReadAction\",\"target\":[\"https:\/\/innou.eu\/acreditaciones\/\"]}]},{\"@type\":\"ImageObject\",\"inLanguage\":\"en-GB\",\"@id\":\"https:\/\/innou.eu\/acreditaciones\/#primaryimage\",\"url\":\"https:\/\/innou.eu\/wp-content\/uploads\/2024\/08\/ACCIO-1.jpg\",\"contentUrl\":\"https:\/\/innou.eu\/wp-content\/uploads\/2024\/08\/ACCIO-1.jpg\"},{\"@type\":\"BreadcrumbList\",\"@id\":\"https:\/\/innou.eu\/acreditaciones\/#breadcrumb\",\"itemListElement\":[{\"@type\":\"ListItem\",\"position\":1,\"name\":\"Portada\",\"item\":\"https:\/\/innou.eu\/\"},{\"@type\":\"ListItem\",\"position\":2,\"name\":\"Acreditaciones\"}]},{\"@type\":\"WebSite\",\"@id\":\"https:\/\/innou.eu\/#website\",\"url\":\"https:\/\/innou.eu\/\",\"name\":\"Innou\",\"description\":\"\",\"potentialAction\":[{\"@type\":\"SearchAction\",\"target\":{\"@type\":\"EntryPoint\",\"urlTemplate\":\"https:\/\/innou.eu\/?s={search_term_string}\"},\"query-input\":{\"@type\":\"PropertyValueSpecification\",\"valueRequired\":true,\"valueName\":\"search_term_string\"}}],\"inLanguage\":\"en-GB\"}]}<\/script>\n<!-- \/ Yoast SEO plugin. -->","yoast_head_json":{"title":"Accreditations - Innou","robots":{"index":"index","follow":"follow","max-snippet":"max-snippet:-1","max-image-preview":"max-image-preview:large","max-video-preview":"max-video-preview:-1"},"canonical":"https:\/\/innou.eu\/en\/acreditaciones\/","og_locale":"en_GB","og_type":"article","og_title":"Acreditaciones - Innou","og_description":"Nuestra excelencia es respaldada por reconocidas acreditaciones Somos un asesor acreditado por ACCI\u00d3, l&#8217;Ag\u00e8ncia per a la Competitivitat de l\u2019Empresa, lo que respalda nuestra capacidad para ofrecer servicios de alta calidad y apoyo estrat\u00e9gico. Adem\u00e1s, formamos parte de los prestigiosos organismos BCD, Barcelona Centre de Disseny, y AIJU, Centro Tecnol\u00f3gico de Producto Infantil y Ocio.\u00a0&hellip;&nbsp;Acreditaciones","og_url":"https:\/\/innou.eu\/en\/acreditaciones\/","og_site_name":"Innou","article_modified_time":"2024-09-19T08:36:11+00:00","og_image":[{"url":"https:\/\/innou.eu\/wp-content\/uploads\/2024\/08\/ACCIO-1.jpg","type":"","width":"","height":""}],"twitter_card":"summary_large_image","schema":{"@context":"https:\/\/schema.org","@graph":[{"@type":"WebPage","@id":"https:\/\/innou.eu\/acreditaciones\/","url":"https:\/\/innou.eu\/acreditaciones\/","name":"Accreditations - Innou","isPartOf":{"@id":"https:\/\/innou.eu\/#website"},"primaryImageOfPage":{"@id":"https:\/\/innou.eu\/acreditaciones\/#primaryimage"},"image":{"@id":"https:\/\/innou.eu\/acreditaciones\/#primaryimage"},"thumbnailUrl":"https:\/\/innou.eu\/wp-content\/uploads\/2024\/08\/ACCIO-1.jpg","datePublished":"2024-08-03T22:56:42+00:00","dateModified":"2024-09-19T08:36:11+00:00","breadcrumb":{"@id":"https:\/\/innou.eu\/acreditaciones\/#breadcrumb"},"inLanguage":"en-GB","potentialAction":[{"@type":"ReadAction","target":["https:\/\/innou.eu\/acreditaciones\/"]}]},{"@type":"ImageObject","inLanguage":"en-GB","@id":"https:\/\/innou.eu\/acreditaciones\/#primaryimage","url":"https:\/\/innou.eu\/wp-content\/uploads\/2024\/08\/ACCIO-1.jpg","contentUrl":"https:\/\/innou.eu\/wp-content\/uploads\/2024\/08\/ACCIO-1.jpg"},{"@type":"BreadcrumbList","@id":"https:\/\/innou.eu\/acreditaciones\/#breadcrumb","itemListElement":[{"@type":"ListItem","position":1,"name":"Portada","item":"https:\/\/innou.eu\/"},{"@type":"ListItem","position":2,"name":"Acreditaciones"}]},{"@type":"WebSite","@id":"https:\/\/innou.eu\/#website","url":"https:\/\/innou.eu\/","name":"Innou","description":"","potentialAction":[{"@type":"SearchAction","target":{"@type":"EntryPoint","urlTemplate":"https:\/\/innou.eu\/?s={search_term_string}"},"query-input":{"@type":"PropertyValueSpecification","valueRequired":true,"valueName":"search_term_string"}}],"inLanguage":"en-GB"}]}},"_links":{"self":[{"href":"https:\/\/innou.eu\/en\/wp-json\/wp\/v2\/pages\/413","targetHints":{"allow":["GET"]}}],"collection":[{"href":"https:\/\/innou.eu\/en\/wp-json\/wp\/v2\/pages"}],"about":[{"href":"https:\/\/innou.eu\/en\/wp-json\/wp\/v2\/types\/page"}],"author":[{"embeddable":true,"href":"https:\/\/innou.eu\/en\/wp-json\/wp\/v2\/users\/1"}],"replies":[{"embeddable":true,"href":"https:\/\/innou.eu\/en\/wp-json\/wp\/v2\/comments?post=413"}],"version-history":[{"count":37,"href":"https:\/\/innou.eu\/en\/wp-json\/wp\/v2\/pages\/413\/revisions"}],"predecessor-version":[{"id":1440,"href":"https:\/\/innou.eu\/en\/wp-json\/wp\/v2\/pages\/413\/revisions\/1440"}],"wp:attachment":[{"href":"https:\/\/innou.eu\/en\/wp-json\/wp\/v2\/media?parent=413"}],"curies":[{"name":"wp","href":"https:\/\/api.w.org\/{rel}","templated":true}]}}