{"id":363,"date":"2024-08-03T22:22:29","date_gmt":"2024-08-03T22:22:29","guid":{"rendered":"https:\/\/innou.eu\/?page_id=363"},"modified":"2024-08-04T11:37:15","modified_gmt":"2024-08-04T11:37:15","slug":"estudio-de-diseno-grafico-y-web-en-barcelona","status":"publish","type":"page","link":"https:\/\/innou.eu\/en\/estudio-de-diseno-grafico-y-web-en-barcelona\/","title":{"rendered":"Graphic and Web Design Studio in Barcelona"},"content":{"rendered":"<div data-elementor-type=\"wp-page\" data-elementor-id=\"363\" class=\"elementor elementor-363\" data-elementor-post-type=\"page\">\n\t\t\t\t<div class=\"elementor-element elementor-element-163fde6 e-flex e-con-boxed e-con e-parent\" data-id=\"163fde6\" data-element_type=\"container\">\n\t\t\t\t\t<div class=\"e-con-inner\">\n\t\t\t\t<div class=\"elementor-element elementor-element-64d827c elementor-widget elementor-widget-heading\" data-id=\"64d827c\" data-element_type=\"widget\" data-widget_type=\"heading.default\">\n\t\t\t\t<div class=\"elementor-widget-container\">\n\t\t\t\t\t<h2 class=\"elementor-heading-title elementor-size-default\">Graphic design and branding<\/h2>\t\t\t\t<\/div>\n\t\t\t\t<\/div>\n\t\t\t\t<div class=\"elementor-element elementor-element-751e520 elementor-widget-divider--view-line elementor-widget elementor-widget-divider\" data-id=\"751e520\" data-element_type=\"widget\" data-widget_type=\"divider.default\">\n\t\t\t\t<div class=\"elementor-widget-container\">\n\t\t\t\t\t\t\t<div class=\"elementor-divider\">\n\t\t\t<span class=\"elementor-divider-separator\">\n\t\t\t\t\t\t<\/span>\n\t\t<\/div>\n\t\t\t\t\t\t<\/div>\n\t\t\t\t<\/div>\n\t\t\t\t\t<\/div>\n\t\t\t\t<\/div>\n\t\t<div class=\"elementor-element elementor-element-3271e35 e-flex e-con-boxed e-con e-parent\" data-id=\"3271e35\" data-element_type=\"container\">\n\t\t\t\t\t<div class=\"e-con-inner\">\n\t\t<div class=\"elementor-element elementor-element-1ae27a2 e-con-full e-flex e-con e-child\" data-id=\"1ae27a2\" data-element_type=\"container\">\n\t\t\t\t<div class=\"elementor-element elementor-element-08ecc84 elementor-widget elementor-widget-heading\" data-id=\"08ecc84\" data-element_type=\"widget\" data-widget_type=\"heading.default\">\n\t\t\t\t<div class=\"elementor-widget-container\">\n\t\t\t\t\t<h1 class=\"elementor-heading-title elementor-size-default\">Graphic design and branding Barcelona\n<\/h1>\t\t\t\t<\/div>\n\t\t\t\t<\/div>\n\t\t\t\t<div class=\"elementor-element elementor-element-3ea222b elementor-widget-divider--view-line elementor-widget elementor-widget-divider\" data-id=\"3ea222b\" data-element_type=\"widget\" data-widget_type=\"divider.default\">\n\t\t\t\t<div class=\"elementor-widget-container\">\n\t\t\t\t\t\t\t<div class=\"elementor-divider\">\n\t\t\t<span class=\"elementor-divider-separator\">\n\t\t\t\t\t\t<\/span>\n\t\t<\/div>\n\t\t\t\t\t\t<\/div>\n\t\t\t\t<\/div>\n\t\t\t\t<div class=\"elementor-element elementor-element-4826c73 elementor-widget elementor-widget-heading\" data-id=\"4826c73\" data-element_type=\"widget\" data-widget_type=\"heading.default\">\n\t\t\t\t<div class=\"elementor-widget-container\">\n\t\t\t\t\t<h2 class=\"elementor-heading-title elementor-size-default\">Graphic design studio in Barcelona: Creativity and strategy for your brand\n<\/h2>\t\t\t\t<\/div>\n\t\t\t\t<\/div>\n\t\t\t\t<div class=\"elementor-element elementor-element-f2e57cc elementor-widget elementor-widget-text-editor\" data-id=\"f2e57cc\" data-element_type=\"widget\" data-widget_type=\"text-editor.default\">\n\t\t\t\t<div class=\"elementor-widget-container\">\n\t\t\t\t\t\t\t\t\t<p><span style=\"font-weight: 400;\">At Innou, we are a graphic design studio in Barcelona dedicated to offering creative and strategic solutions to strengthen your brand. Our team of graphic designers works closely with you to develop visual identity and graphic materials that reflect the essence of your business. From striking logos to informative brochures, we ensure that each graphic element effectively communicates your message and captures the attention of your audience.<\/span><\/p>\t\t\t\t\t\t\t\t<\/div>\n\t\t\t\t<\/div>\n\t\t\t\t<\/div>\n\t\t<div class=\"elementor-element elementor-element-3a75af8 e-con-full e-flex e-con e-child\" data-id=\"3a75af8\" data-element_type=\"container\">\n\t\t\t\t<div class=\"elementor-element elementor-element-b9d74a4 elementor-widget elementor-widget-image\" data-id=\"b9d74a4\" data-element_type=\"widget\" data-widget_type=\"image.default\">\n\t\t\t\t<div class=\"elementor-widget-container\">\n\t\t\t\t\t\t\t\t\t\t\t\t\t\t\t<img fetchpriority=\"high\" decoding=\"async\" width=\"638\" height=\"425\" src=\"https:\/\/innou.eu\/wp-content\/uploads\/2024\/08\/disenadora.jpg\" class=\"attachment-large size-large wp-image-365\" alt=\"\" srcset=\"https:\/\/innou.eu\/wp-content\/uploads\/2024\/08\/disenadora.jpg 638w, https:\/\/innou.eu\/wp-content\/uploads\/2024\/08\/disenadora-300x200.jpg 300w\" sizes=\"(max-width: 638px) 100vw, 638px\" \/>\t\t\t\t\t\t\t\t\t\t\t\t\t\t\t<\/div>\n\t\t\t\t<\/div>\n\t\t\t\t<\/div>\n\t\t\t\t\t<\/div>\n\t\t\t\t<\/div>\n\t\t<div class=\"elementor-element elementor-element-d55d6ba e-flex e-con-boxed e-con e-parent\" data-id=\"d55d6ba\" data-element_type=\"container\">\n\t\t\t\t\t<div class=\"e-con-inner\">\n\t\t<div class=\"elementor-element elementor-element-291c32f e-con-full e-flex e-con e-child\" data-id=\"291c32f\" data-element_type=\"container\">\n\t\t\t\t<div class=\"elementor-element elementor-element-5134cfe elementor-widget elementor-widget-image\" data-id=\"5134cfe\" data-element_type=\"widget\" data-widget_type=\"image.default\">\n\t\t\t\t<div class=\"elementor-widget-container\">\n\t\t\t\t\t\t\t\t\t\t\t\t\t\t\t<img decoding=\"async\" width=\"500\" height=\"300\" src=\"https:\/\/innou.eu\/wp-content\/uploads\/2024\/08\/5-500x300-1.webp\" class=\"attachment-large size-large wp-image-324\" alt=\"\" srcset=\"https:\/\/innou.eu\/wp-content\/uploads\/2024\/08\/5-500x300-1.webp 500w, https:\/\/innou.eu\/wp-content\/uploads\/2024\/08\/5-500x300-1-300x180.webp 300w\" sizes=\"(max-width: 500px) 100vw, 500px\" \/>\t\t\t\t\t\t\t\t\t\t\t\t\t\t\t<\/div>\n\t\t\t\t<\/div>\n\t\t\t\t<\/div>\n\t\t<div class=\"elementor-element elementor-element-418b91a e-con-full e-flex e-con e-child\" data-id=\"418b91a\" data-element_type=\"container\">\n\t\t\t\t<div class=\"elementor-element elementor-element-1dc7851 elementor-widget elementor-widget-heading\" data-id=\"1dc7851\" data-element_type=\"widget\" data-widget_type=\"heading.default\">\n\t\t\t\t<div class=\"elementor-widget-container\">\n\t\t\t\t\t<h1 class=\"elementor-heading-title elementor-size-default\">Web design and branding: Your digital presence with style and cohesion\n<\/h1>\t\t\t\t<\/div>\n\t\t\t\t<\/div>\n\t\t\t\t<div class=\"elementor-element elementor-element-9d5f178 elementor-widget-divider--view-line elementor-widget elementor-widget-divider\" data-id=\"9d5f178\" data-element_type=\"widget\" data-widget_type=\"divider.default\">\n\t\t\t\t<div class=\"elementor-widget-container\">\n\t\t\t\t\t\t\t<div class=\"elementor-divider\">\n\t\t\t<span class=\"elementor-divider-separator\">\n\t\t\t\t\t\t<\/span>\n\t\t<\/div>\n\t\t\t\t\t\t<\/div>\n\t\t\t\t<\/div>\n\t\t\t\t<div class=\"elementor-element elementor-element-8ef5219 elementor-widget elementor-widget-text-editor\" data-id=\"8ef5219\" data-element_type=\"widget\" data-widget_type=\"text-editor.default\">\n\t\t\t\t<div class=\"elementor-widget-container\">\n\t\t\t\t\t\t\t\t\t<p><span style=\"font-weight: 400;\">Web design and branding are essential to establishing a strong digital presence. Our approach to branding ensures that your brand identity is seamlessly integrated into every aspect of your website, creating a coherent and memorable experience for your users. From choosing colors and typography to creating visual content, every detail is thought out to strengthen your brand in the digital environment.\u00a0<\/span><\/p>\t\t\t\t\t\t\t\t<\/div>\n\t\t\t\t<\/div>\n\t\t\t\t<div class=\"elementor-element elementor-element-0d57e65 elementor-align-center elementor-widget elementor-widget-button\" data-id=\"0d57e65\" data-element_type=\"widget\" data-widget_type=\"button.default\">\n\t\t\t\t<div class=\"elementor-widget-container\">\n\t\t\t\t\t\t\t\t\t<div class=\"elementor-button-wrapper\">\n\t\t\t\t\t<a class=\"elementor-button elementor-button-link elementor-size-sm\" href=\"https:\/\/innou.eu\/en\/proyectos\/\">\n\t\t\t\t\t\t<span class=\"elementor-button-content-wrapper\">\n\t\t\t\t\t\t\t\t\t<span class=\"elementor-button-text\">SEE PROJECTS<\/span>\n\t\t\t\t\t<\/span>\n\t\t\t\t\t<\/a>\n\t\t\t\t<\/div>\n\t\t\t\t\t\t\t\t<\/div>\n\t\t\t\t<\/div>\n\t\t\t\t<\/div>\n\t\t\t\t\t<\/div>\n\t\t\t\t<\/div>\n\t\t<div class=\"elementor-element elementor-element-9b239f2 e-flex e-con-boxed e-con e-parent\" data-id=\"9b239f2\" data-element_type=\"container\">\n\t\t\t\t\t<div class=\"e-con-inner\">\n\t\t\t\t<div class=\"elementor-element elementor-element-ddd60ed elementor-widget elementor-widget-text-editor\" data-id=\"ddd60ed\" data-element_type=\"widget\" data-widget_type=\"text-editor.default\">\n\t\t\t\t<div class=\"elementor-widget-container\">\n\t\t\t\t\t\t\t\t\t<div class=\"wpb_column vc_column_container vc_col-sm-8\"><div class=\"vc_column-inner\"><div class=\"wpb_wrapper\"><div class=\"wpb_text_column wpb_content_element  vc_custom_1630575905387\"><div class=\"wpb_wrapper\"><p class=\"banner-servicio\">We have an internal and external team of programmers, photographers and illustrators to solve projects with specific needs.<\/p><\/div><\/div><\/div><\/div><\/div>\t\t\t\t\t\t\t\t<\/div>\n\t\t\t\t<\/div>\n\t\t\t\t\t<\/div>\n\t\t\t\t<\/div>\n\t\t\t\t<\/div>","protected":false},"excerpt":{"rendered":"<p>Graphic design and branding Graphic design and branding Barcelona Graphic design studio in Barcelona: Creativity and strategy for your brand At Innou, we are a graphic design studio in Barcelona dedicated to offering creative and strategic solutions to strengthen your brand. Our team of graphic designers works closely with you to develop brand identity and branding solutions.&nbsp;<a href=\"https:\/\/innou.eu\/en\/estudio-de-diseno-grafico-y-web-en-barcelona\/\" rel=\"bookmark\"><span class=\"screen-reader-text\">Graphic and Web Design Studio in Barcelona<\/span><\/a><\/p>","protected":false},"author":1,"featured_media":0,"parent":0,"menu_order":0,"comment_status":"closed","ping_status":"closed","template":"page-templates\/template-pagebuilder-full-width.php","meta":{"_acf_changed":false,"neve_meta_sidebar":"","neve_meta_container":"","neve_meta_enable_content_width":"off","neve_meta_content_width":100,"neve_meta_title_alignment":"","neve_meta_author_avatar":"","neve_post_elements_order":"","neve_meta_disable_header":"","neve_meta_disable_footer":"","neve_meta_disable_title":"","footnotes":""},"class_list":["post-363","page","type-page","status-publish","hentry"],"acf":[],"yoast_head":"<!-- This site is optimized with the Yoast SEO plugin v26.7 - https:\/\/yoast.com\/wordpress\/plugins\/seo\/ -->\n<title>Estudio de Dise\u00f1o Gr\u00e1fico y Web en Barcelona - Innou<\/title>\n<meta name=\"robots\" content=\"index, follow, max-snippet:-1, max-image-preview:large, max-video-preview:-1\" \/>\n<link rel=\"canonical\" href=\"https:\/\/innou.eu\/en\/estudio-de-diseno-grafico-y-web-en-barcelona\/\" \/>\n<meta property=\"og:locale\" content=\"en_GB\" \/>\n<meta property=\"og:type\" content=\"article\" \/>\n<meta property=\"og:title\" content=\"Estudio de Dise\u00f1o Gr\u00e1fico y Web en Barcelona - Innou\" \/>\n<meta property=\"og:description\" content=\"Dise\u00f1o gr\u00e1fico y branding Dise\u00f1o gr\u00e1fico y branding Barcelona Estudio de dise\u00f1o gr\u00e1fico en Barcelona: Creatividad y estrategia para tu marca En Innou, somos un estudio de dise\u00f1o gr\u00e1fico en Barcelona dedicado a ofrecer soluciones creativas y estrat\u00e9gicas para fortalecer tu marca. Nuestro equipo de dise\u00f1adores gr\u00e1ficos trabaja en estrecha colaboraci\u00f3n contigo para desarrollar identidad&hellip;&nbsp;Estudio de Dise\u00f1o Gr\u00e1fico y Web en Barcelona\" \/>\n<meta property=\"og:url\" content=\"https:\/\/innou.eu\/en\/estudio-de-diseno-grafico-y-web-en-barcelona\/\" \/>\n<meta property=\"og:site_name\" content=\"Innou\" \/>\n<meta property=\"article:modified_time\" content=\"2024-08-04T11:37:15+00:00\" \/>\n<meta property=\"og:image\" content=\"https:\/\/innou.eu\/wp-content\/uploads\/2024\/08\/disenadora.jpg\" \/>\n<meta name=\"twitter:card\" content=\"summary_large_image\" \/>\n<meta name=\"twitter:label1\" content=\"Estimated reading time\" \/>\n\t<meta name=\"twitter:data1\" content=\"1 minute\" \/>\n<script type=\"application\/ld+json\" class=\"yoast-schema-graph\">{\"@context\":\"https:\/\/schema.org\",\"@graph\":[{\"@type\":\"WebPage\",\"@id\":\"https:\/\/innou.eu\/estudio-de-diseno-grafico-y-web-en-barcelona\/\",\"url\":\"https:\/\/innou.eu\/estudio-de-diseno-grafico-y-web-en-barcelona\/\",\"name\":\"Estudio de Dise\u00f1o Gr\u00e1fico y Web en Barcelona - Innou\",\"isPartOf\":{\"@id\":\"https:\/\/innou.eu\/#website\"},\"primaryImageOfPage\":{\"@id\":\"https:\/\/innou.eu\/estudio-de-diseno-grafico-y-web-en-barcelona\/#primaryimage\"},\"image\":{\"@id\":\"https:\/\/innou.eu\/estudio-de-diseno-grafico-y-web-en-barcelona\/#primaryimage\"},\"thumbnailUrl\":\"https:\/\/innou.eu\/wp-content\/uploads\/2024\/08\/disenadora.jpg\",\"datePublished\":\"2024-08-03T22:22:29+00:00\",\"dateModified\":\"2024-08-04T11:37:15+00:00\",\"breadcrumb\":{\"@id\":\"https:\/\/innou.eu\/estudio-de-diseno-grafico-y-web-en-barcelona\/#breadcrumb\"},\"inLanguage\":\"en-GB\",\"potentialAction\":[{\"@type\":\"ReadAction\",\"target\":[\"https:\/\/innou.eu\/estudio-de-diseno-grafico-y-web-en-barcelona\/\"]}]},{\"@type\":\"ImageObject\",\"inLanguage\":\"en-GB\",\"@id\":\"https:\/\/innou.eu\/estudio-de-diseno-grafico-y-web-en-barcelona\/#primaryimage\",\"url\":\"https:\/\/innou.eu\/wp-content\/uploads\/2024\/08\/disenadora.jpg\",\"contentUrl\":\"https:\/\/innou.eu\/wp-content\/uploads\/2024\/08\/disenadora.jpg\"},{\"@type\":\"BreadcrumbList\",\"@id\":\"https:\/\/innou.eu\/estudio-de-diseno-grafico-y-web-en-barcelona\/#breadcrumb\",\"itemListElement\":[{\"@type\":\"ListItem\",\"position\":1,\"name\":\"Portada\",\"item\":\"https:\/\/innou.eu\/\"},{\"@type\":\"ListItem\",\"position\":2,\"name\":\"Estudio de Dise\u00f1o Gr\u00e1fico y Web en Barcelona\"}]},{\"@type\":\"WebSite\",\"@id\":\"https:\/\/innou.eu\/#website\",\"url\":\"https:\/\/innou.eu\/\",\"name\":\"Innou\",\"description\":\"\",\"potentialAction\":[{\"@type\":\"SearchAction\",\"target\":{\"@type\":\"EntryPoint\",\"urlTemplate\":\"https:\/\/innou.eu\/?s={search_term_string}\"},\"query-input\":{\"@type\":\"PropertyValueSpecification\",\"valueRequired\":true,\"valueName\":\"search_term_string\"}}],\"inLanguage\":\"en-GB\"}]}<\/script>\n<!-- \/ Yoast SEO plugin. -->","yoast_head_json":{"title":"Graphic and Web Design Studio in Barcelona - Innou","robots":{"index":"index","follow":"follow","max-snippet":"max-snippet:-1","max-image-preview":"max-image-preview:large","max-video-preview":"max-video-preview:-1"},"canonical":"https:\/\/innou.eu\/en\/estudio-de-diseno-grafico-y-web-en-barcelona\/","og_locale":"en_GB","og_type":"article","og_title":"Estudio de Dise\u00f1o Gr\u00e1fico y Web en Barcelona - Innou","og_description":"Dise\u00f1o gr\u00e1fico y branding Dise\u00f1o gr\u00e1fico y branding Barcelona Estudio de dise\u00f1o gr\u00e1fico en Barcelona: Creatividad y estrategia para tu marca En Innou, somos un estudio de dise\u00f1o gr\u00e1fico en Barcelona dedicado a ofrecer soluciones creativas y estrat\u00e9gicas para fortalecer tu marca. Nuestro equipo de dise\u00f1adores gr\u00e1ficos trabaja en estrecha colaboraci\u00f3n contigo para desarrollar identidad&hellip;&nbsp;Estudio de Dise\u00f1o Gr\u00e1fico y Web en Barcelona","og_url":"https:\/\/innou.eu\/en\/estudio-de-diseno-grafico-y-web-en-barcelona\/","og_site_name":"Innou","article_modified_time":"2024-08-04T11:37:15+00:00","og_image":[{"url":"https:\/\/innou.eu\/wp-content\/uploads\/2024\/08\/disenadora.jpg","type":"","width":"","height":""}],"twitter_card":"summary_large_image","twitter_misc":{"Estimated reading time":"1 minute"},"schema":{"@context":"https:\/\/schema.org","@graph":[{"@type":"WebPage","@id":"https:\/\/innou.eu\/estudio-de-diseno-grafico-y-web-en-barcelona\/","url":"https:\/\/innou.eu\/estudio-de-diseno-grafico-y-web-en-barcelona\/","name":"Graphic and Web Design Studio in Barcelona - Innou","isPartOf":{"@id":"https:\/\/innou.eu\/#website"},"primaryImageOfPage":{"@id":"https:\/\/innou.eu\/estudio-de-diseno-grafico-y-web-en-barcelona\/#primaryimage"},"image":{"@id":"https:\/\/innou.eu\/estudio-de-diseno-grafico-y-web-en-barcelona\/#primaryimage"},"thumbnailUrl":"https:\/\/innou.eu\/wp-content\/uploads\/2024\/08\/disenadora.jpg","datePublished":"2024-08-03T22:22:29+00:00","dateModified":"2024-08-04T11:37:15+00:00","breadcrumb":{"@id":"https:\/\/innou.eu\/estudio-de-diseno-grafico-y-web-en-barcelona\/#breadcrumb"},"inLanguage":"en-GB","potentialAction":[{"@type":"ReadAction","target":["https:\/\/innou.eu\/estudio-de-diseno-grafico-y-web-en-barcelona\/"]}]},{"@type":"ImageObject","inLanguage":"en-GB","@id":"https:\/\/innou.eu\/estudio-de-diseno-grafico-y-web-en-barcelona\/#primaryimage","url":"https:\/\/innou.eu\/wp-content\/uploads\/2024\/08\/disenadora.jpg","contentUrl":"https:\/\/innou.eu\/wp-content\/uploads\/2024\/08\/disenadora.jpg"},{"@type":"BreadcrumbList","@id":"https:\/\/innou.eu\/estudio-de-diseno-grafico-y-web-en-barcelona\/#breadcrumb","itemListElement":[{"@type":"ListItem","position":1,"name":"Portada","item":"https:\/\/innou.eu\/"},{"@type":"ListItem","position":2,"name":"Estudio de Dise\u00f1o Gr\u00e1fico y Web en Barcelona"}]},{"@type":"WebSite","@id":"https:\/\/innou.eu\/#website","url":"https:\/\/innou.eu\/","name":"Innou","description":"","potentialAction":[{"@type":"SearchAction","target":{"@type":"EntryPoint","urlTemplate":"https:\/\/innou.eu\/?s={search_term_string}"},"query-input":{"@type":"PropertyValueSpecification","valueRequired":true,"valueName":"search_term_string"}}],"inLanguage":"en-GB"}]}},"_links":{"self":[{"href":"https:\/\/innou.eu\/en\/wp-json\/wp\/v2\/pages\/363","targetHints":{"allow":["GET"]}}],"collection":[{"href":"https:\/\/innou.eu\/en\/wp-json\/wp\/v2\/pages"}],"about":[{"href":"https:\/\/innou.eu\/en\/wp-json\/wp\/v2\/types\/page"}],"author":[{"embeddable":true,"href":"https:\/\/innou.eu\/en\/wp-json\/wp\/v2\/users\/1"}],"replies":[{"embeddable":true,"href":"https:\/\/innou.eu\/en\/wp-json\/wp\/v2\/comments?post=363"}],"version-history":[{"count":10,"href":"https:\/\/innou.eu\/en\/wp-json\/wp\/v2\/pages\/363\/revisions"}],"predecessor-version":[{"id":723,"href":"https:\/\/innou.eu\/en\/wp-json\/wp\/v2\/pages\/363\/revisions\/723"}],"wp:attachment":[{"href":"https:\/\/innou.eu\/en\/wp-json\/wp\/v2\/media?parent=363"}],"curies":[{"name":"wp","href":"https:\/\/api.w.org\/{rel}","templated":true}]}}