{"id":1775,"date":"2025-02-24T11:42:41","date_gmt":"2025-02-24T10:42:41","guid":{"rendered":"https:\/\/innou.eu\/?page_id=1775"},"modified":"2025-02-24T11:43:48","modified_gmt":"2025-02-24T10:43:48","slug":"politica-de-cookies","status":"publish","type":"page","link":"https:\/\/innou.eu\/en\/politica-de-cookies\/","title":{"rendered":"Cookies Policy"},"content":{"rendered":"<div data-elementor-type=\"wp-page\" data-elementor-id=\"1775\" class=\"elementor elementor-1775\" data-elementor-post-type=\"page\">\n\t\t\t\t<div class=\"elementor-element elementor-element-163fde6 e-flex e-con-boxed e-con e-parent\" data-id=\"163fde6\" data-element_type=\"container\">\n\t\t\t\t\t<div class=\"e-con-inner\">\n\t\t\t\t<div class=\"elementor-element elementor-element-751e520 elementor-widget-divider--view-line elementor-widget elementor-widget-divider\" data-id=\"751e520\" data-element_type=\"widget\" data-widget_type=\"divider.default\">\n\t\t\t\t<div class=\"elementor-widget-container\">\n\t\t\t\t\t\t\t<div class=\"elementor-divider\">\n\t\t\t<span class=\"elementor-divider-separator\">\n\t\t\t\t\t\t<\/span>\n\t\t<\/div>\n\t\t\t\t\t\t<\/div>\n\t\t\t\t<\/div>\n\t\t\t\t\t<\/div>\n\t\t\t\t<\/div>\n\t\t<div class=\"elementor-element elementor-element-ae92155 e-flex e-con-boxed e-con e-parent\" data-id=\"ae92155\" data-element_type=\"container\">\n\t\t\t\t\t<div class=\"e-con-inner\">\n\t\t\t\t<div class=\"elementor-element elementor-element-253b64a elementor-widget elementor-widget-text-editor\" data-id=\"253b64a\" data-element_type=\"widget\" data-widget_type=\"text-editor.default\">\n\t\t\t\t<div class=\"elementor-widget-container\">\n\t\t\t\t\t\t\t\t\t<div class=\"wpb_text_column wpb_content_element\"><div class=\"wpb_wrapper\"><p>A cookie is a file that is downloaded to your computer when you access certain web pages. Cookies allow a website, among other things, to store and retrieve information about the browsing habits of a user or their equipment and, depending on the information they contain and the way in which they use their equipment, they can be used to recognise the user.<\/p><p>Cookies are essential for the operation of the Internet, providing countless advantages in the provision of interactive services, facilitating navigation and usability of our website.<\/p><p>The information we provide below will help you understand the different types of cookies:<\/p><p>\u00a0<\/p><h6>TYPES OF COOKIES<\/h6><h5>DEPENDING ON THE ENTITY THAT MANAGES THEM<\/h5><ul><li><ul><li>OWN COOKIES<br \/>These are those collected by the publisher itself to provide the service requested by the user.<\/li><li>THIRD PARTY COOKIES<br \/>These are those that are collected and managed by a third party, therefore, they cannot be considered as our own.<\/li><\/ul><\/li><\/ul><h5>\u00a0<\/h5><h5>DEPENDING ON THE TIME PERIOD THEY REMAIN ACTIVATED<\/h5><ul><li><ul><li>SESSION COOKIES<br \/>They collect data while the user browses the Internet in order to provide the requested service.<\/li><li>PERSISTENT COOKIES<br \/>They are stored on the terminal. The information obtained will be used by the person responsible for the cookie in order to provide the requested service.<\/li><\/ul><\/li><\/ul><h5>\u00a0<\/h5><h5>ACCORDING TO ITS PURPOSE<\/h5><ul><li><ul><li>TECHNICAL COOKIES<br \/>They are necessary for correct navigation on the website.<\/li><li>PERSONALIZATION COOKIES<br \/>They allow you to apply specific features for user navigation on the website (e.g. language).<\/li><li>ANALYTICS COOKIES<br \/>They allow the provider to analyse the user&#039;s browsing, in order to monitor the use of the website, as well as to compile statistics on the most visited content, number of visitors, etc.<\/li><li>ADVERTISING COOKIES<br \/>They allow the publisher to include advertising spaces on the website, depending on the content of the website itself.<\/li><li>BEHAVIOURAL ADVERTISING COOKIES<br \/>They allow the publisher to include advertising spaces on the website based on information obtained through the user&#039;s browsing habits.<\/li><\/ul><\/li><\/ul><\/div><\/div><div class=\"vc_empty_space\">\u00a0<\/div><div class=\"wpb_text_column wpb_content_element\"><div class=\"wpb_wrapper\"><p>In accordance with the provisions of article 22.2 of Law 34\/2002, of July 11, on Information Society Services and Electronic Commerce (LSSI-CE), ANTONI PARERA BUXERES informs you of the cookies used on our website:<\/p><h6>TYPES OF COOKIES<\/h6><p>Own cookies<br \/>Third party cookies<br \/>Session cookies<br \/>Persistent cookies<\/p><h6>PURPOSE<\/h6><p>Technical cookies<br \/>Analytics cookies<\/p><p>Google Analytics: Stores cookies to compile statistics on traffic and volume of visits to this website. By using this website you are consenting to the processing of information about you by Google. Therefore, to exercise any right in this regard you must do so by contacting Google directly.<br \/>Google Analytics cookies are stored on servers located in the United States and Google agrees not to share them with third parties, except in cases where it is necessary for the operation of the system or when required by law to do so. According to Google, it does not store your IP address.<\/p><p>Google Inc. is a company adhering to the \u201cPrivacy Shield\u201d which guarantees that all transferred data will be treated with a level of protection in accordance with European regulations. You can consult detailed information in this regard through the following link: <a href=\"https:\/\/web.archive.org\/web\/20231003141529\/https:\/\/support.google.com\/analytics\/answer\/6004245\">https:\/\/support.google.com\/analytics\/answer\/6004245<\/a>.<\/p><p>If you wish, you can use the Google Analytics Opt-out Browser Add-on, by following the instructions provided, you can reject the analytical cookies of this service in all browsers. You can find more information on this subject at the following link: <a href=\"https:\/\/web.archive.org\/web\/20231003141529\/https:\/\/tools.google.com\/dlpage\/gaoptout\">https:\/\/tools.google.com\/dlpage\/gaoptout<\/a><\/p><\/div><\/div><div class=\"vc_empty_space\">\u00a0<\/div><div class=\"wpb_text_column wpb_content_element\"><div class=\"wpb_wrapper\"><p>ANTONI PARERA BUXERES also informs the user that they have the option of configuring their browser so that they are informed of the receipt of cookies, and may, if they so wish, prevent them from being installed on their hard drive.<\/p><p>Below we provide links to various browsers through which you can make this configuration:<\/p><ul><li>Firefox from here: <a href=\"https:\/\/web.archive.org\/web\/20231003141529\/http:\/\/support.mozilla.org\/es\/kb\/habilitar-y-deshabilitar-cookies-que-los-sitios-we\">http:\/\/support.mozilla.org\/es\/kb\/habilitar-y-deshabilitar-cookies-que-los-sitios-we<\/a><\/li><li>Chrome from here: <a href=\"https:\/\/web.archive.org\/web\/20231003141529\/http:\/\/support.google.com\/chrome\/bin\/answer.py?hl=es&amp;answer=95647\">http:\/\/support.google.com\/chrome\/bin\/answer.py?hl=es&amp;answer=95647<\/a><\/li><li>Explorer from here: <a href=\"https:\/\/web.archive.org\/web\/20231003141529\/http:\/\/windows.microsoft.com\/es-es\/internet-explorer\/delete-manage-cookies#ie=ie-10\">http:\/\/windows.microsoft.com\/es-es\/internet-explorer\/delete-manage-cookies#ie=ie-10<\/a><\/li><li>Safari from here: <a href=\"https:\/\/web.archive.org\/web\/20231003141529\/https:\/\/support.apple.com\/kb\/ph17191?locale=es_ES\">https:\/\/support.apple.com\/kb\/ph17191?locale=es_ES<\/a><\/li><li>Operate from here: <a href=\"https:\/\/web.archive.org\/web\/20231003141529\/https:\/\/help.opera.com\/en\/latest\/web-preferences\/#cookies\">https:\/\/help.opera.com\/en\/latest\/web-preferences\/#cookies<\/a><\/li><\/ul><\/div><\/div>\t\t\t\t\t\t\t\t<\/div>\n\t\t\t\t<\/div>\n\t\t\t\t\t<\/div>\n\t\t\t\t<\/div>\n\t\t\t\t<\/div>","protected":false},"excerpt":{"rendered":"<p>A cookie is a file that is downloaded to your computer when you access certain websites. Cookies allow a website, among other things, to store and retrieve information about a user&#039;s browsing habits or their device and, depending on the information they contain and how they are used, to store and retrieve information about the browsing habits of a user.&nbsp;<a href=\"https:\/\/innou.eu\/en\/politica-de-cookies\/\" rel=\"bookmark\"><span class=\"screen-reader-text\">Cookies Policy<\/span><\/a><\/p>","protected":false},"author":1,"featured_media":0,"parent":0,"menu_order":0,"comment_status":"closed","ping_status":"closed","template":"page-templates\/template-pagebuilder-full-width.php","meta":{"_acf_changed":false,"neve_meta_sidebar":"","neve_meta_container":"","neve_meta_enable_content_width":"off","neve_meta_content_width":100,"neve_meta_title_alignment":"","neve_meta_author_avatar":"","neve_post_elements_order":"","neve_meta_disable_header":"","neve_meta_disable_footer":"","neve_meta_disable_title":"","footnotes":""},"class_list":["post-1775","page","type-page","status-publish","hentry"],"acf":[],"yoast_head":"<!-- This site is optimized with the Yoast SEO plugin v26.7 - https:\/\/yoast.com\/wordpress\/plugins\/seo\/ -->\n<title>Politica de Cookies - Innou<\/title>\n<meta name=\"robots\" content=\"index, follow, max-snippet:-1, max-image-preview:large, max-video-preview:-1\" \/>\n<link rel=\"canonical\" href=\"https:\/\/innou.eu\/en\/politica-de-cookies\/\" \/>\n<meta property=\"og:locale\" content=\"en_GB\" \/>\n<meta property=\"og:type\" content=\"article\" \/>\n<meta property=\"og:title\" content=\"Politica de Cookies - Innou\" \/>\n<meta property=\"og:description\" content=\"Una Cookie es un fichero que se descarga en su ordenador al acceder a determinadas p\u00e1ginas web. Las cookies permiten a una p\u00e1gina web, entre otras cosas, almacenar y recuperar informaci\u00f3n sobre los h\u00e1bitos de navegaci\u00f3n de un usuario o de su equipo y, dependiendo de la informaci\u00f3n que contenga y de la forma en&hellip;&nbsp;Politica de Cookies\" \/>\n<meta property=\"og:url\" content=\"https:\/\/innou.eu\/en\/politica-de-cookies\/\" \/>\n<meta property=\"og:site_name\" content=\"Innou\" \/>\n<meta property=\"article:modified_time\" content=\"2025-02-24T10:43:48+00:00\" \/>\n<meta name=\"twitter:card\" content=\"summary_large_image\" \/>\n<meta name=\"twitter:label1\" content=\"Estimated reading time\" \/>\n\t<meta name=\"twitter:data1\" content=\"3 minutes\" \/>\n<script type=\"application\/ld+json\" class=\"yoast-schema-graph\">{\"@context\":\"https:\/\/schema.org\",\"@graph\":[{\"@type\":\"WebPage\",\"@id\":\"https:\/\/innou.eu\/politica-de-cookies\/\",\"url\":\"https:\/\/innou.eu\/politica-de-cookies\/\",\"name\":\"Politica de Cookies - Innou\",\"isPartOf\":{\"@id\":\"https:\/\/innou.eu\/#website\"},\"datePublished\":\"2025-02-24T10:42:41+00:00\",\"dateModified\":\"2025-02-24T10:43:48+00:00\",\"breadcrumb\":{\"@id\":\"https:\/\/innou.eu\/politica-de-cookies\/#breadcrumb\"},\"inLanguage\":\"en-GB\",\"potentialAction\":[{\"@type\":\"ReadAction\",\"target\":[\"https:\/\/innou.eu\/politica-de-cookies\/\"]}]},{\"@type\":\"BreadcrumbList\",\"@id\":\"https:\/\/innou.eu\/politica-de-cookies\/#breadcrumb\",\"itemListElement\":[{\"@type\":\"ListItem\",\"position\":1,\"name\":\"Portada\",\"item\":\"https:\/\/innou.eu\/\"},{\"@type\":\"ListItem\",\"position\":2,\"name\":\"Politica de Cookies\"}]},{\"@type\":\"WebSite\",\"@id\":\"https:\/\/innou.eu\/#website\",\"url\":\"https:\/\/innou.eu\/\",\"name\":\"Innou\",\"description\":\"\",\"potentialAction\":[{\"@type\":\"SearchAction\",\"target\":{\"@type\":\"EntryPoint\",\"urlTemplate\":\"https:\/\/innou.eu\/?s={search_term_string}\"},\"query-input\":{\"@type\":\"PropertyValueSpecification\",\"valueRequired\":true,\"valueName\":\"search_term_string\"}}],\"inLanguage\":\"en-GB\"}]}<\/script>\n<!-- \/ Yoast SEO plugin. -->","yoast_head_json":{"title":"Politica de Cookies - Innou","robots":{"index":"index","follow":"follow","max-snippet":"max-snippet:-1","max-image-preview":"max-image-preview:large","max-video-preview":"max-video-preview:-1"},"canonical":"https:\/\/innou.eu\/en\/politica-de-cookies\/","og_locale":"en_GB","og_type":"article","og_title":"Politica de Cookies - Innou","og_description":"Una Cookie es un fichero que se descarga en su ordenador al acceder a determinadas p\u00e1ginas web. Las cookies permiten a una p\u00e1gina web, entre otras cosas, almacenar y recuperar informaci\u00f3n sobre los h\u00e1bitos de navegaci\u00f3n de un usuario o de su equipo y, dependiendo de la informaci\u00f3n que contenga y de la forma en&hellip;&nbsp;Politica de Cookies","og_url":"https:\/\/innou.eu\/en\/politica-de-cookies\/","og_site_name":"Innou","article_modified_time":"2025-02-24T10:43:48+00:00","twitter_card":"summary_large_image","twitter_misc":{"Estimated reading time":"3 minutes"},"schema":{"@context":"https:\/\/schema.org","@graph":[{"@type":"WebPage","@id":"https:\/\/innou.eu\/politica-de-cookies\/","url":"https:\/\/innou.eu\/politica-de-cookies\/","name":"Politica de Cookies - Innou","isPartOf":{"@id":"https:\/\/innou.eu\/#website"},"datePublished":"2025-02-24T10:42:41+00:00","dateModified":"2025-02-24T10:43:48+00:00","breadcrumb":{"@id":"https:\/\/innou.eu\/politica-de-cookies\/#breadcrumb"},"inLanguage":"en-GB","potentialAction":[{"@type":"ReadAction","target":["https:\/\/innou.eu\/politica-de-cookies\/"]}]},{"@type":"BreadcrumbList","@id":"https:\/\/innou.eu\/politica-de-cookies\/#breadcrumb","itemListElement":[{"@type":"ListItem","position":1,"name":"Portada","item":"https:\/\/innou.eu\/"},{"@type":"ListItem","position":2,"name":"Politica de Cookies"}]},{"@type":"WebSite","@id":"https:\/\/innou.eu\/#website","url":"https:\/\/innou.eu\/","name":"Innou","description":"","potentialAction":[{"@type":"SearchAction","target":{"@type":"EntryPoint","urlTemplate":"https:\/\/innou.eu\/?s={search_term_string}"},"query-input":{"@type":"PropertyValueSpecification","valueRequired":true,"valueName":"search_term_string"}}],"inLanguage":"en-GB"}]}},"_links":{"self":[{"href":"https:\/\/innou.eu\/en\/wp-json\/wp\/v2\/pages\/1775","targetHints":{"allow":["GET"]}}],"collection":[{"href":"https:\/\/innou.eu\/en\/wp-json\/wp\/v2\/pages"}],"about":[{"href":"https:\/\/innou.eu\/en\/wp-json\/wp\/v2\/types\/page"}],"author":[{"embeddable":true,"href":"https:\/\/innou.eu\/en\/wp-json\/wp\/v2\/users\/1"}],"replies":[{"embeddable":true,"href":"https:\/\/innou.eu\/en\/wp-json\/wp\/v2\/comments?post=1775"}],"version-history":[{"count":4,"href":"https:\/\/innou.eu\/en\/wp-json\/wp\/v2\/pages\/1775\/revisions"}],"predecessor-version":[{"id":1779,"href":"https:\/\/innou.eu\/en\/wp-json\/wp\/v2\/pages\/1775\/revisions\/1779"}],"wp:attachment":[{"href":"https:\/\/innou.eu\/en\/wp-json\/wp\/v2\/media?parent=1775"}],"curies":[{"name":"wp","href":"https:\/\/api.w.org\/{rel}","templated":true}]}}