{"id":1770,"date":"2025-02-24T11:40:14","date_gmt":"2025-02-24T10:40:14","guid":{"rendered":"https:\/\/innou.eu\/?page_id=1770"},"modified":"2025-02-24T11:41:30","modified_gmt":"2025-02-24T10:41:30","slug":"politica-de-privacidad","status":"publish","type":"page","link":"https:\/\/innou.eu\/en\/politica-de-privacidad\/","title":{"rendered":"Privacy Policy"},"content":{"rendered":"<div data-elementor-type=\"wp-page\" data-elementor-id=\"1770\" class=\"elementor elementor-1770\" data-elementor-post-type=\"page\">\n\t\t\t\t<div class=\"elementor-element elementor-element-163fde6 e-flex e-con-boxed e-con e-parent\" data-id=\"163fde6\" data-element_type=\"container\">\n\t\t\t\t\t<div class=\"e-con-inner\">\n\t\t\t\t<div class=\"elementor-element elementor-element-751e520 elementor-widget-divider--view-line elementor-widget elementor-widget-divider\" data-id=\"751e520\" data-element_type=\"widget\" data-widget_type=\"divider.default\">\n\t\t\t\t<div class=\"elementor-widget-container\">\n\t\t\t\t\t\t\t<div class=\"elementor-divider\">\n\t\t\t<span class=\"elementor-divider-separator\">\n\t\t\t\t\t\t<\/span>\n\t\t<\/div>\n\t\t\t\t\t\t<\/div>\n\t\t\t\t<\/div>\n\t\t\t\t\t<\/div>\n\t\t\t\t<\/div>\n\t\t<div class=\"elementor-element elementor-element-ae92155 e-flex e-con-boxed e-con e-parent\" data-id=\"ae92155\" data-element_type=\"container\">\n\t\t\t\t\t<div class=\"e-con-inner\">\n\t\t\t\t<div class=\"elementor-element elementor-element-253b64a elementor-widget elementor-widget-text-editor\" data-id=\"253b64a\" data-element_type=\"widget\" data-widget_type=\"text-editor.default\">\n\t\t\t\t<div class=\"elementor-widget-container\">\n\t\t\t\t\t\t\t\t\t<p>In accordance with the provisions of current regulations on the Protection of Personal Data, we inform you that your data will be incorporated into the processing system owned by ANTONI PARERA BUXERES with CIF 52629457Y and registered office at CARRER NOVELL, 36 08028, BARCELONA, in order to respond to your queries. In compliance with current regulations, ANTONI PARERA BUXERES informs that the data will be kept for the period strictly necessary to comply with the aforementioned provisions.<\/p><p>We inform you that we will process your data based on your consent.<\/p><p>ANTONI PARERA BUXERES informs that it will process the data in a lawful, fair, transparent, adequate, pertinent, limited, exact and updated manner. For this reason, ANTONI PARERA BUXERES undertakes to adopt all reasonable measures to ensure that the data are deleted or rectified without delay when they are inaccurate.<\/p><p>In accordance with the rights conferred on you by current data protection regulations, you may exercise the rights of access, rectification, limitation of processing, deletion, portability and opposition to the processing of your personal data, as well as the consent given for the processing thereof, by directing your request to the postal address indicated above or to the email address <a href=\"https:\/\/web.archive.org\/web\/20231130104419\/mailto:info@innou.eu\">info@innou.eu<\/a>.<\/p><p>We inform you that you may revoke the consent given at any time by sending an email to the address: <a href=\"https:\/\/web.archive.org\/web\/20231130104419\/mailto:info@innou.eu\">info@innou.eu<\/a>.<\/p><p>You may contact the competent Control Authority to submit any claim you consider appropriate.<\/p><p>Sending this data implies acceptance of this clause.<\/p>\t\t\t\t\t\t\t\t<\/div>\n\t\t\t\t<\/div>\n\t\t\t\t\t<\/div>\n\t\t\t\t<\/div>\n\t\t\t\t<\/div>","protected":false},"excerpt":{"rendered":"<p>In accordance with current Personal Data Protection regulations, we inform you that your data will be incorporated into the processing system owned by ANTONI PARERA BUXERES, with CIF 52629457Y and registered office at CARRER NOVELL, 36, 08028, BARCELONA, for the purpose of addressing your inquiries. In compliance with\u2026&nbsp;<a href=\"https:\/\/innou.eu\/en\/politica-de-privacidad\/\" rel=\"bookmark\"><span class=\"screen-reader-text\">Privacy Policy<\/span><\/a><\/p>","protected":false},"author":1,"featured_media":0,"parent":0,"menu_order":0,"comment_status":"closed","ping_status":"closed","template":"page-templates\/template-pagebuilder-full-width.php","meta":{"_acf_changed":false,"neve_meta_sidebar":"","neve_meta_container":"","neve_meta_enable_content_width":"off","neve_meta_content_width":100,"neve_meta_title_alignment":"","neve_meta_author_avatar":"","neve_post_elements_order":"","neve_meta_disable_header":"","neve_meta_disable_footer":"","neve_meta_disable_title":"","footnotes":""},"class_list":["post-1770","page","type-page","status-publish","hentry"],"acf":[],"yoast_head":"<!-- This site is optimized with the Yoast SEO plugin v26.7 - https:\/\/yoast.com\/wordpress\/plugins\/seo\/ -->\n<title>Politica de Privacidad - Innou<\/title>\n<meta name=\"robots\" content=\"index, follow, max-snippet:-1, max-image-preview:large, max-video-preview:-1\" \/>\n<link rel=\"canonical\" href=\"https:\/\/innou.eu\/en\/politica-de-privacidad\/\" \/>\n<meta property=\"og:locale\" content=\"en_GB\" \/>\n<meta property=\"og:type\" content=\"article\" \/>\n<meta property=\"og:title\" content=\"Politica de Privacidad - Innou\" \/>\n<meta property=\"og:description\" content=\"De conformidad con lo establecido en la normativa vigente en Protecci\u00f3n de Datos de Car\u00e1cter Personal, le informamos que sus datos ser\u00e1n incorporados al sistema de tratamiento titularidad de ANTONI PARERA BUXERES con CIF 52629457Y y domicilio social sito en CARRER NOVELL, 36 08028, BARCELONA, con la finalidad de atender sus consultas. En cumplimiento con&hellip;&nbsp;Politica de Privacidad\" \/>\n<meta property=\"og:url\" content=\"https:\/\/innou.eu\/en\/politica-de-privacidad\/\" \/>\n<meta property=\"og:site_name\" content=\"Innou\" \/>\n<meta property=\"article:modified_time\" content=\"2025-02-24T10:41:30+00:00\" \/>\n<meta name=\"twitter:card\" content=\"summary_large_image\" \/>\n<meta name=\"twitter:label1\" content=\"Estimated reading time\" \/>\n\t<meta name=\"twitter:data1\" content=\"2 minutes\" \/>\n<script type=\"application\/ld+json\" class=\"yoast-schema-graph\">{\"@context\":\"https:\/\/schema.org\",\"@graph\":[{\"@type\":\"WebPage\",\"@id\":\"https:\/\/innou.eu\/politica-de-privacidad\/\",\"url\":\"https:\/\/innou.eu\/politica-de-privacidad\/\",\"name\":\"Politica de Privacidad - Innou\",\"isPartOf\":{\"@id\":\"https:\/\/innou.eu\/#website\"},\"datePublished\":\"2025-02-24T10:40:14+00:00\",\"dateModified\":\"2025-02-24T10:41:30+00:00\",\"breadcrumb\":{\"@id\":\"https:\/\/innou.eu\/politica-de-privacidad\/#breadcrumb\"},\"inLanguage\":\"en-GB\",\"potentialAction\":[{\"@type\":\"ReadAction\",\"target\":[\"https:\/\/innou.eu\/politica-de-privacidad\/\"]}]},{\"@type\":\"BreadcrumbList\",\"@id\":\"https:\/\/innou.eu\/politica-de-privacidad\/#breadcrumb\",\"itemListElement\":[{\"@type\":\"ListItem\",\"position\":1,\"name\":\"Portada\",\"item\":\"https:\/\/innou.eu\/\"},{\"@type\":\"ListItem\",\"position\":2,\"name\":\"Politica de Privacidad\"}]},{\"@type\":\"WebSite\",\"@id\":\"https:\/\/innou.eu\/#website\",\"url\":\"https:\/\/innou.eu\/\",\"name\":\"Innou\",\"description\":\"\",\"potentialAction\":[{\"@type\":\"SearchAction\",\"target\":{\"@type\":\"EntryPoint\",\"urlTemplate\":\"https:\/\/innou.eu\/?s={search_term_string}\"},\"query-input\":{\"@type\":\"PropertyValueSpecification\",\"valueRequired\":true,\"valueName\":\"search_term_string\"}}],\"inLanguage\":\"en-GB\"}]}<\/script>\n<!-- \/ Yoast SEO plugin. -->","yoast_head_json":{"title":"Privacy Policy - Innou","robots":{"index":"index","follow":"follow","max-snippet":"max-snippet:-1","max-image-preview":"max-image-preview:large","max-video-preview":"max-video-preview:-1"},"canonical":"https:\/\/innou.eu\/en\/politica-de-privacidad\/","og_locale":"en_GB","og_type":"article","og_title":"Politica de Privacidad - Innou","og_description":"De conformidad con lo establecido en la normativa vigente en Protecci\u00f3n de Datos de Car\u00e1cter Personal, le informamos que sus datos ser\u00e1n incorporados al sistema de tratamiento titularidad de ANTONI PARERA BUXERES con CIF 52629457Y y domicilio social sito en CARRER NOVELL, 36 08028, BARCELONA, con la finalidad de atender sus consultas. En cumplimiento con&hellip;&nbsp;Politica de Privacidad","og_url":"https:\/\/innou.eu\/en\/politica-de-privacidad\/","og_site_name":"Innou","article_modified_time":"2025-02-24T10:41:30+00:00","twitter_card":"summary_large_image","twitter_misc":{"Estimated reading time":"2 minutes"},"schema":{"@context":"https:\/\/schema.org","@graph":[{"@type":"WebPage","@id":"https:\/\/innou.eu\/politica-de-privacidad\/","url":"https:\/\/innou.eu\/politica-de-privacidad\/","name":"Privacy Policy - Innou","isPartOf":{"@id":"https:\/\/innou.eu\/#website"},"datePublished":"2025-02-24T10:40:14+00:00","dateModified":"2025-02-24T10:41:30+00:00","breadcrumb":{"@id":"https:\/\/innou.eu\/politica-de-privacidad\/#breadcrumb"},"inLanguage":"en-GB","potentialAction":[{"@type":"ReadAction","target":["https:\/\/innou.eu\/politica-de-privacidad\/"]}]},{"@type":"BreadcrumbList","@id":"https:\/\/innou.eu\/politica-de-privacidad\/#breadcrumb","itemListElement":[{"@type":"ListItem","position":1,"name":"Portada","item":"https:\/\/innou.eu\/"},{"@type":"ListItem","position":2,"name":"Politica de Privacidad"}]},{"@type":"WebSite","@id":"https:\/\/innou.eu\/#website","url":"https:\/\/innou.eu\/","name":"Innou","description":"","potentialAction":[{"@type":"SearchAction","target":{"@type":"EntryPoint","urlTemplate":"https:\/\/innou.eu\/?s={search_term_string}"},"query-input":{"@type":"PropertyValueSpecification","valueRequired":true,"valueName":"search_term_string"}}],"inLanguage":"en-GB"}]}},"_links":{"self":[{"href":"https:\/\/innou.eu\/en\/wp-json\/wp\/v2\/pages\/1770","targetHints":{"allow":["GET"]}}],"collection":[{"href":"https:\/\/innou.eu\/en\/wp-json\/wp\/v2\/pages"}],"about":[{"href":"https:\/\/innou.eu\/en\/wp-json\/wp\/v2\/types\/page"}],"author":[{"embeddable":true,"href":"https:\/\/innou.eu\/en\/wp-json\/wp\/v2\/users\/1"}],"replies":[{"embeddable":true,"href":"https:\/\/innou.eu\/en\/wp-json\/wp\/v2\/comments?post=1770"}],"version-history":[{"count":4,"href":"https:\/\/innou.eu\/en\/wp-json\/wp\/v2\/pages\/1770\/revisions"}],"predecessor-version":[{"id":1774,"href":"https:\/\/innou.eu\/en\/wp-json\/wp\/v2\/pages\/1770\/revisions\/1774"}],"wp:attachment":[{"href":"https:\/\/innou.eu\/en\/wp-json\/wp\/v2\/media?parent=1770"}],"curies":[{"name":"wp","href":"https:\/\/api.w.org\/{rel}","templated":true}]}}