{"id":1383,"date":"2024-09-18T11:38:30","date_gmt":"2024-09-18T11:38:30","guid":{"rendered":"https:\/\/innou.eu\/?page_id=1383"},"modified":"2024-09-23T07:36:59","modified_gmt":"2024-09-23T07:36:59","slug":"desarrollo-de-nuevos-productos","status":"publish","type":"page","link":"https:\/\/innou.eu\/en\/desarrollo-de-nuevos-productos\/","title":{"rendered":"New product development"},"content":{"rendered":"<div data-elementor-type=\"wp-page\" data-elementor-id=\"1383\" class=\"elementor elementor-1383\" data-elementor-post-type=\"page\">\n\t\t\t\t<div class=\"elementor-element elementor-element-b20a137 e-flex e-con-boxed e-con e-parent\" data-id=\"b20a137\" data-element_type=\"container\">\n\t\t\t\t\t<div class=\"e-con-inner\">\n\t\t\t\t<div class=\"elementor-element elementor-element-d0f7634 elementor-widget-divider--view-line elementor-widget elementor-widget-divider\" data-id=\"d0f7634\" data-element_type=\"widget\" data-widget_type=\"divider.default\">\n\t\t\t\t<div class=\"elementor-widget-container\">\n\t\t\t\t\t\t\t<div class=\"elementor-divider\">\n\t\t\t<span class=\"elementor-divider-separator\">\n\t\t\t\t\t\t<\/span>\n\t\t<\/div>\n\t\t\t\t\t\t<\/div>\n\t\t\t\t<\/div>\n\t\t\t\t\t<\/div>\n\t\t\t\t<\/div>\n\t\t<div class=\"elementor-element elementor-element-7aa5316 e-flex e-con-boxed e-con e-parent\" data-id=\"7aa5316\" data-element_type=\"container\">\n\t\t\t\t\t<div class=\"e-con-inner\">\n\t\t<div class=\"elementor-element elementor-element-64ebe40 e-con-full e-flex e-con e-child\" data-id=\"64ebe40\" data-element_type=\"container\">\n\t\t\t\t<div class=\"elementor-element elementor-element-84ea613 elementor-widget elementor-widget-image\" data-id=\"84ea613\" data-element_type=\"widget\" data-widget_type=\"image.default\">\n\t\t\t\t<div class=\"elementor-widget-container\">\n\t\t\t\t\t\t\t\t\t\t\t\t\t\t\t<img fetchpriority=\"high\" decoding=\"async\" width=\"800\" height=\"600\" src=\"https:\/\/innou.eu\/wp-content\/uploads\/2024\/08\/full-800x600-1.jpg\" class=\"attachment-large size-large wp-image-1081\" alt=\"\" srcset=\"https:\/\/innou.eu\/wp-content\/uploads\/2024\/08\/full-800x600-1.jpg 800w, https:\/\/innou.eu\/wp-content\/uploads\/2024\/08\/full-800x600-1-300x225.jpg 300w, https:\/\/innou.eu\/wp-content\/uploads\/2024\/08\/full-800x600-1-768x576.jpg 768w\" sizes=\"(max-width: 800px) 100vw, 800px\" \/>\t\t\t\t\t\t\t\t\t\t\t\t\t\t\t<\/div>\n\t\t\t\t<\/div>\n\t\t\t\t<\/div>\n\t\t<div class=\"elementor-element elementor-element-d47e3a6 e-con-full e-flex e-con e-child\" data-id=\"d47e3a6\" data-element_type=\"container\">\n\t\t\t\t<div class=\"elementor-element elementor-element-3e81c8d elementor-widget elementor-widget-heading\" data-id=\"3e81c8d\" data-element_type=\"widget\" data-widget_type=\"heading.default\">\n\t\t\t\t<div class=\"elementor-widget-container\">\n\t\t\t\t\t<h2 class=\"elementor-heading-title elementor-size-default\">Boost your innovation by developing new products with Innou <span style=\"background-color: var(--nv-site-bg);letter-spacing: var(--h2letterspacing)\"><\/span><\/h2>\t\t\t\t<\/div>\n\t\t\t\t<\/div>\n\t\t\t\t<div class=\"elementor-element elementor-element-568b3b7 elementor-widget-divider--view-line elementor-widget elementor-widget-divider\" data-id=\"568b3b7\" data-element_type=\"widget\" data-widget_type=\"divider.default\">\n\t\t\t\t<div class=\"elementor-widget-container\">\n\t\t\t\t\t\t\t<div class=\"elementor-divider\">\n\t\t\t<span class=\"elementor-divider-separator\">\n\t\t\t\t\t\t<\/span>\n\t\t<\/div>\n\t\t\t\t\t\t<\/div>\n\t\t\t\t<\/div>\n\t\t\t\t<div class=\"elementor-element elementor-element-24944a9 elementor-widget elementor-widget-text-editor\" data-id=\"24944a9\" data-element_type=\"widget\" data-widget_type=\"text-editor.default\">\n\t\t\t\t<div class=\"elementor-widget-container\">\n\t\t\t\t\t\t\t\t\t<div><div><p>At Innou, we understand that the<b> new product development<\/b> is a crucial process to maintain competitiveness and respond to market demands. Our team specializes in turning innovative ideas into successful products and we combine deep knowledge in research, design and technology with a flexible methodology aimed at achieving the best results, ensuring that each project not only meets your expectations, but exceeds them.<\/p><h4>Phases of new product development<\/h4><p>Before launching into the design, we analyze the market, trends and user needs. This helps us understand the context in which the product will be launched and identify opportunities for innovation. We evaluate the technical and business requirements to define a detailed brief that will guide the design process. <b>development of new products.<\/b><\/p><\/div><\/div>\t\t\t\t\t\t\t\t<\/div>\n\t\t\t\t<\/div>\n\t\t\t\t<\/div>\n\t\t\t\t\t<\/div>\n\t\t\t\t<\/div>\n\t\t<div class=\"elementor-element elementor-element-78cf57a e-flex e-con-boxed e-con e-parent\" data-id=\"78cf57a\" data-element_type=\"container\">\n\t\t\t\t\t<div class=\"e-con-inner\">\n\t\t<div class=\"elementor-element elementor-element-86b3c0e e-con-full e-flex e-con e-child\" data-id=\"86b3c0e\" data-element_type=\"container\">\n\t\t\t\t<div class=\"elementor-element elementor-element-c4677d3 elementor-widget elementor-widget-text-editor\" data-id=\"c4677d3\" data-element_type=\"widget\" data-widget_type=\"text-editor.default\">\n\t\t\t\t<div class=\"elementor-widget-container\">\n\t\t\t\t\t\t\t\t\t<div class=\"wpb_text_column wpb_content_element\"><div class=\"wpb_wrapper\"><p>The conceptualization phase is where ideas begin to take shape. We generate innovative concepts based on previous research, exploring different shapes, materials and functionalities. We use advanced tools such as 3D design and<b> 3D printing<\/b> to visualize and fine-tune the concepts. We work closely with you to ensure that the design and <b>new product development<\/b> reflect your goals and meet market needs.<\/p><p>Once the concept is approved, we move on to the detailed design phase. Here, the knowledge gained from research and conceptualization is integrated to create a design that is both functional and aesthetically appealing. We use 3D modeling and rapid prototyping techniques to validate the design and make necessary adjustments. This process ensures that the final product is optimized and ready for production.<\/p><p>The next step is product engineering, where we work on the technical details and preparation for manufacturing. We use advanced technologies such as CNC and 3D printing to develop accurate and efficient prototypes. We collaborate with specialized production partners to ensure that the final product meets quality, cost and sustainability standards.<\/p><\/div><\/div>\t\t\t\t\t\t\t\t<\/div>\n\t\t\t\t<\/div>\n\t\t\t\t<\/div>\n\t\t<div class=\"elementor-element elementor-element-b9d9917 e-con-full e-flex e-con e-child\" data-id=\"b9d9917\" data-element_type=\"container\">\n\t\t\t\t<div class=\"elementor-element elementor-element-a3a5d1b elementor-widget elementor-widget-image\" data-id=\"a3a5d1b\" data-element_type=\"widget\" data-widget_type=\"image.default\">\n\t\t\t\t<div class=\"elementor-widget-container\">\n\t\t\t\t\t\t\t\t\t\t\t\t\t\t\t<img decoding=\"async\" width=\"700\" height=\"467\" src=\"https:\/\/innou.eu\/wp-content\/uploads\/2024\/08\/OhBike-2-700x467-1.jpg\" class=\"attachment-large size-large wp-image-966\" alt=\"\" srcset=\"https:\/\/innou.eu\/wp-content\/uploads\/2024\/08\/OhBike-2-700x467-1.jpg 700w, https:\/\/innou.eu\/wp-content\/uploads\/2024\/08\/OhBike-2-700x467-1-300x200.jpg 300w\" sizes=\"(max-width: 700px) 100vw, 700px\" \/>\t\t\t\t\t\t\t\t\t\t\t\t\t\t\t<\/div>\n\t\t\t\t<\/div>\n\t\t\t\t<\/div>\n\t\t\t\t\t<\/div>\n\t\t\t\t<\/div>\n\t\t<div class=\"elementor-element elementor-element-4508fe8 e-flex e-con-boxed e-con e-parent\" data-id=\"4508fe8\" data-element_type=\"container\">\n\t\t\t\t\t<div class=\"e-con-inner\">\n\t\t<div class=\"elementor-element elementor-element-035767c e-con-full e-flex e-con e-child\" data-id=\"035767c\" data-element_type=\"container\">\n\t\t<div class=\"elementor-element elementor-element-58f6c83 e-grid e-con-full e-con e-child\" data-id=\"58f6c83\" data-element_type=\"container\">\n\t\t\t\t<div class=\"elementor-element elementor-element-581ca20 elementor-widget elementor-widget-image\" data-id=\"581ca20\" data-element_type=\"widget\" data-widget_type=\"image.default\">\n\t\t\t\t<div class=\"elementor-widget-container\">\n\t\t\t\t\t\t\t\t\t\t\t\t\t\t\t<img decoding=\"async\" width=\"700\" height=\"700\" src=\"https:\/\/innou.eu\/wp-content\/uploads\/2024\/08\/SanMiguel_beer_web-700x700-1.jpg\" class=\"attachment-full size-full wp-image-903\" alt=\"\" srcset=\"https:\/\/innou.eu\/wp-content\/uploads\/2024\/08\/SanMiguel_beer_web-700x700-1.jpg 700w, https:\/\/innou.eu\/wp-content\/uploads\/2024\/08\/SanMiguel_beer_web-700x700-1-300x300.jpg 300w, https:\/\/innou.eu\/wp-content\/uploads\/2024\/08\/SanMiguel_beer_web-700x700-1-150x150.jpg 150w\" sizes=\"(max-width: 700px) 100vw, 700px\" \/>\t\t\t\t\t\t\t\t\t\t\t\t\t\t\t<\/div>\n\t\t\t\t<\/div>\n\t\t\t\t<div class=\"elementor-element elementor-element-19a4fa3 elementor-widget elementor-widget-image\" data-id=\"19a4fa3\" data-element_type=\"widget\" data-widget_type=\"image.default\">\n\t\t\t\t<div class=\"elementor-widget-container\">\n\t\t\t\t\t\t\t\t\t\t\t\t\t\t\t<img loading=\"lazy\" decoding=\"async\" width=\"700\" height=\"700\" src=\"https:\/\/innou.eu\/wp-content\/uploads\/2024\/08\/Conjunto-700x700-1.jpg\" class=\"attachment-large size-large wp-image-792\" alt=\"\" srcset=\"https:\/\/innou.eu\/wp-content\/uploads\/2024\/08\/Conjunto-700x700-1.jpg 700w, https:\/\/innou.eu\/wp-content\/uploads\/2024\/08\/Conjunto-700x700-1-300x300.jpg 300w, https:\/\/innou.eu\/wp-content\/uploads\/2024\/08\/Conjunto-700x700-1-150x150.jpg 150w\" sizes=\"(max-width: 700px) 100vw, 700px\" \/>\t\t\t\t\t\t\t\t\t\t\t\t\t\t\t<\/div>\n\t\t\t\t<\/div>\n\t\t\t\t<\/div>\n\t\t\t\t<\/div>\n\t\t<div class=\"elementor-element elementor-element-49f1ec1 e-con-full e-flex e-con e-child\" data-id=\"49f1ec1\" data-element_type=\"container\">\n\t\t\t\t<div class=\"elementor-element elementor-element-b82b79b elementor-widget elementor-widget-text-editor\" data-id=\"b82b79b\" data-element_type=\"widget\" data-widget_type=\"text-editor.default\">\n\t\t\t\t<div class=\"elementor-widget-container\">\n\t\t\t\t\t\t\t\t\t<p>At Innou, we pride ourselves on our ability to deliver innovative solutions in the <b>new product development<\/b>We work with a wide range of materials and techniques, adapting to the specific needs of each project. From injection moulding to transformations in complex materials such as carbon fibre and aluminium, we ensure that every aspect of the product is of the highest quality.<\/p><p>To explore how we can transform your idea into an innovative product, through the <b>product development<\/b>, call +34 93 411 9393 or send an email to info@innou.eu. We are ready to boost your next big project and bring it to market successfully.<\/p>\t\t\t\t\t\t\t\t<\/div>\n\t\t\t\t<\/div>\n\t\t\t\t<\/div>\n\t\t\t\t\t<\/div>\n\t\t\t\t<\/div>\n\t\t<div class=\"elementor-element elementor-element-dadba51 e-flex e-con-boxed e-con e-parent\" data-id=\"dadba51\" data-element_type=\"container\" data-settings=\"{&quot;background_background&quot;:&quot;classic&quot;}\">\n\t\t\t\t\t<div class=\"e-con-inner\">\n\t\t<div class=\"elementor-element elementor-element-f9c5634 e-con-full e-flex e-con e-child\" data-id=\"f9c5634\" data-element_type=\"container\">\n\t\t\t\t<div class=\"elementor-element elementor-element-240f880 elementor-widget elementor-widget-heading\" data-id=\"240f880\" data-element_type=\"widget\" data-widget_type=\"heading.default\">\n\t\t\t\t<div class=\"elementor-widget-container\">\n\t\t\t\t\t<h3 class=\"elementor-heading-title elementor-size-default\">Lorem ipsum?<\/h3>\t\t\t\t<\/div>\n\t\t\t\t<\/div>\n\t\t\t\t<div class=\"elementor-element elementor-element-15b6f99 elementor-widget elementor-widget-text-editor\" data-id=\"15b6f99\" data-element_type=\"widget\" data-widget_type=\"text-editor.default\">\n\t\t\t\t<div class=\"elementor-widget-container\">\n\t\t\t\t\t\t\t\t\t<div class=\"wpb_text_column wpb_content_element\"><div class=\"wpb_wrapper\"><p>Lorem fistrum for the glory of my mother esse jarl aliqua take me to the circus. From the meadow ullamco what do you say things are very bad.\u00a0<\/p><\/div><\/div>\t\t\t\t\t\t\t\t<\/div>\n\t\t\t\t<\/div>\n\t\t\t\t<\/div>\n\t\t<div class=\"elementor-element elementor-element-01b3846 e-con-full e-flex e-con e-child\" data-id=\"01b3846\" data-element_type=\"container\">\n\t\t\t\t<div class=\"elementor-element elementor-element-7190170 elementor-button-align-stretch elementor-widget elementor-widget-form\" data-id=\"7190170\" data-element_type=\"widget\" data-settings=\"{&quot;step_next_label&quot;:&quot;Next&quot;,&quot;step_previous_label&quot;:&quot;Previous&quot;,&quot;button_width&quot;:&quot;100&quot;,&quot;step_type&quot;:&quot;number_text&quot;,&quot;step_icon_shape&quot;:&quot;circle&quot;}\" data-widget_type=\"form.default\">\n\t\t\t\t<div class=\"elementor-widget-container\">\n\t\t\t\t\t\t\t<form class=\"elementor-form\" method=\"post\" name=\"New Form\" action=\"\">\n\t\t\t<input type=\"hidden\" name=\"post_id\" value=\"1383\"\/>\n\t\t\t<input type=\"hidden\" name=\"form_id\" value=\"7190170\"\/>\n\t\t\t<input type=\"hidden\" name=\"referer_title\" value=\"Desarrollo de nuevos productos - Innou\" \/>\n\n\t\t\t\t\t\t\t<input type=\"hidden\" name=\"queried_id\" value=\"1383\"\/>\n\t\t\t\n\t\t\t<div class=\"elementor-form-fields-wrapper elementor-labels-\">\n\t\t\t\t\t\t\t\t<div class=\"elementor-field-type-text elementor-field-group elementor-column elementor-field-group-name elementor-col-100 elementor-field-required\">\n\t\t\t\t\t\t\t\t\t\t\t\t<label for=\"form-field-name\" class=\"elementor-field-label elementor-screen-only\">\n\t\t\t\t\t\t\t\tName\t\t\t\t\t\t\t<\/label>\n\t\t\t\t\t\t\t\t\t\t\t\t\t\t<input size=\"1\" type=\"text\" name=\"form_fields[name]\" id=\"form-field-name\" class=\"elementor-field elementor-size-sm  elementor-field-textual\" placeholder=\"Name\" required=\"required\" aria-required=\"true\">\n\t\t\t\t\t\t\t\t\t\t\t<\/div>\n\t\t\t\t\t\t\t\t<div class=\"elementor-field-type-tel elementor-field-group elementor-column elementor-field-group-field_17b7c5b elementor-col-100 elementor-field-required\">\n\t\t\t\t\t\t\t\t\t\t\t\t<label for=\"form-field-field_17b7c5b\" class=\"elementor-field-label elementor-screen-only\">\n\t\t\t\t\t\t\t\tPhone\t\t\t\t\t\t\t<\/label>\n\t\t\t\t\t\t\t\t<input size=\"1\" type=\"tel\" name=\"form_fields[field_17b7c5b]\" id=\"form-field-field_17b7c5b\" class=\"elementor-field elementor-size-sm  elementor-field-textual\" placeholder=\"Phone\" required=\"required\" aria-required=\"true\" pattern=\"[0-9()#&amp;+*-=.]+\" title=\"Only numbers and phone characters (#, -, *, etc) are accepted.\" data-no-translation-title=\"\">\n\n\t\t\t\t\t\t<\/div>\n\t\t\t\t\t\t\t\t<div class=\"elementor-field-type-email elementor-field-group elementor-column elementor-field-group-email elementor-col-100 elementor-field-required\">\n\t\t\t\t\t\t\t\t\t\t\t\t<label for=\"form-field-email\" class=\"elementor-field-label elementor-screen-only\">\n\t\t\t\t\t\t\t\tE-mail\t\t\t\t\t\t\t<\/label>\n\t\t\t\t\t\t\t\t\t\t\t\t\t\t<input size=\"1\" type=\"email\" name=\"form_fields[email]\" id=\"form-field-email\" class=\"elementor-field elementor-size-sm  elementor-field-textual\" placeholder=\"E-mail\" required=\"required\" aria-required=\"true\">\n\t\t\t\t\t\t\t\t\t\t\t<\/div>\n\t\t\t\t\t\t\t\t<div class=\"elementor-field-type-textarea elementor-field-group elementor-column elementor-field-group-message elementor-col-100\">\n\t\t\t\t\t\t\t\t\t\t\t\t<label for=\"form-field-message\" class=\"elementor-field-label elementor-screen-only\">\n\t\t\t\t\t\t\t\tMessage\t\t\t\t\t\t\t<\/label>\n\t\t\t\t\t\t<textarea class=\"elementor-field-textual elementor-field  elementor-size-sm\" name=\"form_fields[message]\" id=\"form-field-message\" rows=\"4\" placeholder=\"Message\"><\/textarea>\t\t\t\t<\/div>\n\t\t\t\t\t\t\t\t<div class=\"elementor-field-type-acceptance elementor-field-group elementor-column elementor-field-group-field_8d6600e elementor-col-100 elementor-field-required\">\n\t\t\t\t\t\t\t<div class=\"elementor-field-subgroup\">\n\t\t\t<span class=\"elementor-field-option\">\n\t\t\t\t<input type=\"checkbox\" name=\"form_fields[field_8d6600e]\" id=\"form-field-field_8d6600e\" class=\"elementor-field elementor-size-sm  elementor-acceptance-field\" required=\"required\" aria-required=\"true\">\n\t\t\t\t<label for=\"form-field-field_8d6600e\">I have read and accept the <a href=\"https:\/\/innou.eu\/en\/politica-de-privacidad\/\">Privacy Policy.<\/a><\/label>\t\t\t<\/span>\n\t\t<\/div>\n\t\t\t\t\t\t<\/div>\n\t\t\t\t\t\t\t\t<div class=\"elementor-field-type-text\">\n\t\t\t\t\t<input size=\"1\" type=\"text\" name=\"form_fields[field_4014ba5]\" id=\"form-field-field_4014ba5\" class=\"elementor-field elementor-size-sm\" style=\"display:none !important;\">\t\t\t\t<\/div>\n\t\t\t\t\t\t\t\t<div class=\"elementor-field-type-recaptcha_v3 elementor-field-group elementor-column elementor-field-group-field_2e070a0 elementor-col-100 recaptcha_v3-bottomleft\">\n\t\t\t\t\t<div class=\"elementor-field\" id=\"form-field-field_2e070a0\"><div class=\"elementor-g-recaptcha\" data-sitekey=\"6LdnPEoqAAAAAMresmfiqh-P3bLhmeD4nCtQO2rg\" data-type=\"v3\" data-action=\"Form\" data-badge=\"bottomleft\" data-size=\"invisible\"><\/div><\/div>\t\t\t\t<\/div>\n\t\t\t\t\t\t\t\t<div class=\"elementor-field-group elementor-column elementor-field-type-submit elementor-col-100 e-form__buttons\">\n\t\t\t\t\t<button class=\"elementor-button elementor-size-sm\" type=\"submit\">\n\t\t\t\t\t\t<span class=\"elementor-button-content-wrapper\">\n\t\t\t\t\t\t\t\t\t\t\t\t\t\t\t\t\t\t\t\t\t\t<span class=\"elementor-button-text\">SEND<\/span>\n\t\t\t\t\t\t\t\t\t\t\t\t\t<\/span>\n\t\t\t\t\t<\/button>\n\t\t\t\t<\/div>\n\t\t\t<\/div>\n\t\t<input type=\"hidden\" name=\"trp-form-language\" value=\"en\"\/><\/form>\n\t\t\t\t\t\t<\/div>\n\t\t\t\t<\/div>\n\t\t\t\t<\/div>\n\t\t\t\t\t<\/div>\n\t\t\t\t<\/div>\n\t\t\t\t<\/div>","protected":false},"excerpt":{"rendered":"<p>Boost your innovation with new product development with Innou. At Innou, we understand that new product development is a crucial process for staying competitive and responding to market demands. Our team specializes in turning innovative ideas into successful products, and we combine deep expertise in research, design, and technology\u2026&nbsp;<a href=\"https:\/\/innou.eu\/en\/desarrollo-de-nuevos-productos\/\" rel=\"bookmark\"><span class=\"screen-reader-text\">New product development<\/span><\/a><\/p>","protected":false},"author":1,"featured_media":0,"parent":0,"menu_order":0,"comment_status":"closed","ping_status":"closed","template":"page-templates\/template-pagebuilder-full-width.php","meta":{"_acf_changed":false,"neve_meta_sidebar":"","neve_meta_container":"","neve_meta_enable_content_width":"off","neve_meta_content_width":100,"neve_meta_title_alignment":"","neve_meta_author_avatar":"","neve_post_elements_order":"","neve_meta_disable_header":"","neve_meta_disable_footer":"","neve_meta_disable_title":"","footnotes":""},"class_list":["post-1383","page","type-page","status-publish","hentry"],"acf":[],"yoast_head":"<!-- This site is optimized with the Yoast SEO plugin v26.7 - https:\/\/yoast.com\/wordpress\/plugins\/seo\/ -->\n<title>Desarrollo de nuevos productos - Innou<\/title>\n<meta name=\"robots\" content=\"index, follow, max-snippet:-1, max-image-preview:large, max-video-preview:-1\" \/>\n<link rel=\"canonical\" href=\"https:\/\/innou.eu\/en\/desarrollo-de-nuevos-productos\/\" \/>\n<meta property=\"og:locale\" content=\"en_GB\" \/>\n<meta property=\"og:type\" content=\"article\" \/>\n<meta property=\"og:title\" content=\"Desarrollo de nuevos productos - Innou\" \/>\n<meta property=\"og:description\" content=\"Impulsa tu innovaci\u00f3n con el desarrollo de nuevos productos con Innou En Innou, entendemos que el desarrollo de nuevos productos es un proceso crucial para mantener la competitividad y responder a las demandas del mercado. Nuestro equipo se especializa en convertir ideas innovadoras en productos exitosos y combinamos conocimientos profundos en investigaci\u00f3n, dise\u00f1o y tecnolog\u00eda&hellip;&nbsp;Desarrollo de nuevos productos\" \/>\n<meta property=\"og:url\" content=\"https:\/\/innou.eu\/en\/desarrollo-de-nuevos-productos\/\" \/>\n<meta property=\"og:site_name\" content=\"Innou\" \/>\n<meta property=\"article:modified_time\" content=\"2024-09-23T07:36:59+00:00\" \/>\n<meta property=\"og:image\" content=\"https:\/\/innou.eu\/wp-content\/uploads\/2024\/08\/full-800x600-1.jpg\" \/>\n<meta name=\"twitter:card\" content=\"summary_large_image\" \/>\n<meta name=\"twitter:label1\" content=\"Estimated reading time\" \/>\n\t<meta name=\"twitter:data1\" content=\"3 minutes\" \/>\n<script type=\"application\/ld+json\" class=\"yoast-schema-graph\">{\"@context\":\"https:\/\/schema.org\",\"@graph\":[{\"@type\":\"WebPage\",\"@id\":\"https:\/\/innou.eu\/desarrollo-de-nuevos-productos\/\",\"url\":\"https:\/\/innou.eu\/desarrollo-de-nuevos-productos\/\",\"name\":\"Desarrollo de nuevos productos - Innou\",\"isPartOf\":{\"@id\":\"https:\/\/innou.eu\/#website\"},\"primaryImageOfPage\":{\"@id\":\"https:\/\/innou.eu\/desarrollo-de-nuevos-productos\/#primaryimage\"},\"image\":{\"@id\":\"https:\/\/innou.eu\/desarrollo-de-nuevos-productos\/#primaryimage\"},\"thumbnailUrl\":\"https:\/\/innou.eu\/wp-content\/uploads\/2024\/08\/full-800x600-1.jpg\",\"datePublished\":\"2024-09-18T11:38:30+00:00\",\"dateModified\":\"2024-09-23T07:36:59+00:00\",\"breadcrumb\":{\"@id\":\"https:\/\/innou.eu\/desarrollo-de-nuevos-productos\/#breadcrumb\"},\"inLanguage\":\"en-GB\",\"potentialAction\":[{\"@type\":\"ReadAction\",\"target\":[\"https:\/\/innou.eu\/desarrollo-de-nuevos-productos\/\"]}]},{\"@type\":\"ImageObject\",\"inLanguage\":\"en-GB\",\"@id\":\"https:\/\/innou.eu\/desarrollo-de-nuevos-productos\/#primaryimage\",\"url\":\"https:\/\/innou.eu\/wp-content\/uploads\/2024\/08\/full-800x600-1.jpg\",\"contentUrl\":\"https:\/\/innou.eu\/wp-content\/uploads\/2024\/08\/full-800x600-1.jpg\"},{\"@type\":\"BreadcrumbList\",\"@id\":\"https:\/\/innou.eu\/desarrollo-de-nuevos-productos\/#breadcrumb\",\"itemListElement\":[{\"@type\":\"ListItem\",\"position\":1,\"name\":\"Portada\",\"item\":\"https:\/\/innou.eu\/\"},{\"@type\":\"ListItem\",\"position\":2,\"name\":\"Desarrollo de nuevos productos\"}]},{\"@type\":\"WebSite\",\"@id\":\"https:\/\/innou.eu\/#website\",\"url\":\"https:\/\/innou.eu\/\",\"name\":\"Innou\",\"description\":\"\",\"potentialAction\":[{\"@type\":\"SearchAction\",\"target\":{\"@type\":\"EntryPoint\",\"urlTemplate\":\"https:\/\/innou.eu\/?s={search_term_string}\"},\"query-input\":{\"@type\":\"PropertyValueSpecification\",\"valueRequired\":true,\"valueName\":\"search_term_string\"}}],\"inLanguage\":\"en-GB\"}]}<\/script>\n<!-- \/ Yoast SEO plugin. -->","yoast_head_json":{"title":"Desarrollo de nuevos productos - Innou","robots":{"index":"index","follow":"follow","max-snippet":"max-snippet:-1","max-image-preview":"max-image-preview:large","max-video-preview":"max-video-preview:-1"},"canonical":"https:\/\/innou.eu\/en\/desarrollo-de-nuevos-productos\/","og_locale":"en_GB","og_type":"article","og_title":"Desarrollo de nuevos productos - Innou","og_description":"Impulsa tu innovaci\u00f3n con el desarrollo de nuevos productos con Innou En Innou, entendemos que el desarrollo de nuevos productos es un proceso crucial para mantener la competitividad y responder a las demandas del mercado. Nuestro equipo se especializa en convertir ideas innovadoras en productos exitosos y combinamos conocimientos profundos en investigaci\u00f3n, dise\u00f1o y tecnolog\u00eda&hellip;&nbsp;Desarrollo de nuevos productos","og_url":"https:\/\/innou.eu\/en\/desarrollo-de-nuevos-productos\/","og_site_name":"Innou","article_modified_time":"2024-09-23T07:36:59+00:00","og_image":[{"url":"https:\/\/innou.eu\/wp-content\/uploads\/2024\/08\/full-800x600-1.jpg","type":"","width":"","height":""}],"twitter_card":"summary_large_image","twitter_misc":{"Estimated reading time":"3 minutes"},"schema":{"@context":"https:\/\/schema.org","@graph":[{"@type":"WebPage","@id":"https:\/\/innou.eu\/desarrollo-de-nuevos-productos\/","url":"https:\/\/innou.eu\/desarrollo-de-nuevos-productos\/","name":"Desarrollo de nuevos productos - Innou","isPartOf":{"@id":"https:\/\/innou.eu\/#website"},"primaryImageOfPage":{"@id":"https:\/\/innou.eu\/desarrollo-de-nuevos-productos\/#primaryimage"},"image":{"@id":"https:\/\/innou.eu\/desarrollo-de-nuevos-productos\/#primaryimage"},"thumbnailUrl":"https:\/\/innou.eu\/wp-content\/uploads\/2024\/08\/full-800x600-1.jpg","datePublished":"2024-09-18T11:38:30+00:00","dateModified":"2024-09-23T07:36:59+00:00","breadcrumb":{"@id":"https:\/\/innou.eu\/desarrollo-de-nuevos-productos\/#breadcrumb"},"inLanguage":"en-GB","potentialAction":[{"@type":"ReadAction","target":["https:\/\/innou.eu\/desarrollo-de-nuevos-productos\/"]}]},{"@type":"ImageObject","inLanguage":"en-GB","@id":"https:\/\/innou.eu\/desarrollo-de-nuevos-productos\/#primaryimage","url":"https:\/\/innou.eu\/wp-content\/uploads\/2024\/08\/full-800x600-1.jpg","contentUrl":"https:\/\/innou.eu\/wp-content\/uploads\/2024\/08\/full-800x600-1.jpg"},{"@type":"BreadcrumbList","@id":"https:\/\/innou.eu\/desarrollo-de-nuevos-productos\/#breadcrumb","itemListElement":[{"@type":"ListItem","position":1,"name":"Portada","item":"https:\/\/innou.eu\/"},{"@type":"ListItem","position":2,"name":"Desarrollo de nuevos productos"}]},{"@type":"WebSite","@id":"https:\/\/innou.eu\/#website","url":"https:\/\/innou.eu\/","name":"Innou","description":"","potentialAction":[{"@type":"SearchAction","target":{"@type":"EntryPoint","urlTemplate":"https:\/\/innou.eu\/?s={search_term_string}"},"query-input":{"@type":"PropertyValueSpecification","valueRequired":true,"valueName":"search_term_string"}}],"inLanguage":"en-GB"}]}},"_links":{"self":[{"href":"https:\/\/innou.eu\/en\/wp-json\/wp\/v2\/pages\/1383","targetHints":{"allow":["GET"]}}],"collection":[{"href":"https:\/\/innou.eu\/en\/wp-json\/wp\/v2\/pages"}],"about":[{"href":"https:\/\/innou.eu\/en\/wp-json\/wp\/v2\/types\/page"}],"author":[{"embeddable":true,"href":"https:\/\/innou.eu\/en\/wp-json\/wp\/v2\/users\/1"}],"replies":[{"embeddable":true,"href":"https:\/\/innou.eu\/en\/wp-json\/wp\/v2\/comments?post=1383"}],"version-history":[{"count":7,"href":"https:\/\/innou.eu\/en\/wp-json\/wp\/v2\/pages\/1383\/revisions"}],"predecessor-version":[{"id":1495,"href":"https:\/\/innou.eu\/en\/wp-json\/wp\/v2\/pages\/1383\/revisions\/1495"}],"wp:attachment":[{"href":"https:\/\/innou.eu\/en\/wp-json\/wp\/v2\/media?parent=1383"}],"curies":[{"name":"wp","href":"https:\/\/api.w.org\/{rel}","templated":true}]}}