{"id":1340,"date":"2024-09-17T08:52:40","date_gmt":"2024-09-17T08:52:40","guid":{"rendered":"https:\/\/innou.eu\/?page_id=1340"},"modified":"2024-09-23T07:43:35","modified_gmt":"2024-09-23T07:43:35","slug":"impresion-3d-en-barcelona","status":"publish","type":"page","link":"https:\/\/innou.eu\/en\/impresion-3d-en-barcelona\/","title":{"rendered":"3D printing in Barcelona"},"content":{"rendered":"<div data-elementor-type=\"wp-page\" data-elementor-id=\"1340\" class=\"elementor elementor-1340\" data-elementor-post-type=\"page\">\n\t\t\t\t<div class=\"elementor-element elementor-element-b20a137 e-flex e-con-boxed e-con e-parent\" data-id=\"b20a137\" data-element_type=\"container\">\n\t\t\t\t\t<div class=\"e-con-inner\">\n\t\t\t\t<div class=\"elementor-element elementor-element-d0f7634 elementor-widget-divider--view-line elementor-widget elementor-widget-divider\" data-id=\"d0f7634\" data-element_type=\"widget\" data-widget_type=\"divider.default\">\n\t\t\t\t<div class=\"elementor-widget-container\">\n\t\t\t\t\t\t\t<div class=\"elementor-divider\">\n\t\t\t<span class=\"elementor-divider-separator\">\n\t\t\t\t\t\t<\/span>\n\t\t<\/div>\n\t\t\t\t\t\t<\/div>\n\t\t\t\t<\/div>\n\t\t\t\t\t<\/div>\n\t\t\t\t<\/div>\n\t\t<div class=\"elementor-element elementor-element-7aa5316 e-flex e-con-boxed e-con e-parent\" data-id=\"7aa5316\" data-element_type=\"container\">\n\t\t\t\t\t<div class=\"e-con-inner\">\n\t\t<div class=\"elementor-element elementor-element-64ebe40 e-con-full e-flex e-con e-child\" data-id=\"64ebe40\" data-element_type=\"container\">\n\t\t\t\t<div class=\"elementor-element elementor-element-84ea613 elementor-widget elementor-widget-image\" data-id=\"84ea613\" data-element_type=\"widget\" data-widget_type=\"image.default\">\n\t\t\t\t<div class=\"elementor-widget-container\">\n\t\t\t\t\t\t\t\t\t\t\t\t\t\t\t<img fetchpriority=\"high\" decoding=\"async\" width=\"800\" height=\"600\" src=\"https:\/\/innou.eu\/wp-content\/uploads\/2024\/08\/IMG_8083-800x600-1.jpg\" class=\"attachment-large size-large wp-image-988\" alt=\"\" srcset=\"https:\/\/innou.eu\/wp-content\/uploads\/2024\/08\/IMG_8083-800x600-1.jpg 800w, https:\/\/innou.eu\/wp-content\/uploads\/2024\/08\/IMG_8083-800x600-1-300x225.jpg 300w, https:\/\/innou.eu\/wp-content\/uploads\/2024\/08\/IMG_8083-800x600-1-768x576.jpg 768w\" sizes=\"(max-width: 800px) 100vw, 800px\" \/>\t\t\t\t\t\t\t\t\t\t\t\t\t\t\t<\/div>\n\t\t\t\t<\/div>\n\t\t\t\t<\/div>\n\t\t<div class=\"elementor-element elementor-element-d47e3a6 e-con-full e-flex e-con e-child\" data-id=\"d47e3a6\" data-element_type=\"container\">\n\t\t\t\t<div class=\"elementor-element elementor-element-3e81c8d elementor-widget elementor-widget-heading\" data-id=\"3e81c8d\" data-element_type=\"widget\" data-widget_type=\"heading.default\">\n\t\t\t\t<div class=\"elementor-widget-container\">\n\t\t\t\t\t<h2 class=\"elementor-heading-title elementor-size-default\">Innou: innovation and precision for creating prototypes for companies<span style=\"background-color: var(--nv-site-bg);letter-spacing: var(--h2letterspacing)\"><\/span><\/h2>\t\t\t\t<\/div>\n\t\t\t\t<\/div>\n\t\t\t\t<div class=\"elementor-element elementor-element-568b3b7 elementor-widget-divider--view-line elementor-widget elementor-widget-divider\" data-id=\"568b3b7\" data-element_type=\"widget\" data-widget_type=\"divider.default\">\n\t\t\t\t<div class=\"elementor-widget-container\">\n\t\t\t\t\t\t\t<div class=\"elementor-divider\">\n\t\t\t<span class=\"elementor-divider-separator\">\n\t\t\t\t\t\t<\/span>\n\t\t<\/div>\n\t\t\t\t\t\t<\/div>\n\t\t\t\t<\/div>\n\t\t\t\t<div class=\"elementor-element elementor-element-24944a9 elementor-widget elementor-widget-text-editor\" data-id=\"24944a9\" data-element_type=\"widget\" data-widget_type=\"text-editor.default\">\n\t\t\t\t<div class=\"elementor-widget-container\">\n\t\t\t\t\t\t\t\t\t<div><div><p>At Innou, we offer a service of <b>3D printing in Barcelona<\/b> and rapid prototyping designed to take your idea from concept to reality efficiently and accurately. With over 20 years of experience in the industry, we provide advanced solutions for product development in various sectors, including industry, architecture and engineering. Our infrastructure and collaboration with companies specialized in large-scale prototypes and short series guarantee results of the highest quality, adapted to your specific needs. In addition, our 3D printing service helps minimize overcosts associated with the creation of molds and the industrialization of products.<\/p><\/div><\/div>\t\t\t\t\t\t\t\t<\/div>\n\t\t\t\t<\/div>\n\t\t\t\t<\/div>\n\t\t\t\t\t<\/div>\n\t\t\t\t<\/div>\n\t\t<div class=\"elementor-element elementor-element-78cf57a e-flex e-con-boxed e-con e-parent\" data-id=\"78cf57a\" data-element_type=\"container\">\n\t\t\t\t\t<div class=\"e-con-inner\">\n\t\t<div class=\"elementor-element elementor-element-86b3c0e e-con-full e-flex e-con e-child\" data-id=\"86b3c0e\" data-element_type=\"container\">\n\t\t\t\t<div class=\"elementor-element elementor-element-9f8b22c elementor-widget elementor-widget-heading\" data-id=\"9f8b22c\" data-element_type=\"widget\" data-widget_type=\"heading.default\">\n\t\t\t\t<div class=\"elementor-widget-container\">\n\t\t\t\t\t<h3 class=\"elementor-heading-title elementor-size-default\">Custom 3D printing services in Barcelona<span style=\"background-color: var(--nv-site-bg);letter-spacing: var(--h3letterspacing)\"><\/span><\/h3>\t\t\t\t<\/div>\n\t\t\t\t<\/div>\n\t\t\t\t<div class=\"elementor-element elementor-element-c7e843b elementor-widget-divider--view-line elementor-widget elementor-widget-divider\" data-id=\"c7e843b\" data-element_type=\"widget\" data-widget_type=\"divider.default\">\n\t\t\t\t<div class=\"elementor-widget-container\">\n\t\t\t\t\t\t\t<div class=\"elementor-divider\">\n\t\t\t<span class=\"elementor-divider-separator\">\n\t\t\t\t\t\t<\/span>\n\t\t<\/div>\n\t\t\t\t\t\t<\/div>\n\t\t\t\t<\/div>\n\t\t\t\t<div class=\"elementor-element elementor-element-c4677d3 elementor-widget elementor-widget-text-editor\" data-id=\"c4677d3\" data-element_type=\"widget\" data-widget_type=\"text-editor.default\">\n\t\t\t\t<div class=\"elementor-widget-container\">\n\t\t\t\t\t\t\t\t\t<div><div><p>At Innou, we understand that every project is unique, which is why we offer a comprehensive and personalized approach to each of our 3D printing services in Barcelona. Our team will accompany you throughout the entire process, from the ideation to the final delivery of the product, so that the end result is impeccable.<\/p><p>Our services include:<\/p><p>3D Model Review: We evaluate the documents provided to ensure that the files are suitable for printing. If you do not have the 3D model, our team can create it for you.<\/p><p>Consulting and pricing: We advise you on the selection of the most suitable printing technology for your project, and provide a detailed quote so you can plan accurately.<\/p><p>3D Printing: We use advanced technologies such as CNC, SLA, SLS and FDM to print your parts as quickly and accurately as possible.<\/p><p>Delivery: We coordinate the delivery of your products according to your specific needs to ensure that you receive your prototypes at the right time.<\/p><\/div><\/div>\t\t\t\t\t\t\t\t<\/div>\n\t\t\t\t<\/div>\n\t\t\t\t<\/div>\n\t\t<div class=\"elementor-element elementor-element-b9d9917 e-con-full e-flex e-con e-child\" data-id=\"b9d9917\" data-element_type=\"container\">\n\t\t\t\t<div class=\"elementor-element elementor-element-a3a5d1b elementor-widget elementor-widget-image\" data-id=\"a3a5d1b\" data-element_type=\"widget\" data-widget_type=\"image.default\">\n\t\t\t\t<div class=\"elementor-widget-container\">\n\t\t\t\t\t\t\t\t\t\t\t\t\t\t\t<img decoding=\"async\" width=\"700\" height=\"467\" src=\"https:\/\/innou.eu\/wp-content\/uploads\/2024\/08\/unnamed-file-700x467-1.jpg\" class=\"attachment-large size-large wp-image-767\" alt=\"\" srcset=\"https:\/\/innou.eu\/wp-content\/uploads\/2024\/08\/unnamed-file-700x467-1.jpg 700w, https:\/\/innou.eu\/wp-content\/uploads\/2024\/08\/unnamed-file-700x467-1-300x200.jpg 300w\" sizes=\"(max-width: 700px) 100vw, 700px\" \/>\t\t\t\t\t\t\t\t\t\t\t\t\t\t\t<\/div>\n\t\t\t\t<\/div>\n\t\t\t\t<\/div>\n\t\t\t\t\t<\/div>\n\t\t\t\t<\/div>\n\t\t<div class=\"elementor-element elementor-element-4508fe8 e-flex e-con-boxed e-con e-parent\" data-id=\"4508fe8\" data-element_type=\"container\">\n\t\t\t\t\t<div class=\"e-con-inner\">\n\t\t<div class=\"elementor-element elementor-element-035767c e-con-full e-flex e-con e-child\" data-id=\"035767c\" data-element_type=\"container\">\n\t\t\t\t<div class=\"elementor-element elementor-element-be5286f elementor-widget elementor-widget-image\" data-id=\"be5286f\" data-element_type=\"widget\" data-widget_type=\"image.default\">\n\t\t\t\t<div class=\"elementor-widget-container\">\n\t\t\t\t\t\t\t\t\t\t\t\t\t\t\t<img decoding=\"async\" width=\"1024\" height=\"683\" src=\"https:\/\/innou.eu\/wp-content\/uploads\/2024\/08\/IMG_4571-1024x683-1.jpg\" class=\"attachment-large size-large wp-image-285\" alt=\"\" srcset=\"https:\/\/innou.eu\/wp-content\/uploads\/2024\/08\/IMG_4571-1024x683-1.jpg 1024w, https:\/\/innou.eu\/wp-content\/uploads\/2024\/08\/IMG_4571-1024x683-1-300x200.jpg 300w, https:\/\/innou.eu\/wp-content\/uploads\/2024\/08\/IMG_4571-1024x683-1-768x512.jpg 768w, https:\/\/innou.eu\/wp-content\/uploads\/2024\/08\/IMG_4571-1024x683-1-930x620.jpg 930w\" sizes=\"(max-width: 1024px) 100vw, 1024px\" \/>\t\t\t\t\t\t\t\t\t\t\t\t\t\t\t<\/div>\n\t\t\t\t<\/div>\n\t\t\t\t<\/div>\n\t\t<div class=\"elementor-element elementor-element-49f1ec1 e-con-full e-flex e-con e-child\" data-id=\"49f1ec1\" data-element_type=\"container\">\n\t\t\t\t<div class=\"elementor-element elementor-element-8bd601b elementor-widget elementor-widget-heading\" data-id=\"8bd601b\" data-element_type=\"widget\" data-widget_type=\"heading.default\">\n\t\t\t\t<div class=\"elementor-widget-container\">\n\t\t\t\t\t<h2 class=\"elementor-heading-title elementor-size-default\">3D printing specialists in Barcelona<span style=\"background-color: var(--nv-site-bg);letter-spacing: var(--h2letterspacing)\"><\/span><\/h2>\t\t\t\t<\/div>\n\t\t\t\t<\/div>\n\t\t\t\t<div class=\"elementor-element elementor-element-efb2025 elementor-widget-divider--view-line elementor-widget elementor-widget-divider\" data-id=\"efb2025\" data-element_type=\"widget\" data-widget_type=\"divider.default\">\n\t\t\t\t<div class=\"elementor-widget-container\">\n\t\t\t\t\t\t\t<div class=\"elementor-divider\">\n\t\t\t<span class=\"elementor-divider-separator\">\n\t\t\t\t\t\t<\/span>\n\t\t<\/div>\n\t\t\t\t\t\t<\/div>\n\t\t\t\t<\/div>\n\t\t\t\t<div class=\"elementor-element elementor-element-b82b79b elementor-widget elementor-widget-text-editor\" data-id=\"b82b79b\" data-element_type=\"widget\" data-widget_type=\"text-editor.default\">\n\t\t\t\t<div class=\"elementor-widget-container\">\n\t\t\t\t\t\t\t\t\t<p>At Innou, we work with cutting-edge tools and high-quality materials, such as fiberglass, carbon fiber and silicone molds, to offer you 3D printing prototyping solutions that meet the highest industry standards. These solutions provide a comprehensive response for companies in many sectors.<\/p><p>For more information and to request a quote, please feel free to contact us. At Innou, we are here to transform your ideas into tangible realities through 3D printing in Barcelona. Contact us today to tell us about your project and explore how we can help you materialize your ideas accurately and efficiently!<\/p>\t\t\t\t\t\t\t\t<\/div>\n\t\t\t\t<\/div>\n\t\t\t\t<\/div>\n\t\t\t\t\t<\/div>\n\t\t\t\t<\/div>\n\t\t<div class=\"elementor-element elementor-element-dadba51 e-flex e-con-boxed e-con e-parent\" data-id=\"dadba51\" data-element_type=\"container\" data-settings=\"{&quot;background_background&quot;:&quot;classic&quot;}\">\n\t\t\t\t\t<div class=\"e-con-inner\">\n\t\t<div class=\"elementor-element elementor-element-f9c5634 e-con-full e-flex e-con e-child\" data-id=\"f9c5634\" data-element_type=\"container\">\n\t\t<div class=\"elementor-element elementor-element-6947578 e-con-full e-flex e-con e-child\" data-id=\"6947578\" data-element_type=\"container\">\n\t\t\t\t<div class=\"elementor-element elementor-element-a978533 elementor-widget elementor-widget-heading\" data-id=\"a978533\" data-element_type=\"widget\" data-widget_type=\"heading.default\">\n\t\t\t\t<div class=\"elementor-widget-container\">\n\t\t\t\t\t<h3 class=\"elementor-heading-title elementor-size-default\">Talk later?<\/h3>\t\t\t\t<\/div>\n\t\t\t\t<\/div>\n\t\t\t\t<div class=\"elementor-element elementor-element-0dc554a elementor-widget elementor-widget-text-editor\" data-id=\"0dc554a\" data-element_type=\"widget\" data-widget_type=\"text-editor.default\">\n\t\t\t\t<div class=\"elementor-widget-container\">\n\t\t\t\t\t\t\t\t\t<div class=\"wpb_text_column wpb_content_element\"><div class=\"wpb_wrapper\"><p>Please fill out the following form and our team will contact you as soon as possible.\u00a0<\/p><\/div><\/div>\t\t\t\t\t\t\t\t<\/div>\n\t\t\t\t<\/div>\n\t\t\t\t<\/div>\n\t\t\t\t<\/div>\n\t\t<div class=\"elementor-element elementor-element-01b3846 e-con-full e-flex e-con e-child\" data-id=\"01b3846\" data-element_type=\"container\">\n\t\t\t\t<div class=\"elementor-element elementor-element-e35f0c4 elementor-button-align-stretch elementor-widget elementor-widget-form\" data-id=\"e35f0c4\" data-element_type=\"widget\" data-settings=\"{&quot;step_next_label&quot;:&quot;Next&quot;,&quot;step_previous_label&quot;:&quot;Previous&quot;,&quot;button_width&quot;:&quot;100&quot;,&quot;step_type&quot;:&quot;number_text&quot;,&quot;step_icon_shape&quot;:&quot;circle&quot;}\" data-widget_type=\"form.default\">\n\t\t\t\t<div class=\"elementor-widget-container\">\n\t\t\t\t\t\t\t<form class=\"elementor-form\" method=\"post\" name=\"New Form\" action=\"\">\n\t\t\t<input type=\"hidden\" name=\"post_id\" value=\"1340\"\/>\n\t\t\t<input type=\"hidden\" name=\"form_id\" value=\"e35f0c4\"\/>\n\t\t\t<input type=\"hidden\" name=\"referer_title\" value=\"Impresi\u00f3n 3D en Barcelona - Innou\" \/>\n\n\t\t\t\t\t\t\t<input type=\"hidden\" name=\"queried_id\" value=\"1340\"\/>\n\t\t\t\n\t\t\t<div class=\"elementor-form-fields-wrapper elementor-labels-\">\n\t\t\t\t\t\t\t\t<div class=\"elementor-field-type-text elementor-field-group elementor-column elementor-field-group-name elementor-col-100 elementor-field-required\">\n\t\t\t\t\t\t\t\t\t\t\t\t<label for=\"form-field-name\" class=\"elementor-field-label elementor-screen-only\">\n\t\t\t\t\t\t\t\tName\t\t\t\t\t\t\t<\/label>\n\t\t\t\t\t\t\t\t\t\t\t\t\t\t<input size=\"1\" type=\"text\" name=\"form_fields[name]\" id=\"form-field-name\" class=\"elementor-field elementor-size-sm  elementor-field-textual\" placeholder=\"Name\" required=\"required\" aria-required=\"true\">\n\t\t\t\t\t\t\t\t\t\t\t<\/div>\n\t\t\t\t\t\t\t\t<div class=\"elementor-field-type-tel elementor-field-group elementor-column elementor-field-group-field_17b7c5b elementor-col-100 elementor-field-required\">\n\t\t\t\t\t\t\t\t\t\t\t\t<label for=\"form-field-field_17b7c5b\" class=\"elementor-field-label elementor-screen-only\">\n\t\t\t\t\t\t\t\tPhone\t\t\t\t\t\t\t<\/label>\n\t\t\t\t\t\t\t\t<input size=\"1\" type=\"tel\" name=\"form_fields[field_17b7c5b]\" id=\"form-field-field_17b7c5b\" class=\"elementor-field elementor-size-sm  elementor-field-textual\" placeholder=\"Phone\" required=\"required\" aria-required=\"true\" pattern=\"[0-9()#&amp;+*-=.]+\" title=\"Only numbers and phone characters (#, -, *, etc) are accepted.\" data-no-translation-title=\"\">\n\n\t\t\t\t\t\t<\/div>\n\t\t\t\t\t\t\t\t<div class=\"elementor-field-type-email elementor-field-group elementor-column elementor-field-group-email elementor-col-100 elementor-field-required\">\n\t\t\t\t\t\t\t\t\t\t\t\t<label for=\"form-field-email\" class=\"elementor-field-label elementor-screen-only\">\n\t\t\t\t\t\t\t\tE-mail\t\t\t\t\t\t\t<\/label>\n\t\t\t\t\t\t\t\t\t\t\t\t\t\t<input size=\"1\" type=\"email\" name=\"form_fields[email]\" id=\"form-field-email\" class=\"elementor-field elementor-size-sm  elementor-field-textual\" placeholder=\"E-mail\" required=\"required\" aria-required=\"true\">\n\t\t\t\t\t\t\t\t\t\t\t<\/div>\n\t\t\t\t\t\t\t\t<div class=\"elementor-field-type-textarea elementor-field-group elementor-column elementor-field-group-message elementor-col-100\">\n\t\t\t\t\t\t\t\t\t\t\t\t<label for=\"form-field-message\" class=\"elementor-field-label elementor-screen-only\">\n\t\t\t\t\t\t\t\tMessage\t\t\t\t\t\t\t<\/label>\n\t\t\t\t\t\t<textarea class=\"elementor-field-textual elementor-field  elementor-size-sm\" name=\"form_fields[message]\" id=\"form-field-message\" rows=\"4\" placeholder=\"Message\"><\/textarea>\t\t\t\t<\/div>\n\t\t\t\t\t\t\t\t<div class=\"elementor-field-type-acceptance elementor-field-group elementor-column elementor-field-group-field_8d6600e elementor-col-100 elementor-field-required\">\n\t\t\t\t\t\t\t<div class=\"elementor-field-subgroup\">\n\t\t\t<span class=\"elementor-field-option\">\n\t\t\t\t<input type=\"checkbox\" name=\"form_fields[field_8d6600e]\" id=\"form-field-field_8d6600e\" class=\"elementor-field elementor-size-sm  elementor-acceptance-field\" required=\"required\" aria-required=\"true\">\n\t\t\t\t<label for=\"form-field-field_8d6600e\">I have read and accept the <a href=\"https:\/\/innou.eu\/en\/politica-de-privacidad\/\">Privacy Policy.<\/a><\/label>\t\t\t<\/span>\n\t\t<\/div>\n\t\t\t\t\t\t<\/div>\n\t\t\t\t\t\t\t\t<div class=\"elementor-field-type-text\">\n\t\t\t\t\t<input size=\"1\" type=\"text\" name=\"form_fields[field_4014ba5]\" id=\"form-field-field_4014ba5\" class=\"elementor-field elementor-size-sm\" style=\"display:none !important;\">\t\t\t\t<\/div>\n\t\t\t\t\t\t\t\t<div class=\"elementor-field-type-recaptcha_v3 elementor-field-group elementor-column elementor-field-group-field_2e070a0 elementor-col-100 recaptcha_v3-bottomleft\">\n\t\t\t\t\t<div class=\"elementor-field\" id=\"form-field-field_2e070a0\"><div class=\"elementor-g-recaptcha\" data-sitekey=\"6LdnPEoqAAAAAMresmfiqh-P3bLhmeD4nCtQO2rg\" data-type=\"v3\" data-action=\"Form\" data-badge=\"bottomleft\" data-size=\"invisible\"><\/div><\/div>\t\t\t\t<\/div>\n\t\t\t\t\t\t\t\t<div class=\"elementor-field-group elementor-column elementor-field-type-submit elementor-col-100 e-form__buttons\">\n\t\t\t\t\t<button class=\"elementor-button elementor-size-sm\" type=\"submit\">\n\t\t\t\t\t\t<span class=\"elementor-button-content-wrapper\">\n\t\t\t\t\t\t\t\t\t\t\t\t\t\t\t\t\t\t\t\t\t\t<span class=\"elementor-button-text\">SEND<\/span>\n\t\t\t\t\t\t\t\t\t\t\t\t\t<\/span>\n\t\t\t\t\t<\/button>\n\t\t\t\t<\/div>\n\t\t\t<\/div>\n\t\t<input type=\"hidden\" name=\"trp-form-language\" value=\"en\"\/><\/form>\n\t\t\t\t\t\t<\/div>\n\t\t\t\t<\/div>\n\t\t\t\t<\/div>\n\t\t\t\t\t<\/div>\n\t\t\t\t<\/div>\n\t\t<div class=\"elementor-element elementor-element-b649de7 e-flex e-con-boxed e-con e-parent\" data-id=\"b649de7\" data-element_type=\"container\">\n\t\t\t\t\t<div class=\"e-con-inner\">\n\t\t\t\t\t<\/div>\n\t\t\t\t<\/div>\n\t\t\t\t<\/div>","protected":false},"excerpt":{"rendered":"<p>Innou; innovaci\u00f3n y precisi\u00f3n para la creaci\u00f3n de prototipos para empresas En Innou, ofrecemos un servicio de impresi\u00f3n 3D en Barcelona y prototipado r\u00e1pido dise\u00f1ado para llevar tu idea del concepto a la realidad de manera eficiente y precisa. Con m\u00e1s de 20 a\u00f1os de experiencia en la industria, proporcionamos soluciones avanzadas para el desarrollo&hellip;&nbsp;<a href=\"https:\/\/innou.eu\/en\/impresion-3d-en-barcelona\/\" rel=\"bookmark\"><span class=\"screen-reader-text\">3D printing in Barcelona<\/span><\/a><\/p>","protected":false},"author":1,"featured_media":0,"parent":0,"menu_order":0,"comment_status":"closed","ping_status":"closed","template":"page-templates\/template-pagebuilder-full-width.php","meta":{"_acf_changed":false,"neve_meta_sidebar":"","neve_meta_container":"","neve_meta_enable_content_width":"off","neve_meta_content_width":100,"neve_meta_title_alignment":"","neve_meta_author_avatar":"","neve_post_elements_order":"","neve_meta_disable_header":"","neve_meta_disable_footer":"","neve_meta_disable_title":"","footnotes":""},"class_list":["post-1340","page","type-page","status-publish","hentry"],"acf":[],"yoast_head":"<!-- This site is optimized with the Yoast SEO plugin v26.7 - https:\/\/yoast.com\/wordpress\/plugins\/seo\/ -->\n<title>Impresi\u00f3n 3D en Barcelona - Innou<\/title>\n<meta name=\"robots\" content=\"index, follow, max-snippet:-1, max-image-preview:large, max-video-preview:-1\" \/>\n<link rel=\"canonical\" href=\"https:\/\/innou.eu\/en\/impresion-3d-en-barcelona\/\" \/>\n<meta property=\"og:locale\" content=\"en_GB\" \/>\n<meta property=\"og:type\" content=\"article\" \/>\n<meta property=\"og:title\" content=\"Impresi\u00f3n 3D en Barcelona - Innou\" \/>\n<meta property=\"og:description\" content=\"Innou; innovaci\u00f3n y precisi\u00f3n para la creaci\u00f3n de prototipos para empresas En Innou, ofrecemos un servicio de impresi\u00f3n 3D en Barcelona y prototipado r\u00e1pido dise\u00f1ado para llevar tu idea del concepto a la realidad de manera eficiente y precisa. Con m\u00e1s de 20 a\u00f1os de experiencia en la industria, proporcionamos soluciones avanzadas para el desarrollo&hellip;&nbsp;Impresi\u00f3n 3D en Barcelona\" \/>\n<meta property=\"og:url\" content=\"https:\/\/innou.eu\/en\/impresion-3d-en-barcelona\/\" \/>\n<meta property=\"og:site_name\" content=\"Innou\" \/>\n<meta property=\"article:modified_time\" content=\"2024-09-23T07:43:35+00:00\" \/>\n<meta property=\"og:image\" content=\"https:\/\/innou.eu\/wp-content\/uploads\/2024\/08\/IMG_8083-800x600-1.jpg\" \/>\n<meta name=\"twitter:card\" content=\"summary_large_image\" \/>\n<meta name=\"twitter:label1\" content=\"Estimated reading time\" \/>\n\t<meta name=\"twitter:data1\" content=\"3 minutes\" \/>\n<script type=\"application\/ld+json\" class=\"yoast-schema-graph\">{\"@context\":\"https:\/\/schema.org\",\"@graph\":[{\"@type\":\"WebPage\",\"@id\":\"https:\/\/innou.eu\/impresion-3d-en-barcelona\/\",\"url\":\"https:\/\/innou.eu\/impresion-3d-en-barcelona\/\",\"name\":\"Impresi\u00f3n 3D en Barcelona - Innou\",\"isPartOf\":{\"@id\":\"https:\/\/innou.eu\/#website\"},\"primaryImageOfPage\":{\"@id\":\"https:\/\/innou.eu\/impresion-3d-en-barcelona\/#primaryimage\"},\"image\":{\"@id\":\"https:\/\/innou.eu\/impresion-3d-en-barcelona\/#primaryimage\"},\"thumbnailUrl\":\"https:\/\/innou.eu\/wp-content\/uploads\/2024\/08\/IMG_8083-800x600-1.jpg\",\"datePublished\":\"2024-09-17T08:52:40+00:00\",\"dateModified\":\"2024-09-23T07:43:35+00:00\",\"breadcrumb\":{\"@id\":\"https:\/\/innou.eu\/impresion-3d-en-barcelona\/#breadcrumb\"},\"inLanguage\":\"en-GB\",\"potentialAction\":[{\"@type\":\"ReadAction\",\"target\":[\"https:\/\/innou.eu\/impresion-3d-en-barcelona\/\"]}]},{\"@type\":\"ImageObject\",\"inLanguage\":\"en-GB\",\"@id\":\"https:\/\/innou.eu\/impresion-3d-en-barcelona\/#primaryimage\",\"url\":\"https:\/\/innou.eu\/wp-content\/uploads\/2024\/08\/IMG_8083-800x600-1.jpg\",\"contentUrl\":\"https:\/\/innou.eu\/wp-content\/uploads\/2024\/08\/IMG_8083-800x600-1.jpg\"},{\"@type\":\"BreadcrumbList\",\"@id\":\"https:\/\/innou.eu\/impresion-3d-en-barcelona\/#breadcrumb\",\"itemListElement\":[{\"@type\":\"ListItem\",\"position\":1,\"name\":\"Portada\",\"item\":\"https:\/\/innou.eu\/\"},{\"@type\":\"ListItem\",\"position\":2,\"name\":\"Impresi\u00f3n 3D en Barcelona\"}]},{\"@type\":\"WebSite\",\"@id\":\"https:\/\/innou.eu\/#website\",\"url\":\"https:\/\/innou.eu\/\",\"name\":\"Innou\",\"description\":\"\",\"potentialAction\":[{\"@type\":\"SearchAction\",\"target\":{\"@type\":\"EntryPoint\",\"urlTemplate\":\"https:\/\/innou.eu\/?s={search_term_string}\"},\"query-input\":{\"@type\":\"PropertyValueSpecification\",\"valueRequired\":true,\"valueName\":\"search_term_string\"}}],\"inLanguage\":\"en-GB\"}]}<\/script>\n<!-- \/ Yoast SEO plugin. -->","yoast_head_json":{"title":"Impresi\u00f3n 3D en Barcelona - Innou","robots":{"index":"index","follow":"follow","max-snippet":"max-snippet:-1","max-image-preview":"max-image-preview:large","max-video-preview":"max-video-preview:-1"},"canonical":"https:\/\/innou.eu\/en\/impresion-3d-en-barcelona\/","og_locale":"en_GB","og_type":"article","og_title":"Impresi\u00f3n 3D en Barcelona - Innou","og_description":"Innou; innovaci\u00f3n y precisi\u00f3n para la creaci\u00f3n de prototipos para empresas En Innou, ofrecemos un servicio de impresi\u00f3n 3D en Barcelona y prototipado r\u00e1pido dise\u00f1ado para llevar tu idea del concepto a la realidad de manera eficiente y precisa. Con m\u00e1s de 20 a\u00f1os de experiencia en la industria, proporcionamos soluciones avanzadas para el desarrollo&hellip;&nbsp;Impresi\u00f3n 3D en Barcelona","og_url":"https:\/\/innou.eu\/en\/impresion-3d-en-barcelona\/","og_site_name":"Innou","article_modified_time":"2024-09-23T07:43:35+00:00","og_image":[{"url":"https:\/\/innou.eu\/wp-content\/uploads\/2024\/08\/IMG_8083-800x600-1.jpg","type":"","width":"","height":""}],"twitter_card":"summary_large_image","twitter_misc":{"Estimated reading time":"3 minutes"},"schema":{"@context":"https:\/\/schema.org","@graph":[{"@type":"WebPage","@id":"https:\/\/innou.eu\/impresion-3d-en-barcelona\/","url":"https:\/\/innou.eu\/impresion-3d-en-barcelona\/","name":"Impresi\u00f3n 3D en Barcelona - Innou","isPartOf":{"@id":"https:\/\/innou.eu\/#website"},"primaryImageOfPage":{"@id":"https:\/\/innou.eu\/impresion-3d-en-barcelona\/#primaryimage"},"image":{"@id":"https:\/\/innou.eu\/impresion-3d-en-barcelona\/#primaryimage"},"thumbnailUrl":"https:\/\/innou.eu\/wp-content\/uploads\/2024\/08\/IMG_8083-800x600-1.jpg","datePublished":"2024-09-17T08:52:40+00:00","dateModified":"2024-09-23T07:43:35+00:00","breadcrumb":{"@id":"https:\/\/innou.eu\/impresion-3d-en-barcelona\/#breadcrumb"},"inLanguage":"en-GB","potentialAction":[{"@type":"ReadAction","target":["https:\/\/innou.eu\/impresion-3d-en-barcelona\/"]}]},{"@type":"ImageObject","inLanguage":"en-GB","@id":"https:\/\/innou.eu\/impresion-3d-en-barcelona\/#primaryimage","url":"https:\/\/innou.eu\/wp-content\/uploads\/2024\/08\/IMG_8083-800x600-1.jpg","contentUrl":"https:\/\/innou.eu\/wp-content\/uploads\/2024\/08\/IMG_8083-800x600-1.jpg"},{"@type":"BreadcrumbList","@id":"https:\/\/innou.eu\/impresion-3d-en-barcelona\/#breadcrumb","itemListElement":[{"@type":"ListItem","position":1,"name":"Portada","item":"https:\/\/innou.eu\/"},{"@type":"ListItem","position":2,"name":"Impresi\u00f3n 3D en Barcelona"}]},{"@type":"WebSite","@id":"https:\/\/innou.eu\/#website","url":"https:\/\/innou.eu\/","name":"Innou","description":"","potentialAction":[{"@type":"SearchAction","target":{"@type":"EntryPoint","urlTemplate":"https:\/\/innou.eu\/?s={search_term_string}"},"query-input":{"@type":"PropertyValueSpecification","valueRequired":true,"valueName":"search_term_string"}}],"inLanguage":"en-GB"}]}},"_links":{"self":[{"href":"https:\/\/innou.eu\/en\/wp-json\/wp\/v2\/pages\/1340","targetHints":{"allow":["GET"]}}],"collection":[{"href":"https:\/\/innou.eu\/en\/wp-json\/wp\/v2\/pages"}],"about":[{"href":"https:\/\/innou.eu\/en\/wp-json\/wp\/v2\/types\/page"}],"author":[{"embeddable":true,"href":"https:\/\/innou.eu\/en\/wp-json\/wp\/v2\/users\/1"}],"replies":[{"embeddable":true,"href":"https:\/\/innou.eu\/en\/wp-json\/wp\/v2\/comments?post=1340"}],"version-history":[{"count":17,"href":"https:\/\/innou.eu\/en\/wp-json\/wp\/v2\/pages\/1340\/revisions"}],"predecessor-version":[{"id":1537,"href":"https:\/\/innou.eu\/en\/wp-json\/wp\/v2\/pages\/1340\/revisions\/1537"}],"wp:attachment":[{"href":"https:\/\/innou.eu\/en\/wp-json\/wp\/v2\/media?parent=1340"}],"curies":[{"name":"wp","href":"https:\/\/api.w.org\/{rel}","templated":true}]}}